{"id":289,"date":"2026-04-20T10:44:55","date_gmt":"2026-04-20T10:44:55","guid":{"rendered":"http:\/\/mf260.techfindme.xyz\/?product=cong-tho"},"modified":"2026-04-20T10:44:55","modified_gmt":"2026-04-20T10:44:55","slug":"cong-tho","status":"publish","type":"product","link":"https:\/\/mf260.techfindme.xyz\/?product=cong-tho","title":{"rendered":"C\u00f4ng th\u1ee3"},"content":{"rendered":"<p>Chi ph\u00ed nh\u00e2n c\u00f4ng \u0111\u1ec3 h\u1ed7 tr\u1ee3 t\u1ea1i nh\u00e0<\/p>\n","protected":false},"excerpt":{"rendered":"<p>Chi ph\u00ed nh\u00e2n c\u00f4ng \u0111\u1ec3 h\u1ed7 tr\u1ee3 t\u1ea1i nh\u00e0<\/p>\n","protected":false},"featured_media":290,"comment_status":"open","ping_status":"closed","template":"","meta":[],"product_brand":[],"product_cat":[45],"product_tag":[],"class_list":{"0":"post-289","1":"product","2":"type-product","3":"status-publish","4":"has-post-thumbnail","6":"product_cat-iclean-import","8":"first","9":"instock","10":"shipping-taxable","11":"purchasable","12":"product-type-simple"},"_links":{"self":[{"href":"https:\/\/mf260.techfindme.xyz\/index.php?rest_route=\/wp\/v2\/product\/289","targetHints":{"allow":["GET"]}}],"collection":[{"href":"https:\/\/mf260.techfindme.xyz\/index.php?rest_route=\/wp\/v2\/product"}],"about":[{"href":"https:\/\/mf260.techfindme.xyz\/index.php?rest_route=\/wp\/v2\/types\/product"}],"replies":[{"embeddable":true,"href":"https:\/\/mf260.techfindme.xyz\/index.php?rest_route=%2Fwp%2Fv2%2Fcomments&post=289"}],"wp:featuredmedia":[{"embeddable":true,"href":"https:\/\/mf260.techfindme.xyz\/index.php?rest_route=\/wp\/v2\/media\/290"}],"wp:attachment":[{"href":"https:\/\/mf260.techfindme.xyz\/index.php?rest_route=%2Fwp%2Fv2%2Fmedia&parent=289"}],"wp:term":[{"taxonomy":"product_brand","embeddable":true,"href":"https:\/\/mf260.techfindme.xyz\/index.php?rest_route=%2Fwp%2Fv2%2Fproduct_brand&post=289"},{"taxonomy":"product_cat","embeddable":true,"href":"https:\/\/mf260.techfindme.xyz\/index.php?rest_route=%2Fwp%2Fv2%2Fproduct_cat&post=289"},{"taxonomy":"product_tag","embeddable":true,"href":"https:\/\/mf260.techfindme.xyz\/index.php?rest_route=%2Fwp%2Fv2%2Fproduct_tag&post=289"}],"curies":[{"name":"wp","href":"https:\/\/api.w.org\/{rel}","templated":true}]}}