{"id":287,"date":"2026-04-20T10:44:55","date_gmt":"2026-04-20T10:44:55","guid":{"rendered":"http:\/\/mf260.techfindme.xyz\/?product=cot-loc-tong-composite-1054-iclean"},"modified":"2026-04-20T10:44:55","modified_gmt":"2026-04-20T10:44:55","slug":"cot-loc-tong-composite-1054-iclean","status":"publish","type":"product","link":"https:\/\/mf260.techfindme.xyz\/?product=cot-loc-tong-composite-1054-iclean","title":{"rendered":"C\u1ed9t l\u1ecdc t\u1ed5ng composite 1054 iClean"},"content":{"rendered":"<ul>\n<li>\n<h2>C\u1ed9t l\u1ecdc n\u01b0\u1edbc composite l\u00e0 g\u00ec ?<\/h2>\n<p>V\u1eadt li\u1ec7u composite l\u00e0 v\u1eadt li\u1ec7u t\u1ed5ng h\u1ee3p t\u1eeb hai hay nhi\u1ec1u v\u1eadt li\u1ec7u kh\u00e1c nhau t\u1ea1o n\u00ean nh\u1eefng v\u1eadt li\u1ec7u m\u1edbi c\u00f3 t\u00ednh n\u0103ng h\u01a1n h\u1eb3n v\u1eadt li\u1ec7u ban \u0111\u1ea7u, n\u00f3 \u0111\u01b0\u1ee3c c\u1ea5u t\u1ea1o g\u1ed3m th\u00e0nh ph\u1ea7n c\u1ed1t v\u00e0 ph\u1ea7n v\u1eadt li\u1ec7u n\u1ec1n. &nbsp;<\/p>\n<\/li>\n<li><strong>Ph\u1ea7n c\u1ed1t<\/strong>: \u0111\u01b0\u1ee3c l\u00e0m b\u1eb1ng s\u1ee3i th\u1ee7y tinh, s\u1ee3i Bazan, s\u1ee3i h\u1eefu c\u01a1, s\u1ee3i cacbon, s\u1ee3i Bor, s\u1ee3i Cacbua Silic, s\u1ee3i kim lo\u1ea1i, s\u1ee3i ng\u1eafn v\u00e0 c\u00e1c h\u1ea1t ph\u00e2n t\u00e1n, c\u1ed1t v\u1ea3i.<\/li>\n<li><strong>Ph\u1ea7n v\u1eadt li\u1ec7u n\u1ec1n<\/strong>: ch\u1ea5t li\u1ec7u n\u1ec1n polime nhi\u1ec7t r\u1eafn, ch\u1ea5t li\u1ec7u n\u1ec1n polime nhi\u1ec7t d\u1ebbo, ch\u1ea5t li\u1ec7u n\u1ec1n Cacbon.<\/li>\n<li>\n<p>C\u1ed9t l\u1ecdc composite trong h\u1ec7 th\u1ed1ng x\u1eed l\u00fd n\u01b0\u1edbc \u0111\u01b0\u1ee3c s\u1ea3n xu\u1ea5t theo c\u00f4ng ngh\u1ec7 qu\u1ea5n, \u0111an xen c\u00e1c l\u1edbp v\u1edbi nhau (ph\u1ea7n c\u1ed1t v\u00e0 ph\u1ea7n n\u1ec1n v\u1eadt li\u1ec7u), t\u1ea1o th\u00e0nh kh\u1ed1i d\u1ea1ng h\u00ecnh tr\u1ee5. Ch\u1ee9c n\u0103ng ch\u00ednh c\u1ee7a c\u1ed9t l\u1ecdc n\u01b0\u1edbc composite l\u00e0 ch\u1ee9a c\u00e1c v\u1eadt li\u1ec7u l\u1ecdc n\u01b0\u1edbc nh\u01b0: than ho\u1ea1t t\u00ednh, h\u1ea1t birm, &nbsp;h\u1ea1t cation, c\u00e1t mangan, c\u00e1t th\u1ea1ch anh,&#8230;<\/p>\n<h2>\u01afu \u0111i\u1ec3m c\u1ed9t l\u1ecdc n\u01b0\u1edbc composite&nbsp;<\/h2>\n<\/li>\n<li>&nbsp;\u0110\u1ed9 b\u1ec1n cao, ch\u1ed1ng \u0103n m\u00f2n<\/li>\n<li>&nbsp;Kh\u00f4ng g\u1ec9 s\u00e9t v\u00ec th\u00e0nh ph\u1ea7n c\u1ea5u t\u1ea1o kh\u00f4ng d\u00f9ng kim lo\u1ea1i<\/li>\n<li>&nbsp;Kh\u1ea3 n\u0103ng ch\u1ecbu nhi\u1ec7t t\u1ed1t<\/li>\n<li>&nbsp;Tr\u1ecdng l\u01b0\u1ee3ng nh\u1eb9, h\u00ecnh d\u00e1ng nh\u1ecf g\u1ecdn d\u1ec5 v\u1eadn chuy\u1ec3n<\/li>\n<li>&nbsp;B\u1ec1 m\u1eb7t ngo\u00e0i tr\u01a1n b\u00f3ng, \u00edt b\u00e1m b\u1ee5i v\u00ec v\u1eady v\u1ec7 sinh b\u00ecnh r\u1ea5t d\u1ec5 d\u00e0ng<\/li>\n<li>\n<h2>\u0110\u1eb7c t\u00ednh c\u1ee7a c\u1ed9t composite l\u00e0:<\/h2>\n<\/li>\n<li>Kh\u1ea3 n\u0103ng ch\u1ecbu \u0103n m\u00f2n cao<\/li>\n<li>\u0110\u1eb7c t\u00ednh l\u01b0u th\u00f4ng t\u1ed1t: b\u1ec1 m\u1eb7t nh\u1eb5n b\u00f3ng<\/li>\n<li>T\u00ednh ch\u1ecbu nhi\u1ec7t cao t\u1eeb: \u2013 400C \u0111\u1ebfn +1200C<\/li>\n<li>Ch\u1ecbu \u00e1p l\u1ef1c cao<\/li>\n<li>\u0110\u1ed9 b\u1ec1n cao: \u0110\u01b0\u1ee3c s\u1ea3n xu\u1ea5t theo c\u00f4ng ngh\u1ec7 qu\u1ea5n, \u0111an xen c\u00e1c l\u1edbp v\u1edbi nhau<\/li>\n<li>C\u00e1ch nhi\u1ec7t, c\u00e1ch \u0111i\u1ec7n: nh\u1ef1a kh\u00f4ng d\u1eabn \u0111i\u1ec7n v\u00e0 truy\u1ec1n nhi\u1ec7t k\u00e9m<\/li>\n<li>Kh\u1ed1i l\u01b0\u1ee3ng nh\u1eb9: Ch\u1ec9 b\u1eb1ng \u00bc kh\u1ed1i l\u01b0\u1ee3ng c\u1ee7a \u1ed1ng kim lo\u1ea1i<\/li>\n<li>\u00cdt t\u1ed1n k\u00e9m chi ph\u00ed duy tu, b\u1ea3o d\u01b0\u1ee1ng: Kh\u00f4ng b\u1ecb han g\u1ec9 trong m\u1ecdi h\u00f3a ch\u1ea5t, kh\u00f4ng b\u1ecb m\u00e0i m\u00f2n trong t\u1ef1 nhi\u00ean c\u0169ng nh\u01b0 trong qu\u00e1 tr\u00ecnh s\u1eed d\u1ee5ng, b\u1ec1 m\u1eb7t \u1ed1ng nh\u1eb5n, kh\u00f4ng b\u1ecb sinh v\u1eadt v\u00e0 c\u00e1c ch\u1ea5t b\u1ea9n b\u00e1m v\u00e0o n\u00ean chi ph\u00ed b\u1ea3o d\u01b0\u1ee1ng r\u1ea5t th\u1ea5p<\/li>\n<li>Ph\u00f9 h\u1ee3p v\u1edbi m\u1ecdi \u0111\u1ecba h\u00ecnh: B\u00ean trong v\u00e0 b\u00ean ngo\u00e0i \u1ed1ng \u0111\u01b0\u1ee3c ph\u1ee7 l\u1edbp polyester c\u00f3 t\u00e1c d\u1ee5ng ch\u1ed1ng th\u1ea9m th\u1ea5u, \u0103n m\u00f2n v\u00e0 s\u1ef1 x\u00e2m nh\u1eadp c\u1ee7a c\u00e1c ch\u1ea5t trong thi\u00ean nhi\u00ean, s\u1eed d\u1ee5ng r\u1ea5t hi\u1ec7u qu\u1ea3 trong c\u00e1c m\u00f4i tr\u01b0\u1eddng nhi\u1ec5m ph\u00e8n, m\u1eb7n, n\u01b0\u1edbc l\u1ee3, n\u01b0\u1edbc ki\u1ec1m\u2026.<\/li>\n<li>\n<p>&nbsp;<\/p>\n<h2>\u1ee8ng d\u1ee5ng c\u1ee7a c\u1ed9t&nbsp; composite trong c\u00e1c h\u1ec7 th\u1ed1ng l\u1ecdc<\/h2>\n<h3><a href=\"https:\/\/famy.vn\/danh-muc-san-pham\/he-thong-loc-tong-loc-nuoc-dau-nguon\">1. H\u1ec7 th\u1ed1ng l\u1ecdc t\u1ed5ng sinh ho\u1ea1t<\/a><\/h3>\n<p>&nbsp;<\/p>\n<\/li>\n<li>\u1ee8ng d\u1ee5ng quan tr\u1ecdng ph\u1ea3i k\u1ebf \u0111\u1ebfn c\u1ee7a c\u1ed9t composite l\u00e0 h\u1ec7 th\u1ed1ng l\u1ecdc n\u01b0\u1edbc t\u1ed5ng sinh ho\u1ea1t gia \u0111\u00ecnh v\u00e0 h\u1ec7 th\u1ed1ng l\u1ecdc n\u01b0\u1edbc c\u00f4ng nghi\u1ec7p cho c\u00e1c c\u00f4ng ty, x\u00ed nghi\u1ec7p c\u00f3 quy m\u00f4 v\u1eeba v\u00e0 l\u1edbn. C\u1ed9t composite s\u1eed d\u1ee5ng h\u1ec7 th\u1ed1ng van 3 ng\u1ea3 c\u1ef1c k\u1ef3 c\u01a1 \u0111\u1ed9ng trong vi\u1ec7c x\u00fac x\u1ea3 \u0111\u1ecbnh k\u1ef3 c\u1ee7a b\u1ed9 l\u1ecdc. C\u1ed9t composite c\u00f3 th\u1ec3 s\u1eed d\u1ee5ng nh\u01b0 l\u00e0 m\u1ed9t b\u1ed9 l\u1ecdc th\u00f4 \u0111\u1ea7u ngu\u1ed3n cho n\u01b0\u1edbc m\u00e1y v\u00ec kh\u1ea3 n\u0103ng ch\u1ecbu \u00e1p cao.<\/li>\n<li>C\u1ed9t composite v\u1edbi \u01b0u \u0111i\u1ec3m nhi\u1ec1u model k\u00ednh th\u01b0\u1edbc kh\u00e1c nhau t\u1eeb nh\u1ecf \u0111\u1ebfn l\u1edbn n\u00ean trong l\u0129nh v\u1ef1c l\u1ecdc t\u1ed5ng c\u00f4ng nghi\u1ec7p cho nh\u00e0 m\u00e1y c\u00f4ng ty l\u1edbn hay cho ao nu\u00f4i t\u00f4m \u0111\u1ec1u \u0111\u01b0\u1ee3c.<\/li>\n<li>H\u1ec7 th\u1ed1ng van c\u1ee7a c\u1ed9t composite \u0111\u01b0\u1ee3c t\u00edch h\u1ee3p nhi\u1ec1u d\u1ea1ng nh\u01b0 van c\u01a1,&nbsp;<a href=\"https:\/\/famy.vn\/san-pham\/Auto-Van\">van auto<\/a>&nbsp;th\u00edch h\u1ee3p cho c\u00e1c c\u00f4ng tr\u00ecnh \u0111\u00f2i h\u1ecfi t\u1ef1 \u0111\u1ed9ng h\u00f3a cao.<\/li>\n<li>\n<h3>2. C\u1ed9t l\u1ecdc th\u00f4 trong&nbsp;<a href=\"https:\/\/famy.vn\/danh-muc-san-pham\/loc-nuoc-gieng-khoan\">h\u1ec7 th\u1ed1ng m\u00e1y l\u1ecdc n\u01b0\u1edbc m\u1eb7n n\u01b0\u1edbc l\u1ee3<\/a><\/h3>\n<\/li>\n<li>V\u1edbi m\u1ed9t h\u1ec7 th\u1ed1ng l\u1ecdc n\u01b0\u1edbc m\u1eb7n, l\u1ee3 hi\u1ec7n nay th\u00ec&nbsp;<strong>c\u1ed9t composite<\/strong>&nbsp;kh\u00f4ng th\u1ec3 thi\u1ebfu. Tai sao m\u00ecnh kh\u00f4ng s\u1eed d\u1ee5ng 2 lo\u1ea1i c\u1ed9t kh\u00e1c l\u00e0 c\u1ed9t l\u1ecdc n\u01b0\u1edbc nh\u1ef1a v\u00e0 inox trong h\u1ec7 th\u1ed1ng l\u1ecdc n\u01b0\u1edbc m\u1eb7n. l\u1ee3 hi\u1ec7n nay?<\/li>\n<li>B\u1edfi v\u00ec \u0111\u1eb7c t\u00ednh tr\u1ee5&nbsp;l\u1ecdc&nbsp;inox l\u00e0 kh\u00f4ng ch\u1ecbu \u0111\u01b0\u1ee3c n\u01b0\u1edbc l\u1ee3 n\u01b0\u1edbc b\u1ecb mu\u1ed1i, tuy r\u1eb1ng tr\u1ee5&nbsp;l\u1ecdc inox ch\u1ecbu \u00e1p c\u0169ng kh\u00e1 t\u1ed1t nh\u01b0ng kh\u00f4ng s\u1eed d\u1ee5ng \u0111\u01b0\u1ee3c, C\u00f2n c\u1ed9t l\u1ecdc n\u01b0\u1edbc&nbsp;nh\u1ef1a pvc l\u1ea1i ng\u01b0\u1ee3c l\u1ea1i, tr\u1ee5 nh\u1ef1a c\u00f3 kh\u1ea3 n\u1eb7ng ch\u1ecbu m\u1eb7n l\u1ee3 \u0111\u01b0\u1ee3c tuy nhi\u00ean kh\u1ea3 n\u0103ng ch\u1ecbu \u00e1p k\u00e9m.<em>&nbsp;C\u1ed9t l\u1ecdc n\u01b0\u1edbc composite<\/em>&nbsp;l\u1ea5p \u0111\u1ea7y 2 nh\u01b0\u1ee3c \u0111i\u1ec3m c\u1ee7a tr\u1ee5 nh\u1ef1a v\u00e0 inox c\u1ed9ng l\u1ea1i. Ch\u00ednh v\u00ec th\u1ebf, c\u1ed9t l\u1ecdc n\u01b0\u1edbc composite l\u00e0 l\u1ef1a ch\u1ecdn ho\u00e0n h\u1ea3o v\u00e0 l\u00e0 thi\u1ebft b\u1ecb kh\u00f4ng th\u1ec3 thi\u1ebfu trong h\u1ec7 th\u1ed1ng l\u1ecdc n\u01b0\u1edbc m\u1eb7n, n\u01b0\u1edbc l\u1ee3 hi\u1ec7n nay.&nbsp;<\/li>\n<li>\n<p>C\u00e1c h\u1ec7 th\u1ed1ng l\u1ecdc n\u01b0\u1edbc c\u1ee7a h\u1ed9 gia \u0111\u00ecnh, c\u0103n h\u1ed9, khu c\u00f4ng nghi\u1ec7p:<\/p>\n<\/li>\n<\/ul>\n","protected":false},"excerpt":{"rendered":"<p>C\u1ed9t l\u1ecdc n\u01b0\u1edbc composite l\u00e0 g\u00ec ? V\u1eadt li\u1ec7u composite l\u00e0 v\u1eadt li\u1ec7u t\u1ed5ng h\u1ee3p t\u1eeb hai hay nhi\u1ec1u v\u1eadt li\u1ec7u kh\u00e1c nhau t\u1ea1o n\u00ean nh\u1eefng v\u1eadt li\u1ec7u m\u1edbi c\u00f3 t\u00ednh n\u0103ng h\u01a1n h\u1eb3n v\u1eadt li\u1ec7u ban \u0111\u1ea7u, n\u00f3 \u0111\u01b0\u1ee3c c\u1ea5u t\u1ea1o g\u1ed3m th\u00e0nh ph\u1ea7n c\u1ed1t v\u00e0 ph\u1ea7n v\u1eadt li\u1ec7u n\u1ec1n. &nbsp; Ph\u1ea7n c\u1ed1t: \u0111\u01b0\u1ee3c [&hellip;]<\/p>\n","protected":false},"featured_media":288,"comment_status":"open","ping_status":"closed","template":"","meta":[],"product_brand":[],"product_cat":[45],"product_tag":[],"class_list":{"0":"post-287","1":"product","2":"type-product","3":"status-publish","4":"has-post-thumbnail","6":"product_cat-iclean-import","8":"first","9":"instock","10":"shipping-taxable","11":"purchasable","12":"product-type-simple"},"_links":{"self":[{"href":"https:\/\/mf260.techfindme.xyz\/index.php?rest_route=\/wp\/v2\/product\/287","targetHints":{"allow":["GET"]}}],"collection":[{"href":"https:\/\/mf260.techfindme.xyz\/index.php?rest_route=\/wp\/v2\/product"}],"about":[{"href":"https:\/\/mf260.techfindme.xyz\/index.php?rest_route=\/wp\/v2\/types\/product"}],"replies":[{"embeddable":true,"href":"https:\/\/mf260.techfindme.xyz\/index.php?rest_route=%2Fwp%2Fv2%2Fcomments&post=287"}],"wp:featuredmedia":[{"embeddable":true,"href":"https:\/\/mf260.techfindme.xyz\/index.php?rest_route=\/wp\/v2\/media\/288"}],"wp:attachment":[{"href":"https:\/\/mf260.techfindme.xyz\/index.php?rest_route=%2Fwp%2Fv2%2Fmedia&parent=287"}],"wp:term":[{"taxonomy":"product_brand","embeddable":true,"href":"https:\/\/mf260.techfindme.xyz\/index.php?rest_route=%2Fwp%2Fv2%2Fproduct_brand&post=287"},{"taxonomy":"product_cat","embeddable":true,"href":"https:\/\/mf260.techfindme.xyz\/index.php?rest_route=%2Fwp%2Fv2%2Fproduct_cat&post=287"},{"taxonomy":"product_tag","embeddable":true,"href":"https:\/\/mf260.techfindme.xyz\/index.php?rest_route=%2Fwp%2Fv2%2Fproduct_tag&post=287"}],"curies":[{"name":"wp","href":"https:\/\/api.w.org\/{rel}","templated":true}]}}