{"id":279,"date":"2026-04-20T10:44:49","date_gmt":"2026-04-20T10:44:49","guid":{"rendered":"http:\/\/mf260.techfindme.xyz\/?product=may-loc-nuoc-ro-ic-home-tu-3d-ban-do"},"modified":"2026-04-20T10:44:49","modified_gmt":"2026-04-20T10:44:49","slug":"may-loc-nuoc-ro-ic-home-tu-3d-ban-do","status":"publish","type":"product","link":"https:\/\/mf260.techfindme.xyz\/?product=may-loc-nuoc-ro-ic-home-tu-3d-ban-do","title":{"rendered":"M\u00e1y l\u1ecdc n\u01b0\u1edbc  2 ch\u1ee9c n\u0103ng L\u1ea1nh &#8211; Ngu\u1ed9i iClean ICS07"},"content":{"rendered":"<p><strong>Model ICS07:&nbsp;M\u00e1y l\u1ecdc n\u01b0\u1edbc 2 ch\u1ee9c n\u0103ng L\u1ea1nh &#8211; Ngu\u1ed9i ICS07<\/strong><\/p>\n<p>&nbsp;<\/p>\n<table border=\"1\" cellpadding=\"0\" cellspacing=\"0\">\n<tbody>\n<tr>\n<td><strong>Model<\/strong><\/td>\n<td>ICS07<\/td>\n<\/tr>\n<tr>\n<td>S\u1ed1 c\u1ea5p l\u1ecdc<\/td>\n<td>8 c\u1ea5p<\/td>\n<\/tr>\n<tr>\n<td>T\u1ee7<\/td>\n<td>&nbsp;T\u1ee7 c\u01b0\u1eddng l\u1ef1c<\/td>\n<\/tr>\n<tr>\n<td>L\u00f5i PP 10&#8243; 1 micromet<\/td>\n<td>x<\/td>\n<\/tr>\n<tr>\n<td>L\u00f5i PP 10&#8243; 5 micromet<\/td>\n<td>x<\/td>\n<\/tr>\n<tr>\n<td>L\u00f5i CTO 10&#8243; than anthracite<\/td>\n<td>&#8211;<\/td>\n<\/tr>\n<tr>\n<td>L\u00f5i CTO d\u1ea1ng k\u00edn<\/td>\n<td>&#8211;<\/td>\n<\/tr>\n<tr>\n<td>L\u00f5i OCB than ho\u1ea1t t\u00ednh g\u00e1o d\u1eeba 10&#8243;<\/td>\n<td>x<\/td>\n<\/tr>\n<tr>\n<td>L\u00f5i Cation C100E 10&#8243; d\u1ea1ng k\u00edn<\/td>\n<td>&nbsp;<\/td>\n<\/tr>\n<tr>\n<td>M\u00e0ng RO IClean 30L<\/td>\n<td>x<\/td>\n<\/tr>\n<tr>\n<td>L\u00f5i T33 than ho\u1ea1t t\u00ednh g\u00e1o d\u1eeba &#8211; d\u1ea1ng n\u00e9n<\/td>\n<td>x<\/td>\n<\/tr>\n<tr>\n<td>L\u00f5i T33 than ho\u1ea1t t\u00ednh g\u00e1o d\u1eeba &#8211; d\u1ea1ng h\u1ea1t<\/td>\n<td>x<\/td>\n<\/tr>\n<tr>\n<td>V\u00f2i<\/td>\n<td>1&nbsp;<strong>1<\/strong><\/td>\n<\/tr>\n<tr>\n<td>C\u1ee7 xoay<\/td>\n<td>&#8211;<\/td>\n<\/tr>\n<tr>\n<td>B\u00ecnh n\u00f3ng<\/td>\n<td>&#8211;<\/td>\n<\/tr>\n<tr>\n<td>B\u00ecnh l\u1ea1nh<\/td>\n<td>&#8211;<\/td>\n<\/tr>\n<tr>\n<td>Block<\/td>\n<td>&#8211;<\/td>\n<\/tr>\n<tr>\n<td><span style=\"font-size:14px;\"><span style=\"font-family:&quot;Times New Roman&quot;\"><span style=\"font-family:'Times New Roman'\">C\u00f3 b\u1ea3ng \u0111i\u1ec7n \u0111\u1ed3ng h\u1ed3+ 2 c\u00f4ng t\u1eafc xoay<\/span><\/span><\/span><\/td>\n<td>&#8211;<\/td>\n<\/tr>\n<tr>\n<td>T\u1ef1 \u0111\u1ed9ng s\u1ee5c r\u1eeda m\u00e0ng RO<\/td>\n<td>&#8211;<\/td>\n<\/tr>\n<tr>\n<td>N\u00f3ng<\/td>\n<td>&#8211;<\/td>\n<\/tr>\n<tr>\n<td>Ngu\u1ed9i<\/td>\n<td>x<\/td>\n<\/tr>\n<tr>\n<td>L\u1ea1nh<\/td>\n<td>&#8211;<\/td>\n<\/tr>\n<tr>\n<td>\u0110i\u1ec7n \u00e1p v\u00e0o Adaptor<\/td>\n<td>220 V<\/td>\n<\/tr>\n<tr>\n<td>\u0110i\u1ec7n \u00e1p ra Adaptor<\/td>\n<td>24 V &#8211; 1,5 A<\/td>\n<\/tr>\n<tr>\n<td>\u00c1p l\u1ef1c b\u01a1m RO t\u1ed1i \u0111a<\/td>\n<td>130 psi<\/td>\n<\/tr>\n<tr>\n<td>L\u01b0u l\u01b0\u1ee3ng b\u01a1m RO t\u1ed1i \u0111a<\/td>\n<td>2,25 L\/ph\u00fat<\/td>\n<\/tr>\n<tr>\n<td>C\u00f4ng su\u1ea5t l\u1ecdc<\/td>\n<td>30 L\/gi\u1edd<\/td>\n<\/tr>\n<tr>\n<td>Dung t\u00edch b\u00ecnh \u00e1p<\/td>\n<td>8 L<\/td>\n<\/tr>\n<tr>\n<td>\u00c1p l\u1ef1c b\u00ecnh \u00e1p<\/td>\n<td>T\u1ed1i \u0111a: 100 psi | Khi ho\u1ea1t \u0111\u1ed9ng: 15 &#8211; 25 psi<\/td>\n<\/tr>\n<tr>\n<td>C\u00f4ng t\u1eafc \u00e1p th\u1ea5p<\/td>\n<td>T\u1ef1 ng\u1eaft \u0111i\u1ec7n khi kh\u00f4ng c\u1ea5p n\u01b0\u1edbc | T\u1ef1 \u0111\u00f3ng khi \u00e1p l\u1ef1c n\u01b0\u1edbc c\u1ea5p &gt;5 psi<\/td>\n<\/tr>\n<tr>\n<td>C\u00f4ng t\u1eafc \u00e1p cao<\/td>\n<td>T\u1ef1 ng\u1eaft \u0111i\u1ec7n khi b\u00ecnh \u00e1p \u0111\u1ea7y n\u01b0\u1edbc<\/td>\n<\/tr>\n<tr>\n<td>Van \u0111i\u1ec7n t\u1eeb<\/td>\n<td>\u0110i\u1ec7n \u00e1p v\u00e0o: 24 V &#8211; 250 mA | \u00c1p l\u1ef1c t\u1ed1i \u0111a: 120 psi<\/td>\n<\/tr>\n<tr>\n<td>Linh ki\u1ec7n<\/td>\n<td>\n<p>Linh ki\u1ec7n nh\u1eadp kh\u1ea9u \u0110\u00e0i Loan, Trung Qu\u1ed1c, M\u1ef9 v\u00e0 mua, s\u1ea3n xu\u1ea5t trong n\u01b0\u1edbc.<\/p>\n<\/td>\n<\/tr>\n<tr>\n<td>\u0110\u01a1n v\u1ecb l\u1eafp r\u00e1p, s\u1ea3n xu\u1ea5t v\u00e0 ph\u00e2n ph\u1ed1i<\/td>\n<td>C\u00d4NG TY TNHH \u0110\u1ea6U T\u01af V\u00c0 D\u1ecaCH V\u1ee4 PH\u00da L\u00c2M<\/td>\n<\/tr>\n<tr>\n<td>\u0110\u1ecba ch\u1ec9\/ website\/ SDT\/ Hotline<\/td>\n<td>\n<p>389 Tr\u01b0\u01a1ng \u0110\u1ecbnh, ph\u01b0\u1eddng T\u00e2n Mai, qu\u1eadn Ho\u00e0ng Mai, Th\u00e0nh ph\u1ed1 H\u00e0 N\u1ed9i<\/p>\n<p>S\u0110T: 024 3505 505<\/p>\n<p>Email: phulamdevelop@gmail.com<\/p>\n<p>Website: www.iclean.vn<\/p>\n<p>Hotline: 0888884550<\/p>\n<\/td>\n<\/tr>\n<\/tbody>\n<\/table>\n","protected":false},"excerpt":{"rendered":"<p>Model ICS07:&nbsp;M\u00e1y l\u1ecdc n\u01b0\u1edbc 2 ch\u1ee9c n\u0103ng L\u1ea1nh &#8211; Ngu\u1ed9i ICS07 &nbsp; Model ICS07 S\u1ed1 c\u1ea5p l\u1ecdc 8 c\u1ea5p T\u1ee7 &nbsp;T\u1ee7 c\u01b0\u1eddng l\u1ef1c L\u00f5i PP 10&#8243; 1 micromet x L\u00f5i PP 10&#8243; 5 micromet x L\u00f5i CTO 10&#8243; than anthracite &#8211; L\u00f5i CTO d\u1ea1ng k\u00edn &#8211; L\u00f5i OCB than ho\u1ea1t t\u00ednh g\u00e1o d\u1eeba 10&#8243; x [&hellip;]<\/p>\n","protected":false},"featured_media":280,"comment_status":"open","ping_status":"closed","template":"","meta":[],"product_brand":[],"product_cat":[45],"product_tag":[],"class_list":{"0":"post-279","1":"product","2":"type-product","3":"status-publish","4":"has-post-thumbnail","6":"product_cat-iclean-import","8":"first","9":"instock","10":"shipping-taxable","11":"purchasable","12":"product-type-simple"},"_links":{"self":[{"href":"https:\/\/mf260.techfindme.xyz\/index.php?rest_route=\/wp\/v2\/product\/279","targetHints":{"allow":["GET"]}}],"collection":[{"href":"https:\/\/mf260.techfindme.xyz\/index.php?rest_route=\/wp\/v2\/product"}],"about":[{"href":"https:\/\/mf260.techfindme.xyz\/index.php?rest_route=\/wp\/v2\/types\/product"}],"replies":[{"embeddable":true,"href":"https:\/\/mf260.techfindme.xyz\/index.php?rest_route=%2Fwp%2Fv2%2Fcomments&post=279"}],"wp:featuredmedia":[{"embeddable":true,"href":"https:\/\/mf260.techfindme.xyz\/index.php?rest_route=\/wp\/v2\/media\/280"}],"wp:attachment":[{"href":"https:\/\/mf260.techfindme.xyz\/index.php?rest_route=%2Fwp%2Fv2%2Fmedia&parent=279"}],"wp:term":[{"taxonomy":"product_brand","embeddable":true,"href":"https:\/\/mf260.techfindme.xyz\/index.php?rest_route=%2Fwp%2Fv2%2Fproduct_brand&post=279"},{"taxonomy":"product_cat","embeddable":true,"href":"https:\/\/mf260.techfindme.xyz\/index.php?rest_route=%2Fwp%2Fv2%2Fproduct_cat&post=279"},{"taxonomy":"product_tag","embeddable":true,"href":"https:\/\/mf260.techfindme.xyz\/index.php?rest_route=%2Fwp%2Fv2%2Fproduct_tag&post=279"}],"curies":[{"name":"wp","href":"https:\/\/api.w.org\/{rel}","templated":true}]}}