{"id":235,"date":"2026-04-20T10:44:13","date_gmt":"2026-04-20T10:44:13","guid":{"rendered":"http:\/\/mf260.techfindme.xyz\/?product=bom-tang-ap-iclean-123"},"modified":"2026-04-20T10:44:13","modified_gmt":"2026-04-20T10:44:13","slug":"bom-tang-ap-iclean-123","status":"publish","type":"product","link":"https:\/\/mf260.techfindme.xyz\/?product=bom-tang-ap-iclean-123","title":{"rendered":"B\u01a1m t\u0103ng \u00e1p iClean"},"content":{"rendered":"<h2><span style=\"font-size:16px;\"><span style=\"font-family:Tahoma,Geneva,sans-serif;\"><span style=\"font-weight:bold\"><strong><span style=\"background:white\"><span style=\"color:#222222\">B\u01a1m t\u0103ng \u00e1p cho m\u00e1y l\u1ecdc n\u01b0\u1edbc l\u00e0 g\u00ec?<\/span><\/span><\/strong><\/span><\/span><\/span><\/h2>\n<p style=\"text-align:start; -webkit-text-stroke-width:0px\"><span style=\"font-size:16px;\"><span style=\"font-family:Tahoma,Geneva,sans-serif;\"><strong style=\"box-sizing:border-box\"><span style=\"background:white\"><span style=\"color:#666666\"><span style=\"box-sizing:border-box\"><a href=\"https:\/\/locnuoc.store\/?product_cat=0&amp;s=b%C6%A1m+t%C4%83ng+%C3%A1p&amp;post_type=product&amp;et_search=true\" style=\"box-sizing:border-box; text-decoration-skip-ink:none; cursor:pointer; color:var(--et_link-color); transition:all 0.2s ease-out 0s; text-decoration:underline\"><span style=\"line-height:var(--p-line-height,1.6)\"><span style=\"font-variant-ligatures:normal\"><span style=\"font-variant-caps:normal\"><span style=\"orphans:2\"><span style=\"widows:2\"><span style=\"text-decoration-thickness:initial\"><span style=\"text-decoration-style:initial\"><span style=\"text-decoration-color:initial\"><span style=\"word-spacing:0px\">B\u01a1m t\u0103ng \u00e1p cho m\u00e1y l\u1ecdc n\u01b0\u1edbc<\/span><\/span><\/span><\/span><\/span><\/span><\/span><\/span><\/span><\/a><\/span><\/span><\/span><\/strong><span style=\"background:white\"><span style=\"color:#666666\">&nbsp;(hay c\u00f2n g\u1ecdi l\u00e0&nbsp;<strong style=\"box-sizing:border-box\">b\u01a1m m\u00e1y l\u1ecdc n\u01b0\u1edbc<\/strong>) l\u00e0 lo\u1ea1i b\u01a1m cho m\u00e1y l\u1ecdc n\u01b0\u1edbc RO khi l\u1ef1c b\u01a1m \u1edf m\u00e1y b\u1ecb y\u1ebfu \u0111i, cho n\u01b0\u1edbc ra ch\u1eadm v\u00e0 kh\u00f4ng \u1ed5n \u0111\u1ecbnh.<\/span><\/span><\/span><\/span><br \/>\n&nbsp;<\/p>\n<h3><span style=\"font-size:16px;\"><span style=\"font-family:Tahoma,Geneva,sans-serif;\"><span style=\"font-weight:bold\"><strong><span style=\"background:white\"><span style=\"color:#222222\">Vai tr\u00f2 v\u00e0 c\u1ea5u t\u1ea1o c\u1ee7a m\u00e1y b\u01a1m t\u0103ng \u00e1p cho m\u00e1y l\u1ecdc n\u01b0\u1edbc<\/span><\/span><\/strong><\/span><\/span><\/span><\/h3>\n<p style=\"text-align:start; -webkit-text-stroke-width:0px\"><span style=\"font-size:16px;\"><span style=\"font-family:Tahoma,Geneva,sans-serif;\"><span style=\"background:white\"><span style=\"color:#666666\"><span style=\"box-sizing:border-box\"><span style=\"line-height:var(--p-line-height,1.6)\"><span style=\"font-variant-ligatures:normal\"><span style=\"font-variant-caps:normal\"><span style=\"orphans:2\"><span style=\"widows:2\"><span style=\"text-decoration-thickness:initial\"><span style=\"text-decoration-style:initial\"><span style=\"text-decoration-color:initial\"><span style=\"word-spacing:0px\">\u0110\u00e2y l\u00e0 m\u1ed9t trong nh\u1eefng linh ki\u1ec7n quan tr\u1ecdng chuy\u00ean \u0111\u01b0\u1ee3c s\u1eed d\u1ee5ng m\u00e1y l\u1ecdc n\u01b0\u1edbc RO gia \u0111\u00ecnh, \u0111i\u1ec1u ti\u1ebft l\u01b0\u1ee3ng n\u01b0\u1edbc h\u00fat v\u00e0o, v\u1eeba \u0111\u1ea9y n\u01b0\u1edbc qua c\u00e1c l\u00f5i l\u1ecdc c\u1ee7a m\u00e1y. \u0110\u1eb7c bi\u1ec7t t\u1ea1o \u00e1p l\u1ef1c l\u1edbn \u0111\u1ea9y n\u01b0\u1edbc qua m\u00e0ng l\u1ecdc th\u1ea9m th\u1ea5u ng\u01b0\u1ee3c, t\u1ea1o ra ngu\u1ed3n n\u01b0\u1edbc s\u1ea1ch, tinh khi\u1ebft c\u00f3 th\u1ec3 u\u1ed1ng tr\u1ef1c ti\u1ebfp t\u1ea1i v\u00f2i. <\/span><\/span><\/span><\/span><\/span><\/span><\/span><\/span><\/span><\/span><\/span><\/span><\/span><\/span><\/p>\n<p style=\"text-align:start; -webkit-text-stroke-width:0px\"><span style=\"font-size:16px;\"><span style=\"font-family:Tahoma,Geneva,sans-serif;\"><span style=\"background:white\"><span style=\"color:#666666\"><span style=\"box-sizing:border-box\"><span style=\"line-height:var(--p-line-height,1.6)\"><span style=\"font-variant-ligatures:normal\"><span style=\"font-variant-caps:normal\"><span style=\"orphans:2\"><span style=\"widows:2\"><span style=\"text-decoration-thickness:initial\"><span style=\"text-decoration-style:initial\"><span style=\"text-decoration-color:initial\"><span style=\"word-spacing:0px\">B\u01a1m t\u0103ng \u00e1p m\u00e1y l\u1ecdc n\u01b0\u1edbc ch\u00ednh h\u00e3ng s\u1ebd ch\u1ea1y \u00eam, v\u1eadn h\u00e0nh \u0111\u1ed9ng c\u01a1 b\u1ec1n b\u1ec9, tu\u1ed5i th\u1ecd cao, kh\u00f4ng t\u1ea1o ra ti\u1ebfng \u1ed3n khi ho\u1ea1t \u0111\u1ed9ng<\/span><\/span><\/span><\/span><\/span><\/span><\/span><\/span><\/span><\/span><\/span><\/span><\/span><\/span><\/p>\n<p><span style=\"font-size:16px;\"><span style=\"font-family:Tahoma,Geneva,sans-serif;\"><span style=\"background:white\"><span style=\"color:#666666\">V\u1edbi thi\u1ebft k\u1ebf nh\u1ecf g\u1ecdn, b\u01a1m t\u0103ng \u00e1p m\u00e1y l\u1ecdc n\u01b0\u1edbc ph\u00f9 h\u1ee3p v\u1edbi nh\u1eefng n\u01a1i nh\u1ecf h\u1eb9p, kh\u00f4ng qu\u00e1 nhi\u1ec1u di\u1ec7n t\u00edch trong kh\u00f4ng gian. Ngu\u1ed3n \u0111i\u1ec7n s\u1eed d\u1ee5ng c\u1ee7a m\u00e1y b\u01a1m t\u0103ng \u00e1p RO th\u00f4ng qua adapter c\u1ee7a ngu\u1ed3n.<\/span><\/span><\/span><\/span><\/p>\n<h3><span style=\"font-size:16px;\"><span style=\"font-family:Tahoma,Geneva,sans-serif;\"><span style=\"background:white\"><span style=\"color:#666666\"><span style=\"box-sizing:border-box\"><span style=\"line-height:var(--p-line-height,1.6)\"><span style=\"font-variant-ligatures:normal\"><span style=\"font-variant-caps:normal\"><span style=\"orphans:2\"><span style=\"widows:2\"><span style=\"text-decoration-thickness:initial\"><span style=\"text-decoration-style:initial\"><span style=\"text-decoration-color:initial\"><span style=\"word-spacing:0px\">Th\u00f4ng s\u1ed1 k\u1ef9 thu\u1eadt:<\/span><\/span><\/span><\/span><\/span><\/span><\/span><\/span><\/span><\/span><\/span><\/span><\/span><\/span><\/h3>\n<ul>\n<li><span style=\"font-size:16px;\"><span style=\"font-family:Tahoma,Geneva,sans-serif;\"><span style=\"line-height:normal\"><span style=\"background:white\"><span style=\"color:#666666\">C\u00f4ng su\u1ea5t: 26W\/h<\/span><\/span><\/span><\/span><\/span><\/li>\n<li><span style=\"font-size:16px;\"><span style=\"font-family:Tahoma,Geneva,sans-serif;\"><span style=\"line-height:normal\"><span style=\"background:white\"><span style=\"color:#666666\">\u0110i\u1ec7n \u00e1p v\u00e0o: 24V<\/span><\/span><\/span><\/span><\/span><\/li>\n<li><span style=\"font-size:16px;\"><span style=\"font-family:Tahoma,Geneva,sans-serif;\"><span style=\"line-height:normal\"><span style=\"background:white\"><span style=\"color:#666666\">Xu\u1ea5t x\u1ee9: \u0110\u00e0i Loan<\/span><\/span><\/span><\/span><\/span><\/li>\n<li><span style=\"font-size:16px;\"><span style=\"font-family:Tahoma,Geneva,sans-serif;\"><span style=\"line-height:normal\"><span style=\"background:white\"><span style=\"color:#666666\">M\u00e3 s\u1ea3n ph\u1ea9m : <\/span><\/span><span lang=\"VI\" style=\"background:white\"><span style=\"color:#666666\">8369<\/span><\/span><\/span><\/span><\/span><\/li>\n<li><span style=\"font-size:16px;\"><span style=\"font-family:Tahoma,Geneva,sans-serif;\"><span style=\"line-height:normal\"><span style=\"background:white\"><span style=\"color:#666666\">S\u1eed d\u1ee5ng : D\u00e0nh cho m\u00e1y l\u1ecdc n\u01b0\u1edbc<\/span><\/span><\/span><\/span><\/span><\/li>\n<li><span style=\"font-size:16px;\"><span style=\"font-family:Tahoma,Geneva,sans-serif;\"><span style=\"line-height:normal\"><span style=\"background:white\"><span style=\"color:#666666\">Th\u1eddi gian b\u1ea3o h\u00e0nh : 12 th\u00e1ng b\u1edfi <\/span><\/span><span lang=\"VI\" style=\"background:white\"><span style=\"color:#666666\">iClean<\/span><\/span><\/span><\/span><\/span><\/li>\n<\/ul>\n","protected":false},"excerpt":{"rendered":"<p>B\u01a1m t\u0103ng \u00e1p cho m\u00e1y l\u1ecdc n\u01b0\u1edbc l\u00e0 g\u00ec? B\u01a1m t\u0103ng \u00e1p cho m\u00e1y l\u1ecdc n\u01b0\u1edbc&nbsp;(hay c\u00f2n g\u1ecdi l\u00e0&nbsp;b\u01a1m m\u00e1y l\u1ecdc n\u01b0\u1edbc) l\u00e0 lo\u1ea1i b\u01a1m cho m\u00e1y l\u1ecdc n\u01b0\u1edbc RO khi l\u1ef1c b\u01a1m \u1edf m\u00e1y b\u1ecb y\u1ebfu \u0111i, cho n\u01b0\u1edbc ra ch\u1eadm v\u00e0 kh\u00f4ng \u1ed5n \u0111\u1ecbnh. &nbsp; Vai tr\u00f2 v\u00e0 c\u1ea5u t\u1ea1o c\u1ee7a m\u00e1y b\u01a1m [&hellip;]<\/p>\n","protected":false},"featured_media":236,"comment_status":"open","ping_status":"closed","template":"","meta":[],"product_brand":[],"product_cat":[45],"product_tag":[],"class_list":{"0":"post-235","1":"product","2":"type-product","3":"status-publish","4":"has-post-thumbnail","6":"product_cat-iclean-import","8":"first","9":"instock","10":"shipping-taxable","11":"purchasable","12":"product-type-simple"},"_links":{"self":[{"href":"https:\/\/mf260.techfindme.xyz\/index.php?rest_route=\/wp\/v2\/product\/235","targetHints":{"allow":["GET"]}}],"collection":[{"href":"https:\/\/mf260.techfindme.xyz\/index.php?rest_route=\/wp\/v2\/product"}],"about":[{"href":"https:\/\/mf260.techfindme.xyz\/index.php?rest_route=\/wp\/v2\/types\/product"}],"replies":[{"embeddable":true,"href":"https:\/\/mf260.techfindme.xyz\/index.php?rest_route=%2Fwp%2Fv2%2Fcomments&post=235"}],"wp:featuredmedia":[{"embeddable":true,"href":"https:\/\/mf260.techfindme.xyz\/index.php?rest_route=\/wp\/v2\/media\/236"}],"wp:attachment":[{"href":"https:\/\/mf260.techfindme.xyz\/index.php?rest_route=%2Fwp%2Fv2%2Fmedia&parent=235"}],"wp:term":[{"taxonomy":"product_brand","embeddable":true,"href":"https:\/\/mf260.techfindme.xyz\/index.php?rest_route=%2Fwp%2Fv2%2Fproduct_brand&post=235"},{"taxonomy":"product_cat","embeddable":true,"href":"https:\/\/mf260.techfindme.xyz\/index.php?rest_route=%2Fwp%2Fv2%2Fproduct_cat&post=235"},{"taxonomy":"product_tag","embeddable":true,"href":"https:\/\/mf260.techfindme.xyz\/index.php?rest_route=%2Fwp%2Fv2%2Fproduct_tag&post=235"}],"curies":[{"name":"wp","href":"https:\/\/api.w.org\/{rel}","templated":true}]}}