{"id":225,"date":"2026-04-20T10:44:09","date_gmt":"2026-04-20T10:44:09","guid":{"rendered":"http:\/\/mf260.techfindme.xyz\/?product=mang-ro-75-gdp-full-box-loc-20l-gio"},"modified":"2026-04-20T10:44:09","modified_gmt":"2026-04-20T10:44:09","slug":"mang-ro-75-gdp-full-box-loc-20l-gio","status":"publish","type":"product","link":"https:\/\/mf260.techfindme.xyz\/?product=mang-ro-75-gdp-full-box-loc-20l-gio","title":{"rendered":"M\u00e0ng RO 75 GDP full box nguy\u00ean seal ( L\u1ecdc 20L\/ gi\u1edd)"},"content":{"rendered":"<p><span style=\"font-size:11pt\"><span style=\"background:white\"><span style=\"line-height:150%\"><span style=\"font-family:Calibri,sans-serif\"><span style=\"font-size:12.0pt\"><span style=\"line-height:150%\"><span style=\"font-family:&quot;Times New Roman&quot;,serif\"><span style=\"color:black\">M\u00e0ng RO 75 GDP <\/span><\/span><\/span><\/span><span lang=\"VI\" style=\"font-size:12.0pt\"><span style=\"line-height:150%\"><span style=\"font-family:&quot;Times New Roman&quot;,serif\"><span style=\"color:black\">ph\u00e2n ph\u1ed1i ch\u00ednh h\u00e3ng t\u1eeb iClean<\/span><\/span><\/span><\/span> <span lang=\"VI\" style=\"font-size:12.0pt\"><span style=\"line-height:150%\"><span style=\"font-family:&quot;Times New Roman&quot;,serif\"><span style=\"color:black\">c\u00f3 c\u00f4ng su\u1ea5t l\u1ecdc t\u1ed1i \u0111a 20L\/h<\/span><\/span><\/span><\/span><span style=\"font-size:12.0pt\"><span style=\"line-height:150%\"><span style=\"font-family:&quot;Times New Roman&quot;,serif\"><span style=\"color:black\">, v\u1edbi k\u00edch th\u01b0\u1edbc khe h\u1edf si\u00eau nh\u1ecf 0,0001 micron c\u00f3 kh\u1ea3 n\u0103ng lo\u1ea1i b\u1ecf \u0111\u1ebfn 99.99% c\u00e1c lo\u1ea1i t\u1ea1p ch\u1ea5t, virus, vi khu\u1ea9n, asen, amip, c\u00e1c ion kim lo\u1ea1i, thu\u1ed1c tr\u1eeb s\u00e2u, kim lo\u1ea1i n\u1eb7ng, c\u00e1c ch\u1ea5t \u0111\u1ed9c h\u1ea1i\u2026 cho ngu\u1ed3n n\u01b0\u1edbc l\u1ecdc tinh khi\u1ebft. V\u00ec v\u1eady khi l\u1eafp \u0111\u1eb7t trong m\u00e1y l\u1ecdc n\u01b0\u1edbc m\u00e0ng RO gi\u1eef ch\u1ee9c n\u0103ng l\u1ecdc quan tr\u1ecdng nh\u1ea5t, n\u01b0\u1edbc sau m\u00e0ng RO c\u00f3 th\u1ec3 u\u1ed1ng \u0111\u01b0\u1ee3c m\u00e0 kh\u00f4ng c\u1ea7n \u0111un s\u00f4i, \u0111\u1ea1t ti\u00eau chu\u1ea9n n\u01b0\u1edbc u\u1ed1ng c\u1ee7a&nbsp;<b>B\u1ed9 Y T\u1ebf quy \u0111\u1ecbnh (QCVN 6-1:2010\/BYT)<\/b><\/span><\/span><\/span><\/span><\/span><\/span><\/span><\/span><\/p>\n<p><span style=\"font-size:11pt\"><span style=\"background:white\"><span style=\"line-height:150%\"><span style=\"font-family:Calibri,sans-serif\"><span style=\"font-size:12.0pt\"><span style=\"line-height:150%\"><span style=\"font-family:&quot;Times New Roman&quot;,serif\"><span style=\"color:black\">M\u00e0ng l\u1ecdc c\u00f3 tu\u1ed5i th\u1ecd t\u1ed1i \u0111a l\u00ean \u0111\u1ebfn 99.000 l\u00edt n\u01b0\u1edbc t\u01b0\u01a1ng \u0111\u01b0\u01a1ng 2-3 n\u0103m, t\u00f9y v\u00e0o m\u1ee9c \u0111\u1ed9 s\u1eed d\u1ee5ng v\u00e0 ch\u1ea5t l\u01b0\u1ee3ng ngu\u1ed3n n\u01b0\u1edbc.<\/span><\/span><\/span><\/span><\/span><\/span><\/span><\/span><\/p>\n<p><span style=\"font-size:11pt\"><span style=\"background:white\"><span style=\"line-height:150%\"><span style=\"font-family:Calibri,sans-serif\"><span style=\"font-size:12.0pt\"><span style=\"line-height:150%\"><span style=\"font-family:&quot;Times New Roman&quot;,serif\"><span style=\"color:black\">M\u00e0ng l\u1ecdc RO 75 GDP<\/span><\/span><\/span><\/span><span style=\"font-size:12.0pt\"><span style=\"line-height:150%\"><span style=\"font-family:&quot;Times New Roman&quot;,serif\"><span style=\"color:black\"> th\u01b0\u01a1ng hi\u1ec7u iClean<\/span><\/span><\/span><\/span> <span style=\"font-size:12.0pt\"><span style=\"line-height:150%\"><span style=\"font-family:&quot;Times New Roman&quot;,serif\"><span style=\"color:black\">co\u0301 th\u00ea\u0309 l\u0103\u0301p cho&nbsp;c\u00e1c&nbsp;<b>m\u00e1y l\u1ecdc n\u01b0\u1edbc RO<\/b><\/span><\/span><\/span><\/span><b><span style=\"font-size:12.0pt\"><span style=\"line-height:150%\"><span style=\"font-family:&quot;Times New Roman&quot;,serif\"><span style=\"color:black\"> iClean,<\/span><\/span><\/span><\/span><\/b><b><span style=\"font-size:12.0pt\"><span style=\"line-height:150%\"><span style=\"font-family:&quot;Times New Roman&quot;,serif\"><span style=\"color:black\"> Kangaroo<\/span><\/span><\/span><\/span><\/b><span style=\"font-size:12.0pt\"><span style=\"line-height:150%\"><span style=\"font-family:&quot;Times New Roman&quot;,serif\"><span style=\"color:black\">,&nbsp;<b>Karofi<\/b>, v\u00e0 nhi\u1ec1u th\u01b0\u01a1ng hi\u1ec7u kh\u00e1c co\u0301 ki\u00ea\u0309u da\u0301ng t\u01b0\u01a1ng t\u01b0\u0323 tr\u00ean thi\u0323 tr\u01b0\u01a1\u0300ng.<\/span><\/span><\/span><\/span><\/span><\/span><\/span><\/span><br \/>\n<img decoding=\"async\" data-thumb=\"original\" original-height=\"354\" original-width=\"751\" src=\"\/\/bizweb.dktcdn.net\/100\/320\/195\/files\/z4360826071219-61d76aba7483172ff4a44c5038d67b96.jpg?v=1684556663890\" \/><\/p>\n<p><span style=\"font-size:11pt\"><span style=\"background:white\"><span style=\"line-height:150%\"><span style=\"font-family:Calibri,sans-serif\">&nbsp;<b><i><span style=\"font-size:13.0pt\"><span style=\"line-height:150%\"><span style=\"font-family:&quot;Times New Roman&quot;,serif\"><span style=\"color:black\">Nguy\u00ean l\u00fd ho\u1ea1t \u0111\u1ed9ng v\u00e0 c\u1ea5u t\u1ea1o c\u1ee7a m\u00e0ng l\u1ecdc <\/span><\/span><\/span><\/span><\/i><\/b><b><i><span style=\"font-size:13.0pt\"><span style=\"line-height:150%\"><span style=\"font-family:&quot;Times New Roman&quot;,serif\"><span style=\"color:black\">RO 75 GDP<\/span><\/span><\/span><\/span><\/i><\/b><\/span><\/span><\/span><\/span><\/p>\n<p><span style=\"font-size:11pt\"><span style=\"background:white\"><span style=\"line-height:150%\"><span style=\"font-family:Calibri,sans-serif\"><span style=\"font-size:12.0pt\"><span style=\"line-height:150%\"><span style=\"font-family:&quot;Times New Roman&quot;,serif\"><span style=\"color:black\">M\u00e0ng<\/span><\/span><\/span><\/span><span style=\"font-size:12.0pt\"><span style=\"line-height:150%\"><span style=\"font-family:&quot;Times New Roman&quot;,serif\"><span style=\"color:black\"> l\u1ecdc<\/span><\/span><\/span><\/span><span style=\"font-size:12.0pt\"><span style=\"line-height:150%\"><span style=\"font-family:&quot;Times New Roman&quot;,serif\"><span style=\"color:black\"> RO 75 GDP do iClean ph\u00e2n ph\u1ed1i&nbsp;\u0111\u01b0\u1ee3c c\u1ea5u t\u1ea1o t\u1eeb c\u00e1c t\u1ea5m m\u00e0ng m\u1ecfng b\u1eb1ng ch\u1ea5t li\u1ec7u \u0111\u1eb7c bi\u1ec7t TFC \u0111\u01b0\u1ee3c g\u1eafn ch\u1eb7t v\u00e0 cu\u1ed9n l\u1ea1i v\u1edbi nhau t\u1ea1o th\u00e0nh m\u1ed9t c\u1ea5u tr\u00fac h\u00ecnh d\u1ea1ng xo\u1eafn \u1ed1c quanh m\u1ed9t \u1ed1ng tr\u1ee5c b\u1eb1ng nh\u1ef1a. Tr\u00ean b\u1ec1 m\u1eb7t m\u00e0ng g\u1ed3m c\u00e1c l\u1ed7 nh\u1ecf c\u00f3 k\u00edch th\u01b0\u1edbc 0,0001 micronmet (ch\u1ec9 to h\u01a1n v\u00e0i ph\u00e2n t\u1eed H2O) v\u00ec th\u1ebf ch\u1ec9 c\u00f3 c\u00e1c ph\u00e2n t\u1eed n\u01b0\u1edbc \u0111i qua, c\u00f2n c\u00e1c t\u1ea1p ch\u1ea5t, kim lo\u1ea1i, vi khu\u1ea9n, vi r\u00fat, amip, asen, thu\u1ed1c tr\u1eeb s\u00e2u \u0111\u1ed9c h\u1ea1i\u2026 c\u00f3 k\u00edch th\u01b0\u1edbc l\u1edbn h\u01a1n s\u1ebd b\u1ecb gi\u1eef l\u1ea1i v\u00e0 \u0111\u1ea9y ra ngo\u00e0i theo \u0111\u01b0\u1eddng n\u01b0\u1edbc th\u1ea3i.<\/span><\/span><\/span><\/span><\/span><\/span><\/span><\/span><\/p>\n<p><span style=\"font-size:11pt\"><span style=\"background:white\"><span style=\"line-height:150%\"><span style=\"font-family:Calibri,sans-serif\"><span style=\"font-size:12.0pt\"><span style=\"line-height:150%\"><span style=\"font-family:&quot;Times New Roman&quot;,serif\"><span style=\"color:black\">V\u00ec v\u1eady n\u01b0\u1edbc sau khi \u0111i qua&nbsp;M\u00e0ng<\/span><\/span><\/span><\/span><span style=\"font-size:12.0pt\"><span style=\"line-height:150%\"><span style=\"font-family:&quot;Times New Roman&quot;,serif\"><span style=\"color:black\"> l\u1ecdc<\/span><\/span><\/span><\/span><span style=\"font-size:12.0pt\"><span style=\"line-height:150%\"><span style=\"font-family:&quot;Times New Roman&quot;,serif\"><span style=\"color:black\"> RO 75 GDP<\/span><\/span><\/span><\/span><span style=\"font-size:12.0pt\"><span style=\"line-height:150%\"><span style=\"font-family:&quot;Times New Roman&quot;,serif\"><span style=\"color:black\"> ch\u00ednh h\u00e3ng t\u1eeb th\u01b0\u01a1ng hi\u1ec7u iClean<\/span><\/span><\/span><\/span> <span style=\"font-size:12.0pt\"><span style=\"line-height:150%\"><span style=\"font-family:&quot;Times New Roman&quot;,serif\"><span style=\"color:black\">l\u00e0 n\u01b0\u1edbc tinh khi\u1ebft \u0111\u00ea\u0301n 99%, \u0111\u01b0\u1ee3c s\u1eed d\u1ee5ng k\u1ebft h\u1ee3p v\u1edbi m\u1ed9t s\u1ed1 l\u00f5i l\u1ecdc th\u00f4 kh\u00e1c \u0111\u1ec3 t\u1ea1o n\u00ean m\u1ed9t h\u1ec7 th\u1ed1ng l\u1ecdc n\u01b0\u1edbc RO (hay c\u00f2n g\u1ecdi l\u00e0 m\u00e1y l\u1ecdc n\u01b0\u1edbc RO tr\u00ean th\u1ecb tr\u01b0\u1eddng) \u0111\u1ec3 l\u1ecdc n\u01b0\u1edbc \u0103n, u\u1ed1ng tr\u1ef1c ti\u1ebfp kh\u00f4ng c\u1ea7n \u0111un s\u00f4i theo ti\u00eau chu\u1ea9n n\u01b0\u1edbc u\u1ed1ng c\u1ee7a B\u1ed9 Y T\u1ebf.<\/span><\/span><\/span><\/span><\/span><\/span><\/span><\/span><\/p>\n<p><span style=\"font-size:11pt\"><span style=\"background:white\"><span style=\"line-height:150%\"><span style=\"font-family:Calibri,sans-serif\"><span style=\"font-size:12.0pt\"><span style=\"line-height:150%\"><span style=\"font-family:&quot;Times New Roman&quot;,serif\"><span style=\"color:black\">Hi\u00ea\u0323n nay tr\u00ean thi\u0323 tr\u01b0\u01a1\u0300ng co\u0301 r\u00e2\u0301t nhi\u00ea\u0300u loa\u0323i ma\u0300ng lo\u0323c RO kh\u00f4ng ro\u0303 ngu\u00f4\u0300n g\u00f4\u0301c xu\u00e2\u0301t s\u01b0\u0301 \u0111\u01b0\u01a1\u0323c nh\u00e2\u0323p t\u01b0\u0300&nbsp;<b>Trung Qu\u00f4\u0301c<\/b>&nbsp;cho ch\u00e2\u0301t l\u01b0\u01a1\u0323ng n\u01b0\u01a1\u0301c kh\u00f4ng \u0111\u01b0\u01a1\u0323c ki\u00ea\u0309m \u0111i\u0323nh, ho\u0103\u0323c t\u01b0\u0323 nh\u00e2\u0323n mi\u0300nh \u0111a\u0323t ca\u0301c ti\u00eau chu\u00e2\u0309n cao c\u00e2\u0301p ma\u0300 kh\u00f4ng cung c\u00e2\u0301p \u0111\u01b0\u01a1\u0323c ca\u0301c ch\u01b0\u0301ng nh\u00e2\u0323n. Nh\u01b0\u0303ng sa\u0309n ph\u00e2\u0309m nh\u01b0 v\u00e2\u0323y se\u0303 cho ch\u00e2\u0301t l\u01b0\u01a1\u0323ng n\u01b0\u01a1\u0301c&nbsp;co\u0301 th\u00ea\u0309 g\u00e2y ha\u0323i cho s\u01b0\u0301c kho\u0309e.&nbsp;<\/span><\/span><\/span><\/span><\/span><\/span><\/span><\/span><\/p>\n<p><span style=\"font-size:11pt\"><span style=\"background:white\"><span style=\"line-height:150%\"><span style=\"font-family:Calibri,sans-serif\"><span lang=\"VI\" style=\"font-size:12.0pt\"><span style=\"line-height:150%\"><span style=\"font-family:&quot;Times New Roman&quot;,serif\"><span style=\"color:black\">&nbsp;<\/span><\/span><\/span><\/span><span style=\"font-size:12.0pt\"><span style=\"line-height:150%\"><span style=\"font-family:&quot;Times New Roman&quot;,serif\"><span style=\"color:black\">M\u00e0ng<\/span><\/span><\/span><\/span><span style=\"font-size:12.0pt\"><span style=\"line-height:150%\"><span style=\"font-family:&quot;Times New Roman&quot;,serif\"><span style=\"color:black\"> l\u1ecdc<\/span><\/span><\/span><\/span><span style=\"font-size:12.0pt\"><span style=\"line-height:150%\"><span style=\"font-family:&quot;Times New Roman&quot;,serif\"><span style=\"color:black\"> RO 75 GDP co\u0300n \u0111\u01b0\u01a1\u0323c chi\u0301nh ha\u0303ng ph\u00e2n ph\u00f4\u0301i ta\u0323i Vi\u00ea\u0323t Nam b\u01a1\u0309i <\/span><\/span><\/span><\/span><span lang=\"VI\" style=\"font-size:12.0pt\"><span style=\"line-height:150%\"><span style=\"font-family:&quot;Times New Roman&quot;,serif\"><span style=\"color:black\">th\u01b0\u01a1ng hi\u1ec7u ch\u00ednh h\u00e3ng iClean<\/span><\/span><\/span><\/span><span style=\"font-size:12.0pt\"><span style=\"line-height:150%\"><span style=\"font-family:&quot;Times New Roman&quot;,serif\"><span style=\"color:black\"> do v\u00e2\u0323y ha\u0303ng co\u0301 th\u00ea\u0309 cung c\u00e2\u0301p \u0111\u00e2\u0300y \u0111u\u0309 ca\u0301c gi\u00e2\u0301y t\u01a1\u0300 nh\u01b0 CO, ho\u0301a \u0111\u01a1n chi\u0301nh ha\u0303ng&#8230;<\/span><\/span><\/span><\/span><\/span><\/span><\/span><\/span><\/p>\n<p><span style=\"font-size:11pt\"><span style=\"background:white\"><span style=\"line-height:150%\"><span style=\"font-family:Calibri,sans-serif\"><span style=\"font-size:12.0pt\"><span style=\"line-height:150%\"><span style=\"font-family:&quot;Times New Roman&quot;,serif\"><span style=\"color:black\">\u0110\u00e2y cu\u0303ng la\u0300 c\u01a1 s\u01a1\u0309 \u0111\u00ea\u0309 Quy\u0301 kha\u0301ch ha\u0300ng co\u0301 th\u00ea\u0309 hoa\u0300n toa\u0300n y\u00ean t\u00e2m v\u00ea\u0300 ngu\u00f4\u0300n g\u00f4\u0301c va\u0300 ch\u00e2\u0301t l\u01b0\u01a1\u0323ng sa\u0309n ph\u00e2\u0309m cu\u0309a RO 75 GDP <\/span><\/span><\/span><\/span><span lang=\"VI\" style=\"font-size:12.0pt\"><span style=\"line-height:150%\"><span style=\"font-family:&quot;Times New Roman&quot;,serif\"><span style=\"color:black\">do iClean <\/span><\/span><\/span><\/span><span style=\"font-size:12.0pt\"><span style=\"line-height:150%\"><span style=\"font-family:&quot;Times New Roman&quot;,serif\"><span style=\"color:black\">cung c\u00e2\u0301p.<\/span><\/span><\/span><\/span><\/span><\/span><\/span><\/span><\/p>\n","protected":false},"excerpt":{"rendered":"<p>M\u00e0ng RO 75 GDP ph\u00e2n ph\u1ed1i ch\u00ednh h\u00e3ng t\u1eeb iClean c\u00f3 c\u00f4ng su\u1ea5t l\u1ecdc t\u1ed1i \u0111a 20L\/h, v\u1edbi k\u00edch th\u01b0\u1edbc khe h\u1edf si\u00eau nh\u1ecf 0,0001 micron c\u00f3 kh\u1ea3 n\u0103ng lo\u1ea1i b\u1ecf \u0111\u1ebfn 99.99% c\u00e1c lo\u1ea1i t\u1ea1p ch\u1ea5t, virus, vi khu\u1ea9n, asen, amip, c\u00e1c ion kim lo\u1ea1i, thu\u1ed1c tr\u1eeb s\u00e2u, kim lo\u1ea1i n\u1eb7ng, c\u00e1c ch\u1ea5t \u0111\u1ed9c [&hellip;]<\/p>\n","protected":false},"featured_media":226,"comment_status":"open","ping_status":"closed","template":"","meta":[],"product_brand":[],"product_cat":[45],"product_tag":[],"class_list":{"0":"post-225","1":"product","2":"type-product","3":"status-publish","4":"has-post-thumbnail","6":"product_cat-iclean-import","8":"first","9":"instock","10":"shipping-taxable","11":"purchasable","12":"product-type-simple"},"_links":{"self":[{"href":"https:\/\/mf260.techfindme.xyz\/index.php?rest_route=\/wp\/v2\/product\/225","targetHints":{"allow":["GET"]}}],"collection":[{"href":"https:\/\/mf260.techfindme.xyz\/index.php?rest_route=\/wp\/v2\/product"}],"about":[{"href":"https:\/\/mf260.techfindme.xyz\/index.php?rest_route=\/wp\/v2\/types\/product"}],"replies":[{"embeddable":true,"href":"https:\/\/mf260.techfindme.xyz\/index.php?rest_route=%2Fwp%2Fv2%2Fcomments&post=225"}],"wp:featuredmedia":[{"embeddable":true,"href":"https:\/\/mf260.techfindme.xyz\/index.php?rest_route=\/wp\/v2\/media\/226"}],"wp:attachment":[{"href":"https:\/\/mf260.techfindme.xyz\/index.php?rest_route=%2Fwp%2Fv2%2Fmedia&parent=225"}],"wp:term":[{"taxonomy":"product_brand","embeddable":true,"href":"https:\/\/mf260.techfindme.xyz\/index.php?rest_route=%2Fwp%2Fv2%2Fproduct_brand&post=225"},{"taxonomy":"product_cat","embeddable":true,"href":"https:\/\/mf260.techfindme.xyz\/index.php?rest_route=%2Fwp%2Fv2%2Fproduct_cat&post=225"},{"taxonomy":"product_tag","embeddable":true,"href":"https:\/\/mf260.techfindme.xyz\/index.php?rest_route=%2Fwp%2Fv2%2Fproduct_tag&post=225"}],"curies":[{"name":"wp","href":"https:\/\/api.w.org\/{rel}","templated":true}]}}