{"id":221,"date":"2026-04-20T10:44:06","date_gmt":"2026-04-20T10:44:06","guid":{"rendered":"http:\/\/mf260.techfindme.xyz\/?product=but-do-chi-so-tds"},"modified":"2026-04-20T10:44:06","modified_gmt":"2026-04-20T10:44:06","slug":"but-do-chi-so-tds","status":"publish","type":"product","link":"https:\/\/mf260.techfindme.xyz\/?product=but-do-chi-so-tds","title":{"rendered":"B\u00fat \u0111o ch\u1ec9 s\u1ed1 TDS"},"content":{"rendered":"<h1><span style=\"font-size:24pt\"><span style=\"line-height:25.2pt\"><span style=\"font-family:&quot;Times New Roman&quot;,serif\"><span style=\"font-weight:bold\"><span style=\"font-size:13.0pt\"><span style=\"color:black\">B\u00fat th\u1eed n\u01b0\u1edbc l\u00e0 g\u00ec? C\u00f3 n\u00ean d\u00f9ng b\u00fat th\u1eed n\u01b0\u1edbc ki\u1ec3m tra ch\u1ea5t l\u01b0\u1ee3ng n\u01b0\u1edbc kh\u00f4ng?<\/span><\/span><\/span><\/span><\/span><\/span><\/h1>\n<h2><span style=\"font-size:18pt\"><span style=\"line-height:18.6pt\"><span style=\"font-family:&quot;Times New Roman&quot;,serif\"><span style=\"font-weight:bold\"><i><span style=\"font-size:12.0pt\"><span style=\"color:#333333\"><span style=\"font-weight:normal\">\u0110\u1ec3 ki\u1ec3m tra t\u00ecnh tr\u1ea1ng n\u01b0\u1edbc s\u1ea1ch hay b\u1ea9n ng\u01b0\u1eddi ta s\u1ebd c\u1ea7n \u0111\u1ebfn&nbsp;<\/span><\/span><\/span><\/i><i><span style=\"font-size:12.0pt\"><span style=\"color:black\"><span style=\"font-weight:normal\"><a href=\"https:\/\/www.dienmayxanh.com\/but-thu-nuoc\" style=\"transition:all 0.2s ease 0s; outline:none; color:blue; text-decoration:underline\" target=\"_blank\" title=\"b\u00fat th\u1eed n\u01b0\u1edbc\"><span style=\"color:black\">b\u00fat th\u1eed n\u01b0\u1edbc<\/span><\/a><\/span><\/span><\/span><\/i><i><span style=\"font-size:12.0pt\"><span style=\"color:#333333\"><span style=\"font-weight:normal\">. V\u1eady b\u00fat th\u1eed n\u01b0\u1edbc l\u00e0 g\u00ec v\u00e0 c\u00f3 n\u00ean d\u00f9ng b\u00fat th\u1eed n\u01b0\u1edbc \u0111\u1ec3 ki\u1ec3m tra ch\u1ea5t l\u01b0\u1ee3ng n\u01b0\u1edbc kh\u00f4ng? H\u00e3y c\u00f9ng <\/span><\/span><\/span><\/i><i><span lang=\"VI\" style=\"font-size:12.0pt\"><span style=\"color:#333333\"><span style=\"font-weight:normal\">iClean <\/span><\/span><\/span><\/i><i><span style=\"font-size:12.0pt\"><span style=\"color:#333333\"><span style=\"font-weight:normal\">t\u00ecm hi\u1ec3u ngay qua b\u00e0i vi\u1ebft d\u01b0\u1edbi \u0111\u00e2y nh\u00e9!<\/span><\/span><\/span><\/i><\/span><\/span><\/span><\/span><\/h2>\n<h2>&nbsp;<\/h2>\n<h3><span style=\"font-size:13.5pt\"><span style=\"line-height:150%\"><span style=\"font-family:&quot;Times New Roman&quot;,serif\"><span style=\"font-weight:bold\"><i><span style=\"font-size:12.0pt\"><span style=\"line-height:150%\"><span style=\"color:#333333\">B\u00fat th\u1eed n\u01b0\u1edbc l\u00e0 g\u00ec? C\u1ea5u t\u1ea1o v\u00e0 nguy\u00ean l\u00fd ho\u1ea1t \u0111\u1ed9ng<\/span><\/span><\/span><\/i><\/span><\/span><\/span><\/span><\/h3>\n<p><span style=\"font-size:12pt\"><span style=\"line-height:150%\"><span style=\"margin-block:0px\"><span style=\"margin-inline:0px\"><span style=\"text-rendering:geometricprecision\"><span style=\"font-family:&quot;Times New Roman&quot;,serif\"><span style=\"color:#333333\">B\u00fat th\u1eed n\u01b0\u1edbc hay c\u00f2n g\u1ecdi l\u00e0 b\u00fat th\u1eed&nbsp;<\/span><span style=\"color:black\"><a href=\"https:\/\/vi.wikipedia.org\/wiki\/T%E1%BB%95ng_ch%E1%BA%A5t_r%E1%BA%AFn_h%C3%B2a_tan\" style=\"transition:all 0.2s ease 0s; color:blue; text-decoration:underline\" target=\"_blank\" title=\"TDS\"><span style=\"color:black\">TDS<\/span><\/a><\/span><span style=\"color:#333333\">&nbsp;(<strong>Total Dissolved solids &#8211; T\u1ed5ng ch\u1ea5t r\u1eafn h\u00f2a tan<\/strong>) d\u00f9ng \u0111\u1ec3 ki\u1ec3m tra \u0111\u1ed9 tinh khi\u1ebft c\u1ee7a n\u01b0\u1edbc l\u00e0m c\u01a1 s\u1edf ban \u0111\u1ea7u \u0111\u1ec3 x\u00e1c \u0111\u1ecbnh m\u1ee9c \u0111\u1ed9 s\u1ea1ch c\u1ee7a ngu\u1ed3n n\u01b0\u1edbc. T\u1eeb \u0111\u00f3 gi\u00fap cho ng\u01b0\u1eddi s\u1eed d\u1ee5ng bi\u1ebft \u0111\u01b0\u1ee3c ch\u1ea5t l\u01b0\u1ee3ng n\u01b0\u1edbc m\u00ecnh \u0111ang d\u00f9ng m\u1ed9t c\u00e1ch c\u01a1 b\u1ea3n.&nbsp;<\/span><\/span><\/span><\/span><\/span><\/span><\/span><\/p>\n<p><span style=\"font-size:12pt\"><span style=\"line-height:150%\"><span style=\"margin-block:0px\"><span style=\"margin-inline:0px\"><span style=\"text-rendering:geometricprecision\"><span style=\"font-family:&quot;Times New Roman&quot;,serif\"><strong><i><span style=\"color:#333333\">\u0110\u1eb7c \u0111i\u1ec3m c\u1ee7a b\u00fat th\u1eed n\u01b0\u1edbc:<\/span><\/i><\/strong><i><\/i><\/span><\/span><\/span><\/span><\/span><\/span><\/p>\n<ul>\n<li><span style=\"font-size:11pt\"><span style=\"line-height:150%\"><span style=\"tab-stops:list 36.0pt\"><span style=\"font-family:Calibri,sans-serif\"><span style=\"font-size:12.0pt\"><span style=\"line-height:150%\"><span style=\"font-family:&quot;Times New Roman&quot;,serif\"><span style=\"color:#333333\">C\u00f3 thi\u1ebft k\u1ebf r\u1ea5t linh ho\u1ea1t, k\u00edch th\u01b0\u1edbc nh\u1ecf g\u1ecdn v\u00e0 tr\u1ecdng l\u01b0\u1ee3ng r\u1ea5t nh\u1eb9.<\/span><\/span><\/span><\/span><\/span><\/span><\/span><\/span><\/li>\n<li><span style=\"font-size:11pt\"><span style=\"line-height:150%\"><span style=\"tab-stops:list 36.0pt\"><span style=\"font-family:Calibri,sans-serif\"><span style=\"font-size:12.0pt\"><span style=\"line-height:150%\"><span style=\"font-family:&quot;Times New Roman&quot;,serif\"><span style=\"color:#333333\">\u0110\u01b0\u1ee3c s\u1eed d\u1ee5ng \u0111\u1ec3 ki\u1ec3m tra hi\u1ec7u su\u1ea5t c\u1ee7a thi\u1ebft b\u1ecb l\u1ecdc n\u01b0\u1edbc.<\/span><\/span><\/span><\/span><\/span><\/span><\/span><\/span><\/li>\n<li><span style=\"font-size:11pt\"><span style=\"line-height:150%\"><span style=\"tab-stops:list 36.0pt\"><span style=\"font-family:Calibri,sans-serif\"><span style=\"font-size:12.0pt\"><span style=\"line-height:150%\"><span style=\"font-family:&quot;Times New Roman&quot;,serif\"><span style=\"color:#333333\">\u0110o \u0111\u01b0\u1ee3c \u0111\u1ed9 d\u1eabn \u0111i\u1ec7n c\u1ee7a c\u00e1c kho\u00e1ng ch\u1ea5t, mu\u1ed1i, kim lo\u1ea1i d\u01b0\u1edbi d\u1ea1ng ion. Th\u00ea\u0301 nh\u01b0ng loa\u0323i bu\u0301t na\u0300y la\u0323i kh\u00f4ng th\u1ec3 \u0111o \u0111\u01b0\u1ee3c c\u00e1c t\u1ea1p ch\u1ea5t r\u1eafn, t\u1ea1p ch\u1ea5t l\u01a1 l\u1eedng trong n\u01b0\u1edbc.<\/span><\/span><\/span><\/span><\/span><\/span><\/span><\/span><\/li>\n<\/ul>\n<h3><span style=\"font-size:13.5pt\"><span style=\"line-height:150%\"><span style=\"font-family:&quot;Times New Roman&quot;,serif\"><span style=\"font-weight:bold\"><span style=\"font-size:13.0pt\"><span style=\"line-height:150%\"><span style=\"color:#333333\">C\u00f3 n\u00ean d\u00f9ng b\u00fat th\u1eed n\u01b0\u1edbc \u0111\u1ec3 ki\u1ec3m \u0111\u1ecbnh n\u01b0\u1edbc s\u1ea1ch kh\u00f4ng?<\/span><\/span><\/span><\/span><\/span><\/span><\/span><\/h3>\n<ul>\n<li><span style=\"font-size:11pt\"><span style=\"line-height:150%\"><span style=\"tab-stops:list 36.0pt\"><span style=\"font-family:Calibri,sans-serif\"><span style=\"font-size:12.0pt\"><span style=\"line-height:150%\"><span style=\"font-family:&quot;Times New Roman&quot;,serif\"><span style=\"color:#333333\">V\u1edbi b\u00fat th\u1eed n\u01b0\u1edbc, ng\u01b0\u1eddi d\u00f9ng c\u00f3 th\u1ec3 ki\u1ec3m tra n\u1ed3ng \u0111\u1ed9 ch\u1ea5t r\u1eafn h\u00f2a tan, m\u1ee9c \u0111\u1ed9 th\u1ea9m th\u1ea5u \u0111\u1ec3 x\u00e1c \u0111\u1ecbnh xem n\u01b0\u1edbc c\u00f3 \u0111\u1ee7 \u0111i\u1ec1u ki\u1ec7n \u0111\u1ec3 s\u1eed d\u1ee5ng hay kh\u00f4ng.<\/span><\/span><\/span><\/span><\/span><\/span><\/span><\/span><\/li>\n<li><span style=\"font-size:11pt\"><span style=\"line-height:150%\"><span style=\"tab-stops:list 36.0pt\"><span style=\"font-family:Calibri,sans-serif\"><span style=\"font-size:12.0pt\"><span style=\"line-height:150%\"><span style=\"font-family:&quot;Times New Roman&quot;,serif\"><span style=\"color:#333333\">Th\u01b0\u1eddng xuy\u00ean s\u1eed d\u1ee5ng b\u00fat th\u1eed TDS gi\u00fap b\u1ea1n ki\u1ec3m tra \u0111\u01b0\u1ee3c hi\u1ec7u su\u1ea5t l\u1ecdc c\u1ee7a b\u1ed9 l\u1ecdc th\u00f4ng qua vi\u1ec7c n\u1eafm b\u1eaft s\u1ef1 thay \u0111\u1ed5i ch\u1ea5t l\u01b0\u1ee3ng ngu\u1ed3n n\u01b0\u1edbc, \u0111\u1ec3 bi\u1ebft khi n\u00e0o c\u1ea7n thay th\u1ebf b\u1ed9 l\u1ecdc\/m\u00e0ng l\u1ecdc\/h\u1ed9p m\u1ef1c.<\/span><\/span><\/span><\/span><\/span><\/span><\/span><\/span><\/li>\n<li><span style=\"font-size:11pt\"><span style=\"line-height:150%\"><span style=\"tab-stops:list 36.0pt\"><span style=\"font-family:Calibri,sans-serif\"><span style=\"font-size:12.0pt\"><span style=\"line-height:150%\"><span style=\"font-family:&quot;Times New Roman&quot;,serif\"><span style=\"color:#333333\">TDS c\u00f3 th\u1ec3 c\u1ea3nh b\u00e1o h\u00e0m l\u01b0\u1ee3ng kim lo\u1ea1i n\u1eb7ng qu\u00e1 l\u1edbn trong n\u01b0\u1edbc \u0111\u1ec3 s\u1edbm c\u00f3 ph\u01b0\u01a1ng \u00e1n kh\u1eafc ph\u1ee5c, gi\u00fap gi\u1ea3m thi\u1ec3u t\u1ed1i \u0111a c\u00e1c t\u00e1c \u0111\u1ed9ng ti\u00eau c\u1ef1c \u0111\u1ebfn c\u01a1 th\u1ec3.<\/span><\/span><\/span><\/span><\/span><\/span><\/span><\/span><\/li>\n<\/ul>\n<p><span style=\"font-size:12pt\"><span style=\"line-height:150%\"><span style=\"margin-block:0px\"><span style=\"margin-inline:0px\"><span style=\"text-rendering:geometricprecision\"><span style=\"font-family:&quot;Times New Roman&quot;,serif\"><span style=\"color:#333333\">Ngo\u00e0i vi\u1ec7c s\u1eed d\u1ee5ng \u0111\u1ec3 \u0111o l\u01b0\u1ee3ng ch\u1ea5t r\u1eafn ho\u00e0 tan trong n\u01b0\u1edbc, b\u00fat th\u1eed TDS c\u00f2n c\u00f3 t\u00e1c d\u1ee5ng nh\u01b0 m\u1ed9t chi\u1ebfc nhi\u1ec7t k\u1ebf. B\u00fat s\u1ebd \u0111o \u0111\u01b0\u1ee3c nhi\u1ec7t \u0111\u1ed9 c\u1ee7a n\u01b0\u1edbc trong ph\u1ea1m vi cho ph\u00e9p.<\/span><\/span><\/span><\/span><\/span><\/span><\/span><\/p>\n<h3 id=\"hmenuid5\"><span style=\"font-size:13.5pt\"><span style=\"line-height:150%\"><span style=\"outline:none\"><span style=\"font-family:&quot;Times New Roman&quot;,serif\"><span style=\"font-weight:bold\"><span data-crown=\"\" style=\"float:left\"><span style=\"font-size:13.0pt\"><span style=\"line-height:150%\"><span style=\"color:#333333\">C\u00e1ch \u0111\u1ecdc ch\u1ec9 s\u1ed1 TDS m\u00e0 b\u1ea1n n\u00ean bi\u1ebft<\/span><\/span><\/span><\/span><\/span><\/span><\/span><\/span><\/span><\/h3>\n<p><span style=\"font-size:12pt\"><span style=\"line-height:150%\"><span style=\"margin-block:0px\"><span style=\"margin-inline:0px\"><span style=\"text-rendering:geometricprecision\"><span style=\"font-family:&quot;Times New Roman&quot;,serif\"><span style=\"color:#333333\">Theo&nbsp;<\/span><span style=\"color:black\"><a href=\"https:\/\/vi.wikipedia.org\/wiki\/T%E1%BB%95_ch%E1%BB%A9c_Y_t%E1%BA%BF_Th%E1%BA%BF_gi%E1%BB%9Bi\" style=\"transition:all 0.2s ease 0s; color:blue; text-decoration:underline\" target=\"_blank\" title=\"T\u1ed5 ch\u1ee9c y t\u1ebf th\u1ebf gi\u1edbi WHO\"><span style=\"color:black\">T\u1ed5 ch\u1ee9c y t\u1ebf th\u1ebf gi\u1edbi WHO<\/span><\/a>&nbsp;<\/span><span style=\"color:#333333\">n\u00f3i chung v\u00e0 c\u1ee7a Vi\u1ec7t Nam n\u00f3i ri\u00eang th\u00ec ch\u1ec9 s\u1ed1 TDS kh\u00f4ng \u0111\u01b0\u1ee3c v\u01b0\u1ee3t qu\u00e1&nbsp;<strong><i><span style=\"font-weight:normal\">500mg\/l<\/span><\/i><\/strong><b><i>&nbsp;\u0111\u1ed1i<\/i><\/b> v\u1edbi ngu\u1ed3n n\u01b0\u1edbc \u0103n u\u1ed1ng, kh\u00f4ng v\u01b0\u1ee3t qu\u00e1&nbsp;<strong><i><span style=\"font-weight:normal\">1000mg\/l<\/span><\/i><\/strong>&nbsp;\u0111\u1ed1i v\u1edbi n\u01b0\u1edbc sinh ho\u1ea1t.<\/span><\/span><\/span><\/span><\/span><\/span><\/span><\/p>\n<p><span style=\"font-size:12pt\"><span style=\"line-height:150%\"><span style=\"margin-block:0px\"><span style=\"margin-inline:0px\"><span style=\"text-rendering:geometricprecision\"><span style=\"font-family:&quot;Times New Roman&quot;,serif\"><span style=\"color:#333333\">Khi n\u01b0\u1edbc m\u1ea5t h\u1ebft kho\u00e1ng ch\u1ea5t th\u00ec s\u1ebd c\u00f3 ch\u1ec9 s\u1ed1&nbsp;<strong><i><span style=\"font-weight:normal\">TDS = 0<\/span><\/i><\/strong>&nbsp;t\u01b0\u01a1ng \u0111\u01b0\u01a1ng n\u01b0\u1edbc ch\u01b0ng c\u1ea5t n\u01b0\u1edbc tinh khi\u1ebft.&nbsp;<\/span><\/span><\/span><\/span><\/span><\/span><\/span><\/p>\n<p><span style=\"font-size:12pt\"><span style=\"line-height:150%\"><span style=\"font-family:&quot;Times New Roman&quot;,serif\"><span style=\"color:#333333\">TDS kh\u00f4ng \u0111\u01b0\u1ee3c coi l\u00e0 ch\u1ec9 s\u1ed1 g\u00e2y \u00f4 nhi\u1ec5m, n\u00f3 l\u00e0 ch\u1ec9 s\u1ed1 t\u1ed5ng h\u1ee3p v\u1ec1 s\u1ef1 hi\u1ec7n di\u1ec7n c\u1ee7a c\u00e1c h\u1ee3p ch\u1ea5t h\u00f3a h\u1ecdc c\u00f3 trong n\u01b0\u1edbc. Theo \u0111\u00f3:<\/span><\/span><\/span><\/span><\/p>\n<ul>\n<li><span style=\"font-size:11pt\"><span style=\"line-height:150%\"><span style=\"tab-stops:list 36.0pt\"><span style=\"font-family:Calibri,sans-serif\"><strong><i><span style=\"font-size:12.0pt\"><span style=\"line-height:150%\"><span style=\"color:black\"><span style=\"font-weight:normal\">TDS &lt; 5=&#8221;&#8221;&gt;<\/span><\/span><\/span><\/span><\/i><\/strong><strong><i><span style=\"font-size:12.0pt\"><span style=\"line-height:150%\"><span style=\"color:black\"><a href=\"https:\/\/vi.wikipedia.org\/wiki\/Ppm_(m%E1%BA%ADt_%C4%91%E1%BB%99)\" style=\"transition:all 0.2s ease 0s; color:blue; text-decoration:underline\" target=\"_blank\" title=\"PPM\"><span style=\"color:black\"><span style=\"font-weight:normal\">PPM<\/span><\/span><\/a><\/span><\/span><\/span><\/i><\/strong><b><i><span style=\"font-size:12.0pt\"><span style=\"line-height:150%\"><span style=\"font-family:&quot;Times New Roman&quot;,serif\"><span style=\"color:black\">:<\/span><\/span><\/span><\/span><\/i><\/b> <span style=\"font-size:12.0pt\"><span style=\"line-height:150%\"><span style=\"font-family:&quot;Times New Roman&quot;,serif\"><span style=\"color:#333333\">l\u00e0 n\u01b0\u1edbc tinh khi\u1ebft, kh\u00f4ng c\u00f3 ch\u1ea5t r\u1eafn h\u00f2a tan. N\u01b0\u1edbc n\u00e0y kh\u00f4ng b\u1ed5 sung kho\u00e1ng ch\u1ea5t ch\u1ec9 cung c\u1ea5p n\u01b0\u1edbc s\u1ea1ch cho c\u01a1 th\u1ec3 khi ch\u00fang ta s\u1eed d\u1ee5ng.<\/span><\/span><\/span><\/span><\/span><\/span><\/span><\/span><\/li>\n<li><span style=\"font-size:11pt\"><span style=\"line-height:150%\"><span style=\"tab-stops:list 36.0pt\"><span style=\"font-family:Calibri,sans-serif\"><strong><i><span style=\"font-size:12.0pt\"><span style=\"line-height:150%\"><span style=\"color:#333333\"><span style=\"font-weight:normal\">TDS &gt; 5 PPM<\/span><\/span><\/span><\/span><\/i><\/strong><b><i><span style=\"font-size:12.0pt\"><span style=\"line-height:150%\"><span style=\"font-family:&quot;Times New Roman&quot;,serif\"><span style=\"color:#333333\">:<\/span><\/span><\/span><\/span><\/i><\/b><span style=\"font-size:12.0pt\"><span style=\"line-height:150%\"><span style=\"font-family:&quot;Times New Roman&quot;,serif\"><span style=\"color:#333333\"> l\u00e0 c\u00e1c lo\u1ea1i n\u01b0\u1edbc c\u00f3 ch\u1ea5t r\u1eafn h\u00f2a tan. Ch\u1ec9 s\u1ed1 TDS cao kh\u00f4ng c\u00f3 ngh\u0129a n\u01b0\u1edbc \u0111\u00f3 c\u00f3 h\u1ea1i b\u1edfi c\u00f3 th\u1ec3 th\u00e0nh ph\u1ea7n c\u00e1c ch\u1ea5t r\u1eafn \u0111\u00f3 c\u00f3 ch\u1ea5t r\u1eafn \u0111\u01b0\u1ee3c coi l\u00e0 c\u00f3 l\u1ee3i.<\/span><\/span><\/span><\/span><\/span><\/span><\/span><\/span><\/li>\n<li><span style=\"font-size:11pt\"><span style=\"line-height:150%\"><span style=\"tab-stops:list 36.0pt\"><span style=\"font-family:Calibri,sans-serif\"><strong><i><span style=\"font-size:12.0pt\"><span style=\"line-height:150%\"><span style=\"color:#333333\"><span style=\"font-weight:normal\">T\u1eeb 50 PPM \u2013 150 PPM<\/span><\/span><\/span><\/span><\/i><\/strong><b><i><span style=\"font-size:12.0pt\"><span style=\"line-height:150%\"><span style=\"font-family:&quot;Times New Roman&quot;,serif\"><span style=\"color:#333333\">:<\/span><\/span><\/span><\/span><\/i><\/b><span style=\"font-size:12.0pt\"><span style=\"line-height:150%\"><span style=\"font-family:&quot;Times New Roman&quot;,serif\"><span style=\"color:#333333\"> m\u1ee9c TDS n\u00e0y \u0111\u00e3 \u0111\u01b0\u1ee3c WHO cho l\u00e0 m\u1ee9c t\u1ed1t nh\u1ea5t cho s\u1ee9c kh\u1ecfe. \u1ede m\u1ee9c n\u00e0y n\u01b0\u1edbc u\u1ed1ng g\u1ea7n nh\u01b0 kh\u00f4ng ch\u1ee9a m\u1ed9t s\u1ed1 ch\u1ea5t h\u00f2a tan c\u00f3 h\u1ea1i. \u0110\u1eb7c bi\u1ec7t nh\u1eefng ng\u01b0\u1eddi c\u00f3 v\u1ea5n \u0111\u1ec1 v\u1ec1 th\u1eadn, u\u1ed1ng n\u01b0\u1edbc c\u00f3 m\u1ee9c TDS&nbsp;<strong>d\u01b0\u1edbi 100mg\/l<\/strong>&nbsp;c\u00f2n c\u00f3 th\u1ec3 gi\u00fap \u00edch cho t\u00ecnh tr\u1ea1ng s\u1ee9c kh\u1ecfe c\u1ee7a h\u1ecd.<\/span><\/span><\/span><\/span><\/span><\/span><\/span><\/span><\/li>\n<li><span style=\"font-size:11pt\"><span style=\"line-height:150%\"><span style=\"tab-stops:list 36.0pt\"><span style=\"font-family:Calibri,sans-serif\"><strong><i><span style=\"font-size:12.0pt\"><span style=\"line-height:150%\"><span style=\"color:#333333\"><span style=\"font-weight:normal\">T\u1eeb 170 PPM \u2013 400 PPM<\/span><\/span><\/span><\/span><\/i><\/strong><b><i><span style=\"font-size:12.0pt\"><span style=\"line-height:150%\"><span style=\"font-family:&quot;Times New Roman&quot;,serif\"><span style=\"color:#333333\">:<\/span><\/span><\/span><\/span><\/i><\/b><span style=\"font-size:12.0pt\"><span style=\"line-height:150%\"><span style=\"font-family:&quot;Times New Roman&quot;,serif\"><span style=\"color:#333333\"> \u0111\u01b0\u1ee3c g\u1ecdi l\u00e0 n\u01b0\u1edbc c\u1ee9ng ch\u1ec9 \u0111\u01b0\u1ee3c s\u1eed d\u1ee5ng trong sinh ho\u1ea1t, kh\u00f4ng s\u1eed d\u1ee5ng \u0111\u1ec3 \u0103n u\u1ed1ng.<br \/>\n<img decoding=\"async\" data-thumb=\"original\" original-height=\"411\" original-width=\"730\" src=\"\/\/bizweb.dktcdn.net\/100\/320\/195\/files\/but-thu-nuoc-la-gi-co-nen-dung-but-thu-nuoc-khong-5.jpg?v=1684535117244\" \/><\/span><\/span><\/span><\/span><\/span><\/span><\/span><\/span><\/li>\n<\/ul>\n","protected":false},"excerpt":{"rendered":"<p>B\u00fat th\u1eed n\u01b0\u1edbc l\u00e0 g\u00ec? C\u00f3 n\u00ean d\u00f9ng b\u00fat th\u1eed n\u01b0\u1edbc ki\u1ec3m tra ch\u1ea5t l\u01b0\u1ee3ng n\u01b0\u1edbc kh\u00f4ng? \u0110\u1ec3 ki\u1ec3m tra t\u00ecnh tr\u1ea1ng n\u01b0\u1edbc s\u1ea1ch hay b\u1ea9n ng\u01b0\u1eddi ta s\u1ebd c\u1ea7n \u0111\u1ebfn&nbsp;b\u00fat th\u1eed n\u01b0\u1edbc. V\u1eady b\u00fat th\u1eed n\u01b0\u1edbc l\u00e0 g\u00ec v\u00e0 c\u00f3 n\u00ean d\u00f9ng b\u00fat th\u1eed n\u01b0\u1edbc \u0111\u1ec3 ki\u1ec3m tra ch\u1ea5t l\u01b0\u1ee3ng n\u01b0\u1edbc kh\u00f4ng? H\u00e3y c\u00f9ng [&hellip;]<\/p>\n","protected":false},"featured_media":222,"comment_status":"open","ping_status":"closed","template":"","meta":[],"product_brand":[],"product_cat":[45],"product_tag":[],"class_list":{"0":"post-221","1":"product","2":"type-product","3":"status-publish","4":"has-post-thumbnail","6":"product_cat-iclean-import","8":"first","9":"instock","10":"shipping-taxable","11":"purchasable","12":"product-type-simple"},"_links":{"self":[{"href":"https:\/\/mf260.techfindme.xyz\/index.php?rest_route=\/wp\/v2\/product\/221","targetHints":{"allow":["GET"]}}],"collection":[{"href":"https:\/\/mf260.techfindme.xyz\/index.php?rest_route=\/wp\/v2\/product"}],"about":[{"href":"https:\/\/mf260.techfindme.xyz\/index.php?rest_route=\/wp\/v2\/types\/product"}],"replies":[{"embeddable":true,"href":"https:\/\/mf260.techfindme.xyz\/index.php?rest_route=%2Fwp%2Fv2%2Fcomments&post=221"}],"wp:featuredmedia":[{"embeddable":true,"href":"https:\/\/mf260.techfindme.xyz\/index.php?rest_route=\/wp\/v2\/media\/222"}],"wp:attachment":[{"href":"https:\/\/mf260.techfindme.xyz\/index.php?rest_route=%2Fwp%2Fv2%2Fmedia&parent=221"}],"wp:term":[{"taxonomy":"product_brand","embeddable":true,"href":"https:\/\/mf260.techfindme.xyz\/index.php?rest_route=%2Fwp%2Fv2%2Fproduct_brand&post=221"},{"taxonomy":"product_cat","embeddable":true,"href":"https:\/\/mf260.techfindme.xyz\/index.php?rest_route=%2Fwp%2Fv2%2Fproduct_cat&post=221"},{"taxonomy":"product_tag","embeddable":true,"href":"https:\/\/mf260.techfindme.xyz\/index.php?rest_route=%2Fwp%2Fv2%2Fproduct_tag&post=221"}],"curies":[{"name":"wp","href":"https:\/\/api.w.org\/{rel}","templated":true}]}}