{"id":219,"date":"2026-04-20T10:44:05","date_gmt":"2026-04-20T10:44:05","guid":{"rendered":"http:\/\/mf260.techfindme.xyz\/?product=voi-gat-nho"},"modified":"2026-04-20T10:44:05","modified_gmt":"2026-04-20T10:44:05","slug":"voi-gat-nho","status":"publish","type":"product","link":"https:\/\/mf260.techfindme.xyz\/?product=voi-gat-nho","title":{"rendered":"V\u00f2i g\u1ea1t nh\u1ecf"},"content":{"rendered":"<p><span style=\"font-size:12pt\"><span style=\"background:white\"><span style=\"line-height:150%\"><span style=\"font-family:&quot;Times New Roman&quot;,serif\"><strong><i><span style=\"color:#212121\">V\u00f2i g\u1ea1t l\u1ea5y n\u01b0\u1edbc<\/span><\/i><\/strong><span style=\"color:#212121\">&nbsp;c\u1ee7a m\u00e1y l\u1ecdc n\u01b0\u1edbc t\u01b0\u1edfng nh\u01b0 \u0111\u01a1n gi\u1ea3n, kh\u00f4ng qu\u00e1 quan tr\u1ecdng v\u1edbi h\u1ec7 th\u1ed1ng nh\u01b0ng n\u00f3 l\u1ea1i c\u00f3 th\u1ec3 \u1ea3nh h\u01b0\u1edfng tr\u1ef1c ti\u1ebfp t\u1edbi ch\u1ea5t l\u01b0\u1ee3ng ngu\u1ed3n n\u01b0\u1edbc l\u1ecdc \u0111\u1ea7u ra. Ngo\u00e0i ra n\u1ebfu thi\u1ebfu&nbsp;<strong style=\"box-sizing:border-box\"><i><span style=\"font-weight:normal\">v\u00f2i g\u1ea1t m\u00e1y l\u1ecdc n\u01b0\u1edbc<\/span><\/i><\/strong><b><i>&nbsp;<\/i><\/b><i>s\u1ebd<\/i> kh\u00f4ng th\u1ec3 l\u1ea5y n\u01b0\u1edbc ra theo \u0111\u00fang nhu c\u1ea7u s\u1eed d\u1ee5ng.<\/span><\/span><\/span><\/span><\/span><\/p>\n<p style=\"text-align:start; -webkit-text-stroke-width:0px\"><span style=\"font-size:12pt\"><span style=\"background:white\"><span style=\"line-height:150%\"><span style=\"box-sizing:border-box\"><span style=\"font-variant-ligatures:normal\"><span style=\"font-variant-caps:normal\"><span style=\"orphans:2\"><span style=\"widows:2\"><span style=\"text-decoration-thickness:initial\"><span style=\"text-decoration-style:initial\"><span style=\"text-decoration-color:initial\"><span style=\"word-spacing:0px\"><span style=\"font-family:&quot;Times New Roman&quot;,serif\"><span style=\"color:#212121\">Linh ki\u1ec7n&nbsp;<strong style=\"box-sizing:border-box\"><i><u><span style=\"font-weight:normal\">v\u00f2i g\u1ea1t n\u01b0\u1edbc<\/span><\/u><\/i><\/strong>&nbsp;\u0111\u01b0\u1ee3c l\u00e0m t\u1eeb inox \u2013 th\u00e9p kh\u00f4ng g\u1ec9 cao c\u1ea5p, b\u1ec1 m\u1eb7t s\u00e1ng b\u00f3ng, b\u1eaft m\u1eaft v\u00e0 gi\u1eef nguy\u00ean h\u01b0\u01a1ng v\u1ecb c\u1ee7a n\u01b0\u1edbc sau l\u1ecdc.<\/span><\/span><\/span><\/span><\/span><\/span><\/span><\/span><\/span><\/span><\/span><\/span><\/span><\/span><\/p>\n<h2><span style=\"font-size:18pt\"><span style=\"background:white\"><span style=\"line-height:150%\"><span style=\"font-family:&quot;Times New Roman&quot;,serif\"><span style=\"font-weight:bold\"><span style=\"font-size:13.0pt\"><span style=\"line-height:150%\"><span style=\"color:black\">\u0110\u1eb7c \u0111i\u1ec3m c\u1ee7a v\u00f2i g\u1ea1t l\u1ea5y n\u01b0\u1edbc m\u00e1y l\u1ecdc RO<\/span><\/span><\/span><\/span><\/span><\/span><\/span><\/span><\/h2>\n<p style=\"text-align:start; -webkit-text-stroke-width:0px\"><span style=\"font-size:12pt\"><span style=\"background:white\"><span style=\"line-height:150%\"><span style=\"box-sizing:border-box\"><span style=\"font-variant-ligatures:normal\"><span style=\"font-variant-caps:normal\"><span style=\"orphans:2\"><span style=\"widows:2\"><span style=\"text-decoration-thickness:initial\"><span style=\"text-decoration-style:initial\"><span style=\"text-decoration-color:initial\"><span style=\"word-spacing:0px\"><span style=\"font-family:&quot;Times New Roman&quot;,serif\"><span style=\"color:#212121\">V\u00f2i g\u1ea1t tuy ch\u1ec9 l\u00e0 m\u1ed9t chi ti\u1ebft nh\u1ecf n\u1eb1m trong c\u00e1c h\u1ec7 th\u1ed1ng m\u00e1y l\u1ecdc n\u01b0\u1edbc, nh\u01b0ng l\u1ea1i \u0111\u01b0\u1ee3c t\u1ea1o th\u00e0nh t\u1eeb h\u00e0ng tr\u0103m nh\u1eefng b\u1ea3n v\u1ebd chi ti\u1ebft kh\u00e1c nhau, \u0111\u1ec3 t\u1ea1o ra s\u1ea3n ph\u1ea9m c\u00f3 t\u00ednh ti\u1ec7n d\u1ee5ng v\u00e0 ch\u00ednh x\u00e1c nh\u1ea5t.<\/span><\/span><\/span><\/span><\/span><\/span><\/span><\/span><\/span><\/span><\/span><\/span><\/span><\/span><\/p>\n<p style=\"text-align:start; -webkit-text-stroke-width:0px\"><span style=\"font-size:12pt\"><span style=\"background:white\"><span style=\"line-height:150%\"><span style=\"box-sizing:border-box\"><span style=\"font-variant-ligatures:normal\"><span style=\"font-variant-caps:normal\"><span style=\"orphans:2\"><span style=\"widows:2\"><span style=\"text-decoration-thickness:initial\"><span style=\"text-decoration-style:initial\"><span style=\"text-decoration-color:initial\"><span style=\"word-spacing:0px\"><span style=\"font-family:&quot;Times New Roman&quot;,serif\"><span style=\"color:#212121\">C\u00e1c th\u00f4ng s\u1ed1 c\u1ee7a v\u00f2i g\u1ea1t l\u1ea5y n\u01b0\u1edbc:<\/span><\/span><\/span><\/span><\/span><\/span><\/span><\/span><\/span><\/span><\/span><\/span><\/span><\/span><\/p>\n<ul>\n<li><span style=\"font-size:11pt\"><span style=\"background:white\"><span style=\"color:#212121\"><span style=\"line-height:150%\"><span style=\"tab-stops:list 36.0pt\"><span style=\"box-sizing:border-box\"><span style=\"font-family:Calibri,sans-serif\"><span style=\"font-size:12.0pt\"><span style=\"line-height:150%\"><span style=\"font-family:&quot;Times New Roman&quot;,serif\">Th\u01b0\u01a1ng hi\u1ec7u<\/span><\/span><\/span><span style=\"font-size:12.0pt\"><span style=\"line-height:150%\"><span style=\"font-family:&quot;Times New Roman&quot;,serif\"> ph\u00e2n ph\u1ed1i: iClean<\/span><\/span><\/span><\/span><\/span><\/span><\/span><\/span><\/span><\/span><\/li>\n<li><span style=\"font-size:11pt\"><span style=\"background:white\"><span style=\"color:#212121\"><span style=\"line-height:150%\"><span style=\"tab-stops:list 36.0pt\"><span style=\"box-sizing:border-box\"><span style=\"font-family:Calibri,sans-serif\"><span style=\"font-size:12.0pt\"><span style=\"line-height:150%\"><span style=\"font-family:&quot;Times New Roman&quot;,serif\">Ch\u1ea5t li\u1ec7u: Inox 304 cao c\u1ea5p;<\/span><\/span><\/span><\/span><\/span><\/span><\/span><\/span><\/span><\/span><\/li>\n<li><span style=\"font-size:11pt\"><span style=\"background:white\"><span style=\"color:#212121\"><span style=\"line-height:150%\"><span style=\"tab-stops:list 36.0pt\"><span style=\"box-sizing:border-box\"><span style=\"font-family:Calibri,sans-serif\"><span style=\"font-size:12.0pt\"><span style=\"line-height:150%\"><span style=\"font-family:&quot;Times New Roman&quot;,serif\">\u0110\u1ea7u v\u00e0o: n\u1ed1i v\u1edbi \u1ed1ng m\u00e1y l\u1ecdc n\u01b0\u1edbc \u00f86 th\u00f4ng qua xoay ren;<\/span><\/span><\/span><\/span><\/span><\/span><\/span><\/span><\/span><\/span><\/li>\n<li><span style=\"font-size:11pt\"><span style=\"background:white\"><span style=\"color:#212121\"><span style=\"line-height:150%\"><span style=\"tab-stops:list 36.0pt\"><span style=\"box-sizing:border-box\"><span style=\"font-family:Calibri,sans-serif\"><span style=\"font-size:12.0pt\"><span style=\"line-height:150%\"><span style=\"font-family:&quot;Times New Roman&quot;,serif\">M\u00e0u s\u1eafc: b\u1ea1c b\u00f3ng;<\/span><\/span><\/span><\/span><\/span><\/span><\/span><\/span><\/span><\/span><\/li>\n<li><span style=\"font-size:11pt\"><span style=\"background:white\"><span style=\"color:#212121\"><span style=\"line-height:150%\"><span style=\"tab-stops:list 36.0pt\"><span style=\"box-sizing:border-box\"><span style=\"font-family:Calibri,sans-serif\"><span style=\"font-size:12.0pt\"><span style=\"line-height:150%\"><span style=\"font-family:&quot;Times New Roman&quot;,serif\">\u00c1p l\u1ef1c n\u01b0\u1edbc t\u1ed1i \u0111a: 0.75MPA;<\/span><\/span><\/span><\/span><\/span><\/span><\/span><\/span><\/span><\/span><\/li>\n<li><span style=\"font-size:11pt\"><span style=\"background:white\"><span style=\"color:#212121\"><span style=\"line-height:150%\"><span style=\"tab-stops:list 36.0pt\"><span style=\"box-sizing:border-box\"><span style=\"font-family:Calibri,sans-serif\"><span style=\"font-size:12.0pt\"><span style=\"line-height:150%\"><span style=\"font-family:&quot;Times New Roman&quot;,serif\">V\u1ecb tr\u00ed l\u1eafp&nbsp;<strong style=\"box-sizing:border-box\"><i><span style=\"font-weight:normal\">v\u00f2i n\u01b0\u1edbc g\u1ea1t<\/span><\/i><\/strong>: tr\u00ean b\u1ec1 <\/span><\/span><\/span><span style=\"font-size:12.0pt\"><span style=\"line-height:150%\"><span style=\"font-family:&quot;Times New Roman&quot;,serif\"><span style=\"color:black\">m\u1eb7t&nbsp;<a href=\"https:\/\/aqualife.com.vn\/may-loc-nuoc-gia-dinh\/may-loc-nuoc-nong-lanh-tu-inox\/\" style=\"box-sizing:border-box; touch-action:manipulation; color:blue; text-decoration:underline\"><span style=\"color:black\"><span style=\"text-decoration:none\"><span style=\"text-underline:none\">t\u1ee7 m\u00e1y l\u1ecdc n\u01b0\u1edbc<\/span><\/span><\/span><\/a><\/span><\/span><\/span><\/span><span style=\"font-size:12.0pt\"><span style=\"line-height:150%\"><span style=\"font-family:&quot;Times New Roman&quot;,serif\">, ch\u1eadu r\u1eeda ho\u1eb7c treo tr\u00ean&nbsp;<\/span><\/span><\/span><\/span><\/span><\/span><\/span><\/span><\/span><\/span>t\u01b0\u1eddng<\/li>\n<\/ul>\n<h3><span style=\"font-size:13.5pt\"><span style=\"background:white\"><span style=\"line-height:150%\"><span style=\"font-family:&quot;Times New Roman&quot;,serif\"><span style=\"font-weight:bold\"><span style=\"font-size:13.0pt\"><span style=\"line-height:150%\"><span style=\"color:black\">\u01afu \u0111i\u1ec3m v\u00f2i g\u1ea1t<\/span><\/span><\/span><span style=\"font-size:13.0pt\"><span style=\"line-height:150%\"><span style=\"color:black\"> ph\u00e2n ph\u1ed1i b\u1edfi iClean<\/span><\/span><\/span><\/span><\/span><\/span><\/span><\/span><\/h3>\n<ul>\n<li><span style=\"font-size:11pt\"><span style=\"background:white\"><span style=\"color:#212121\"><span style=\"line-height:150%\"><span style=\"tab-stops:list 36.0pt\"><span style=\"box-sizing:border-box\"><span style=\"font-family:Calibri,sans-serif\"><span style=\"font-size:12.0pt\"><span style=\"line-height:150%\"><span style=\"font-family:&quot;Times New Roman&quot;,serif\">V\u00f2i n\u01b0\u1edbc g\u1ea1t <\/span><\/span><\/span><span lang=\"VI\" style=\"font-size:12.0pt\"><span style=\"line-height:150%\"><span style=\"font-family:&quot;Times New Roman&quot;,serif\">ph\u00e2n ph\u1ed1i b\u1edfi iClean<\/span><\/span><\/span><span style=\"font-size:12.0pt\"><span style=\"line-height:150%\"><span style=\"font-family:&quot;Times New Roman&quot;,serif\">, nh\u1eadp kh\u1ea9u tr\u1ef1c ti\u1ebfp t\u1eeb \u0110\u00e0i Loan v\u00e0 \u0111\u01b0\u1ee3c s\u1ea3n xu\u1ea5t theo c\u00f4ng ngh\u1ec7 M\u1ef9 mang l\u1ea1i s\u1ef1 an t\u00e2m cho ng\u01b0\u1eddi ti\u00eau d\u00f9ng;<\/span><\/span><\/span><\/span><\/span><\/span><\/span><\/span><\/span><\/span><\/li>\n<li><span style=\"font-size:11pt\"><span style=\"background:white\"><span style=\"color:#212121\"><span style=\"line-height:150%\"><span style=\"tab-stops:list 36.0pt\"><span style=\"box-sizing:border-box\"><span style=\"font-family:Calibri,sans-serif\"><span style=\"font-size:12.0pt\"><span style=\"line-height:150%\"><span style=\"font-family:&quot;Times New Roman&quot;,serif\">Ch\u1ea5t li\u1ec7u inox 304 cao c\u1ea5p v\u1edbi b\u1ec1 m\u1eb7t s\u00e1ng b\u00f3ng, c\u00f9ng kh\u1ea3 n\u0103ng ch\u1ed1ng g\u1ec9 set, \u0103n m\u00f2n hi\u1ec7u qu\u1ea3 trong \u0111i\u1ec1u ki\u1ec7n n\u00f3ng \u1ea9m c\u1ee7a n\u01b0\u1edbc ta. H\u01a1n n\u1eefa, v\u00f2i g\u1ea1t l\u1ea5y n\u01b0\u1edbc inox 304 c\u00f3 th\u1ec3 ch\u1ecbu \u00e1p l\u1ef1c cao, kh\u00f4ng b\u1ecb bi\u1ebfn d\u1ea1ng, mang l\u1ea1i an to\u00e0n tuy\u1ec7t \u0111\u1ed1i trong su\u1ed1t qu\u00e1 tr\u00ecnh s\u1eed d\u1ee5ng.<\/span><\/span><\/span><\/span><\/span><\/span><\/span><\/span><\/span><\/span><\/li>\n<li><span style=\"font-size:11pt\"><span style=\"background:white\"><span style=\"color:#212121\"><span style=\"line-height:150%\"><span style=\"tab-stops:list 36.0pt\"><span style=\"box-sizing:border-box\"><span style=\"font-family:Calibri,sans-serif\"><span style=\"font-size:12.0pt\"><span style=\"line-height:150%\"><span style=\"font-family:&quot;Times New Roman&quot;,serif\">Linh ki\u1ec7n v\u00f2i g\u1ea1t 100% inox \u0111\u01b0\u1ee3c ch\u1ee9ng nh\u1eadn kh\u00f4ng ch\u1ee9a Ch\u00ec ho\u1eb7c c\u00e1c t\u1ea1p ch\u1ea5t n\u00e0o kh\u00e1c, \u0111\u1ea3m b\u1ea3o ngu\u1ed3n n\u01b0\u1edbc theo ti\u00eau chu\u1ea9n v\u1ec7 sinh an to\u00e0n th\u1ef1c ph\u1ea9m v\u00e0 n\u01b0\u1edbc u\u1ed1ng;<\/span><\/span><\/span><\/span><\/span><\/span><\/span><\/span><\/span><\/span><\/li>\n<li><span style=\"font-size:11pt\"><span style=\"background:white\"><span style=\"color:black\"><span style=\"line-height:150%\"><span style=\"tab-stops:list 36.0pt\"><span style=\"box-sizing:border-box\"><span style=\"font-family:Calibri,sans-serif\"><span style=\"font-size:12.0pt\"><span style=\"line-height:150%\"><span style=\"font-family:&quot;Times New Roman&quot;,serif\"><span style=\"color:#212121\">T\u00edch h\u1ee3p v\u1edbi m\u1ecdi m\u00e1y l\u1ecdc n\u01b0\u1edbc gia \u0111\u00ecnh v\u00e0&nbsp;<\/span><\/span><\/span><\/span><span style=\"font-size:12.0pt\"><span style=\"line-height:150%\"><span style=\"font-family:&quot;Times New Roman&quot;,serif\"><a href=\"https:\/\/aqualife.com.vn\/may-loc-nuoc-cong-nghiep\/\" style=\"box-sizing:border-box; touch-action:manipulation; color:blue; text-decoration:underline\"><span style=\"color:black\"><span style=\"text-decoration:none\"><span style=\"text-underline:none\">c\u00f4ng nghi\u1ec7p<\/span><\/span><\/span><\/a>, r\u1ea5t ti\u1ec7n l\u1ee3i khi s\u1eed d\u1ee5ng;<\/span><\/span><\/span><\/span><\/span><\/span><\/span><\/span><\/span><\/span><\/li>\n<li><span style=\"font-size:11pt\"><span style=\"background:white\"><span style=\"color:#212121\"><span style=\"line-height:150%\"><span style=\"tab-stops:list 36.0pt\"><span style=\"box-sizing:border-box\"><span style=\"font-family:Calibri,sans-serif\"><span style=\"font-size:12.0pt\"><span style=\"line-height:150%\"><span style=\"font-family:&quot;Times New Roman&quot;,serif\"><span style=\"color:black\">B\u1ec1 m\u1eb7t s\u00e1ng b\u00f3ng c\u1ee7a ch\u1ea5t li\u1ec7u inox gi\u00fap v\u00f2i g\u1ea1t m\u00e1y l\u1ecdc <\/span><\/span><\/span><\/span><span style=\"font-size:12.0pt\"><span style=\"line-height:150%\"><span style=\"font-family:&quot;Times New Roman&quot;,serif\">n\u01b0\u1edbc kh\u00f4ng b\u00e1m b\u1ee5i m\u00e0 l\u1ea1i d\u1ec5 lau ch\u00f9i, l\u00e0m s\u1ea1ch;<\/span><\/span><\/span><\/span><\/span><\/span><\/span><\/span><\/span><\/span><\/li>\n<li><span style=\"font-size:11pt\"><span style=\"background:white\"><span style=\"color:#212121\"><span style=\"line-height:150%\"><span style=\"tab-stops:list 36.0pt\"><span style=\"box-sizing:border-box\"><span style=\"font-family:Calibri,sans-serif\"><span style=\"font-size:12.0pt\"><span style=\"line-height:150%\"><span style=\"font-family:&quot;Times New Roman&quot;,serif\">Thi\u1ebft k\u1ebf nh\u1ecf g\u1ecdn, d\u1ea1ng c\u1ed5 ng\u1ed7ng r\u1ea5t ti\u1ec7n cho vi\u1ec7c l\u1ea5y n\u01b0\u1edbc. H\u01a1n n\u1eefa, nh\u1edd t\u00ednh linh ho\u1ea1t n\u00ean v\u00f2i g\u1ea1t l\u1ea5y n\u01b0\u1edbc c\u00f3 th\u1ec3 l\u1eafp \u1edf nhi\u1ec1u b\u1ec1 m\u1eb7t r\u1ea5t thu\u1eadn ti\u1ec7n;<\/span><\/span><\/span><\/span><\/span><\/span><\/span><\/span><\/span><\/span><\/li>\n<li><span style=\"font-size:11pt\"><span style=\"background:white\"><span style=\"color:#212121\"><span style=\"line-height:150%\"><span style=\"tab-stops:list 36.0pt\"><span style=\"box-sizing:border-box\"><span style=\"font-family:Calibri,sans-serif\"><span style=\"font-size:12.0pt\"><span style=\"line-height:150%\"><span style=\"font-family:&quot;Times New Roman&quot;,serif\">C\u1ea5u t\u1ea1o \u0111\u01a1n gi\u1ea3n n\u00ean ng\u01b0\u1eddi d\u00f9ng c\u00f3 th\u1ec3 t\u1ef1 l\u1eafp \u0111\u1eb7t m\u00e0 kh\u00f4ng c\u1ea7n bi\u1ebft k\u1ef9 thu\u1eadt;<\/span><\/span><\/span><\/span><\/span><\/span><\/span><\/span><\/span><\/span><\/li>\n<li><span style=\"font-size:11pt\"><span style=\"background:white\"><span style=\"color:#212121\"><span style=\"line-height:150%\"><span style=\"tab-stops:list 36.0pt\"><span style=\"box-sizing:border-box\"><span style=\"font-family:Calibri,sans-serif\"><span style=\"font-size:12.0pt\"><span style=\"line-height:150%\"><span style=\"font-family:&quot;Times New Roman&quot;,serif\">M\u1ee9c gi\u00e1 c\u1ee7a m\u1ed9t chi\u1ebfc v\u00f2i inox g\u1ea1t m\u00e1y l\u1ecdc n\u01b0\u1edbc kh\u00e1 h\u1ee3p l\u00fd v\u1edbi kinh t\u1ebf c\u1ee7a c\u00e1c gia \u0111\u00ecnh;<\/span><\/span><\/span><\/span><\/span><\/span><\/span><\/span><\/span><\/span><\/li>\n<\/ul>\n<h3><span style=\"font-size:13.5pt\"><span style=\"background:white\"><span style=\"line-height:150%\"><span style=\"font-family:&quot;Times New Roman&quot;,serif\"><span style=\"font-weight:bold\"><span style=\"font-size:13.0pt\"><span style=\"line-height:150%\"><span style=\"color:black\">C\u00f4ng d\u1ee5ng c\u1ee7a v\u00f2i g\u1ea1t l\u1ea5y n\u01b0\u1edbc m\u00e1y l\u1ecdc RO<\/span><\/span><\/span><\/span><\/span><\/span><\/span><\/span><\/h3>\n<p style=\"text-align:start; -webkit-text-stroke-width:0px\"><span style=\"font-size:12pt\"><span style=\"background:white\"><span style=\"line-height:150%\"><span style=\"box-sizing:border-box\"><span style=\"font-variant-ligatures:normal\"><span style=\"font-variant-caps:normal\"><span style=\"orphans:2\"><span style=\"widows:2\"><span style=\"text-decoration-thickness:initial\"><span style=\"text-decoration-style:initial\"><span style=\"text-decoration-color:initial\"><span style=\"word-spacing:0px\"><span style=\"font-family:&quot;Times New Roman&quot;,serif\"><span style=\"color:#212121\">V\u00f2i g\u1ea1t inox gi\u00fap cung c\u1ea5p n\u01b0\u1edbc \u0111\u00e3 \u0111\u01b0\u1ee3c l\u1ecdc s\u1ea1ch, tinh khi\u1ebft t\u1eeb c\u00e1c m\u00e1y l\u1ecdc n\u01b0\u1edbc RO v\u00e0o d\u1ee5ng c\u1ee5 l\u1ea5y n\u01b0\u1edbc \u0111\u1ec3 ng\u01b0\u1eddi s\u1eed d\u1ee5ng c\u00f3 th\u1ec3 u\u1ed1ng tr\u1ef1c ti\u1ebfp. S\u1ea3n ph\u1ea9m \u0111\u01b0\u1ee3c ch\u1ee9ng nh\u1eadn v\u1ec1 ch\u1ea5t l\u01b0\u1ee3ng v\u00e0 an to\u00e0n n\u01b0\u1edbc u\u1ed1ng n\u00ean b\u1ea3o \u0111\u1ea3m kh\u00f4ng g\u00e2y bi\u1ebfn \u0111\u1ed5i hay \u1ea3nh h\u01b0\u1edfng t\u1edbi n\u01b0\u1edbc sau l\u1ecdc.<\/span><\/span><\/span><\/span><\/span><\/span><\/span><\/span><\/span><\/span><\/span><\/span><\/span><\/span><\/p>\n<p><span style=\"font-size:12pt\"><span style=\"background:white\"><span style=\"line-height:150%\"><span style=\"font-family:&quot;Times New Roman&quot;,serif\"><span style=\"color:#212121\">Tr\u00ean th\u1ecb tr\u01b0\u1eddng hi\u1ec7n nay c\u00f3 r\u1ea5t nhi\u1ec1u \u0111\u1ecba ch\u1ec9 b\u00e1n v\u00f2i g\u1ea1t n\u01b0\u1edbc v\u1edbi \u0111\u1ee7 m\u1ecdi th\u01b0\u01a1ng hi\u1ec7u v\u00e0 m\u1eabu m\u00e3 kh\u00e1c nhau g\u00e2y kh\u00f3 kh\u0103n cho ng\u01b0\u1eddi ti\u00eau d\u00f9ng l\u1ef1a ch\u1ecdn. Th\u00eam n\u1eefa, nh\u00ecn b\u00ean ngo\u00e0i c\u00e1c v\u00f2i g\u1ea1t n\u00e0y d\u01b0\u1eddng nh\u01b0 r\u1ea5t gi\u1ed1ng nhau v\u00e0 kh\u00f3 ph\u00e2n bi\u1ec7t \u0111\u01b0\u1ee3c ch\u1ea5t l\u01b0\u1ee3ng.<\/span><\/span><\/span><\/span><\/span><\/p>\n<p><span style=\"font-size:12pt\"><span style=\"background:white\"><span style=\"line-height:150%\"><span style=\"font-family:&quot;Times New Roman&quot;,serif\"><span style=\"color:#212121\">Do v\u1eady, \u0111\u1ec3 mua \u0111\u01b0\u1ee3c&nbsp;<strong style=\"box-sizing:border-box\"><u><span style=\"font-weight:normal\">v\u00f2i g\u1ea1t l\u1ea5y n\u01b0\u1edbc<\/span><\/u><\/strong>&nbsp;ch\u1ea5t l\u01b0\u1ee3ng v\u00e0 b\u00ecnh \u1ed5n gi\u00e1 th\u00e0nh, kh\u00e1ch h\u00e0ng n\u00ean t\u00ecm \u0111\u1ebfn nh\u1eefng nh\u00e0 ph\u00e2n ph\u1ed1i l\u1edbn, c\u00f3 t\u00ean tu\u1ed5i \u0111\u01b0\u1ee3c b\u1ea3o ch\u1ee9ng tr\u00ean th\u1ecb tr\u01b0\u1eddng c\u00f9ng v\u1edbi m\u1ed9t d\u1ecbch v\u1ee5 chuy\u00ean nghi\u1ec7p nh\u1ea5t<\/span><span style=\"color:#212121\"> nh\u01b0 iClean.<\/span><\/span><\/span><\/span><\/span><\/p>\n","protected":false},"excerpt":{"rendered":"<p>V\u00f2i g\u1ea1t l\u1ea5y n\u01b0\u1edbc&nbsp;c\u1ee7a m\u00e1y l\u1ecdc n\u01b0\u1edbc t\u01b0\u1edfng nh\u01b0 \u0111\u01a1n gi\u1ea3n, kh\u00f4ng qu\u00e1 quan tr\u1ecdng v\u1edbi h\u1ec7 th\u1ed1ng nh\u01b0ng n\u00f3 l\u1ea1i c\u00f3 th\u1ec3 \u1ea3nh h\u01b0\u1edfng tr\u1ef1c ti\u1ebfp t\u1edbi ch\u1ea5t l\u01b0\u1ee3ng ngu\u1ed3n n\u01b0\u1edbc l\u1ecdc \u0111\u1ea7u ra. Ngo\u00e0i ra n\u1ebfu thi\u1ebfu&nbsp;v\u00f2i g\u1ea1t m\u00e1y l\u1ecdc n\u01b0\u1edbc&nbsp;s\u1ebd kh\u00f4ng th\u1ec3 l\u1ea5y n\u01b0\u1edbc ra theo \u0111\u00fang nhu c\u1ea7u s\u1eed d\u1ee5ng. Linh [&hellip;]<\/p>\n","protected":false},"featured_media":220,"comment_status":"open","ping_status":"closed","template":"","meta":[],"product_brand":[],"product_cat":[45],"product_tag":[],"class_list":{"0":"post-219","1":"product","2":"type-product","3":"status-publish","4":"has-post-thumbnail","6":"product_cat-iclean-import","8":"first","9":"instock","10":"shipping-taxable","11":"purchasable","12":"product-type-simple"},"_links":{"self":[{"href":"https:\/\/mf260.techfindme.xyz\/index.php?rest_route=\/wp\/v2\/product\/219","targetHints":{"allow":["GET"]}}],"collection":[{"href":"https:\/\/mf260.techfindme.xyz\/index.php?rest_route=\/wp\/v2\/product"}],"about":[{"href":"https:\/\/mf260.techfindme.xyz\/index.php?rest_route=\/wp\/v2\/types\/product"}],"replies":[{"embeddable":true,"href":"https:\/\/mf260.techfindme.xyz\/index.php?rest_route=%2Fwp%2Fv2%2Fcomments&post=219"}],"wp:featuredmedia":[{"embeddable":true,"href":"https:\/\/mf260.techfindme.xyz\/index.php?rest_route=\/wp\/v2\/media\/220"}],"wp:attachment":[{"href":"https:\/\/mf260.techfindme.xyz\/index.php?rest_route=%2Fwp%2Fv2%2Fmedia&parent=219"}],"wp:term":[{"taxonomy":"product_brand","embeddable":true,"href":"https:\/\/mf260.techfindme.xyz\/index.php?rest_route=%2Fwp%2Fv2%2Fproduct_brand&post=219"},{"taxonomy":"product_cat","embeddable":true,"href":"https:\/\/mf260.techfindme.xyz\/index.php?rest_route=%2Fwp%2Fv2%2Fproduct_cat&post=219"},{"taxonomy":"product_tag","embeddable":true,"href":"https:\/\/mf260.techfindme.xyz\/index.php?rest_route=%2Fwp%2Fv2%2Fproduct_tag&post=219"}],"curies":[{"name":"wp","href":"https:\/\/api.w.org\/{rel}","templated":true}]}}