{"id":217,"date":"2026-04-20T10:44:03","date_gmt":"2026-04-20T10:44:03","guid":{"rendered":"http:\/\/mf260.techfindme.xyz\/?product=nguon-1-5a-24v"},"modified":"2026-04-20T10:44:03","modified_gmt":"2026-04-20T10:44:03","slug":"nguon-1-5a-24v","status":"publish","type":"product","link":"https:\/\/mf260.techfindme.xyz\/?product=nguon-1-5a-24v","title":{"rendered":"Ngu\u1ed3n 1.5A, 24V iClean ( h\u00e0ng cao c\u1ea5p, 800gr)"},"content":{"rendered":"<p style=\"text-align:justify\"><span style=\"font-size:11pt\"><span style=\"background:white\"><span style=\"line-height:150%\"><span style=\"font-family:Calibri,sans-serif\"><i><u><span style=\"font-size:12.0pt\"><span style=\"line-height:150%\"><span style=\"font-family:&quot;Times New Roman&quot;,serif\"><span style=\"color:black\">B\u1ed9 chuy\u1ec3n ngu\u1ed3n adaptor 24v<\/span><\/span><\/span><\/span><\/u><\/i><span style=\"font-size:12.0pt\"><span style=\"line-height:150%\"><span style=\"font-family:&quot;Times New Roman&quot;,serif\"><span style=\"color:black\"> l\u00e0 m\u1ed9t trong nh\u1eefng linh ki\u1ec7n quan tr\u1ecdng kh\u00f4ng th\u1ec3 thi\u1ebfu trong h\u1ec7 th\u1ed1ng m\u00e1y l\u1ecdc n\u01b0\u1edbc. B\u1edfi n\u1ebfu kh\u00f4ng c\u00f3 b\u1ed9 chuy\u1ec3n ngu\u1ed3n n\u00e0y th\u00ec s\u1ebd kh\u00f4ng c\u00f3 d\u00f2ng \u0111i\u1ec7n cung c\u1ea5p cho s\u1ef1 ho\u1ea1t \u0111\u1ed9ng c\u1ee7a h\u1ec7 th\u1ed1ng m\u00e1y l\u1ecdc n\u01b0\u1edbc <\/span><\/span><\/span><\/span><span lang=\"VI\" style=\"font-size:12.0pt\"><span style=\"line-height:150%\"><span style=\"font-family:&quot;Times New Roman&quot;,serif\"><span style=\"color:black\">RO.<\/span><\/span><\/span><\/span><\/span><\/span><\/span><\/span><\/p>\n<p style=\"text-align:justify\">\n<span style=\"font-size:11pt\"><span style=\"background:white\"><span style=\"line-height:150%\"><span style=\"font-family:Calibri,sans-serif\"><b><span lang=\"VI\" style=\"font-size:12.0pt\"><span style=\"line-height:150%\"><span style=\"font-family:&quot;Times New Roman&quot;,serif\"><span style=\"color:black\">Th\u00f4ng s\u1ed1 k\u0129 thu\u1eadt<\/span><\/span><\/span><\/span><\/b><\/span><\/span><\/span><\/span><\/p>\n<p style=\"text-align:justify\"><span style=\"font-size:11pt\"><span style=\"background:white\"><span style=\"line-height:150%\"><span style=\"font-family:Calibri,sans-serif\"><span style=\"font-size:12.0pt\"><span style=\"line-height:150%\"><span style=\"font-family:&quot;Times New Roman&quot;,serif\"><span style=\"color:black\">T\u00ean s\u1ea3n ph\u1ea9m: B\u1ed9 \u0111\u1ed5i ngu\u00f4\u0300n 24V-1.5A<\/span><\/span><\/span><\/span><\/span><\/span><\/span><\/span><\/p>\n<p style=\"text-align:justify\"><span style=\"font-size:11pt\"><span style=\"background:white\"><span style=\"line-height:150%\"><span style=\"font-family:Calibri,sans-serif\"><span style=\"font-size:12.0pt\"><span style=\"line-height:150%\"><span style=\"font-family:&quot;Times New Roman&quot;,serif\"><span style=\"color:black\">\u0110i\u1ec7n \u00e1p v\u00e0o: AC 220 V- 240V\/ 50Hz-60HZ<\/span><\/span><\/span><\/span><\/span><\/span><\/span><\/span><\/p>\n<p style=\"text-align:justify\"><span style=\"font-size:11pt\"><span style=\"background:white\"><span style=\"line-height:150%\"><span style=\"font-family:Calibri,sans-serif\"><span style=\"font-size:12.0pt\"><span style=\"line-height:150%\"><span style=\"font-family:&quot;Times New Roman&quot;,serif\"><span style=\"color:black\">\u0110i\u1ec7n \u00e1p ra: 24VDC \u2013 1.5A K\u00edch th\u01b0\u1edbc: 86x63x55 mm<\/span><\/span><\/span><\/span><\/span><\/span><\/span><\/span><\/p>\n<p><span style=\"font-size:11pt\"><span style=\"background:white\"><span style=\"line-height:150%\"><span style=\"font-family:Calibri,sans-serif\"><span style=\"font-size:12.0pt\"><span style=\"background:white\"><span style=\"line-height:150%\"><span style=\"font-family:&quot;Times New Roman&quot;,serif\"><span style=\"color:black\">C\u01a1 c\u1ea5u: V\u1ecf nh\u1ef1a k\u00edn<\/span><\/span><\/span><\/span><\/span><\/span><\/span><\/span><\/span><\/p>\n<p style=\"text-align:justify\"><span style=\"font-size:11pt\"><span style=\"background:white\"><span style=\"line-height:150%\"><span style=\"font-family:Calibri,sans-serif\"><span style=\"font-size:12.0pt\"><span style=\"line-height:150%\"><span style=\"font-family:&quot;Times New Roman&quot;,serif\"><span style=\"color:black\">Tr\u1ecdng l\u01b0\u1ee3ng: <\/span><\/span><\/span><\/span><span lang=\"VI\" style=\"font-size:12.0pt\"><span style=\"line-height:150%\"><span style=\"font-family:&quot;Times New Roman&quot;,serif\"><span style=\"color:black\">75<\/span><\/span><\/span><\/span><span style=\"font-size:12.0pt\"><span style=\"line-height:150%\"><span style=\"font-family:&quot;Times New Roman&quot;,serif\"><span style=\"color:black\">0g <\/span><\/span><\/span><\/span><\/span><\/span><\/span><\/span><\/p>\n<p style=\"text-align:justify\"><span style=\"font-size:11pt\"><span style=\"background:white\"><span style=\"line-height:150%\"><span style=\"font-family:Calibri,sans-serif\"><span style=\"font-size:12.0pt\"><span style=\"line-height:150%\"><span style=\"font-family:&quot;Times New Roman&quot;,serif\"><span style=\"color:black\">T\u00ecnh tr\u1ea1ng: m\u1edbi 100%<\/span><\/span><\/span><\/span><\/span><\/span><\/span><\/span><\/p>\n<p style=\"text-align:justify\"><span style=\"font-size:11pt\"><span style=\"background:white\"><span style=\"line-height:150%\"><span style=\"font-family:Calibri,sans-serif\"><span style=\"font-size:12.0pt\"><span style=\"line-height:150%\"><span style=\"font-family:&quot;Times New Roman&quot;,serif\"><span style=\"color:black\">S\u1eed d\u1ee5ng \u0111\u1ed5i ngu\u1ed3n 24V cho m\u00e1y l\u1ecdc n\u01b0\u1edbc RO, m\u00e1y phun s\u01b0\u01a1ng, thi\u1ebft b\u1ecb \u0111i\u1ec7n s\u1eed d\u1ee5ng \u0111i\u1ec7n 24V<\/span><\/span><\/span><\/span><\/span><\/span><\/span><\/span><\/p>\n<p style=\"text-align:justify\"><span style=\"font-size:11pt\"><span style=\"background:white\"><span style=\"line-height:150%\"><span style=\"font-family:Calibri,sans-serif\"><span style=\"font-size:12.0pt\"><span style=\"line-height:150%\"><span style=\"font-family:&quot;Times New Roman&quot;,serif\"><span style=\"color:black\">B\u1ed9 ngu\u1ed3n adaptor 24v l\u00e0 s\u1ea3n ph\u1ea9m chuy\u00ean cung c\u1ea5p d\u00f2ng \u0111i\u1ec7n cho h\u1ec7 th\u1ed1ng m\u00e1y l\u1ecdc n\u01b0\u1edbc RO<\/span><\/span><\/span><\/span><span style=\"font-size:12.0pt\"><span style=\"line-height:150%\"><span style=\"font-family:&quot;Times New Roman&quot;,serif\"><span style=\"color:black\"> v\u00e0 m\u1ed9t s\u1ed1 thi\u1ebft b\u1ecb kh\u00e1c t\u01b0\u01a1ng \u0111\u01b0\u01a1ng<\/span><\/span><\/span><\/span>&nbsp;<\/span><\/span><\/span><\/span><\/p>\n<p style=\"text-align:justify\"><span style=\"font-size:11pt\"><span style=\"background:white\"><span style=\"line-height:150%\"><span style=\"font-family:Calibri,sans-serif\"><span lang=\"VI\" style=\"font-size:12.0pt\"><span style=\"line-height:150%\"><span style=\"font-family:&quot;Times New Roman&quot;,serif\"><span style=\"color:black\">&#8211; <\/span><\/span><\/span><\/span><span style=\"font-size:12.0pt\"><span style=\"line-height:150%\"><span style=\"font-family:&quot;Times New Roman&quot;,serif\"><span style=\"color:black\">B\u1ed9 ngu\u1ed3n 24v \u0111\u01b0\u1ee3c l\u00e0m t\u1eeb v\u1eadt li\u1ec7u nh\u1ef1a cao c\u1ea5p c\u00f3 kh\u1ea3 n\u0103ng ch\u1ecbu \u0111\u01b0\u1ee3c va \u0111\u1eadp m\u1ea1nh, gi\u00fap cho vi\u1ec7c s\u1eed d\u1ee5ng thi\u1ebft b\u1ecb tr\u1edf n\u00ean an to\u00e0n v\u00e0 hi\u1ec7u qu\u1ea3 h\u01a1n theo th\u1eddi gian.&nbsp;<\/span><\/span><\/span><\/span><\/span><\/span><\/span><\/span><\/p>\n<p style=\"text-align:justify\"><span style=\"font-size:11pt\"><span style=\"background:white\"><span style=\"line-height:150%\"><span style=\"font-family:Calibri,sans-serif\"><span lang=\"VI\" style=\"font-size:12.0pt\"><span style=\"line-height:150%\"><span style=\"font-family:&quot;Times New Roman&quot;,serif\"><span style=\"color:black\">&#8211; <\/span><\/span><\/span><\/span><span style=\"font-size:12.0pt\"><span style=\"line-height:150%\"><span style=\"font-family:&quot;Times New Roman&quot;,serif\"><span style=\"color:black\">\u0110\u01b0\u1ee3c thi\u1ebft k\u1ebf g\u1ecdn nh\u1eb9 d\u1ea1ng h\u00ecnh h\u1ed9p ch\u1eef nh\u1eadt, d\u00e2y \u0111i\u1ec7n lu\u00f4n d\u00e0i gi\u00fap cho ng\u01b0\u1eddi d\u00f9ng c\u00f3 th\u1ec3 d\u1ec5 d\u00e0ng s\u1eed d\u1ee5ng.<\/span><\/span><\/span><\/span><\/span><\/span><\/span><\/span><\/p>\n<p style=\"text-align:justify\"><span style=\"font-size:11pt\"><span style=\"background:white\"><span style=\"line-height:150%\"><span style=\"font-family:Calibri,sans-serif\"><span style=\"font-size:12.0pt\"><span style=\"line-height:150%\"><span style=\"font-family:&quot;Times New Roman&quot;,serif\"><span style=\"color:black\">&#8211; B\u1ed9 chuy\u1ec3n ngu\u1ed3n adaptor 24v c\u00f3 t\u00e1c d\u1ee5ng chuy\u1ec3n \u0111\u1ed5i t\u1eeb \u0111i\u1ec7n 220v th\u00e0nh d\u00f2ng \u0111i\u1ec7n 1 chi\u1ec1u. T\u1eeb \u0111\u00f3 gi\u00fap c\u00e1c lo\u1ea1i m\u00e1y b\u01a1m trong m\u00e1y l\u1ecdc n\u01b0\u1edbc RO<\/span><\/span><\/span><\/span><span style=\"font-size:12.0pt\"><span style=\"line-height:150%\"><span style=\"font-family:&quot;Times New Roman&quot;,serif\"><span style=\"color:black\"> v\u00e0 m\u1ed9t s\u1ed1 thi\u1ebft b\u1ecb t\u01b0\u01a1ng \u0111\u01b0\u01a1ng kh\u00e1c <\/span><\/span><\/span><\/span><span style=\"font-size:12.0pt\"><span style=\"line-height:150%\"><span style=\"font-family:&quot;Times New Roman&quot;,serif\"><span style=\"color:black\">ho\u1ea1t \u0111\u1ed9ng m\u1ed9t c\u00e1ch \u1ed5n \u0111\u1ecbnh v\u00e0 hi\u1ec7u qu\u1ea3 h\u01a1n \u0111i\u1ec7n \u00e1p th\u00f4ng th\u01b0\u1eddng.<\/span><\/span><\/span><\/span><\/span><\/span><\/span><\/span><\/p>\n<p style=\"text-align:justify\"><span style=\"font-size:11pt\"><span style=\"background:white\"><span style=\"line-height:150%\"><span style=\"font-family:Calibri,sans-serif\"><span style=\"font-size:12.0pt\"><span style=\"line-height:150%\"><span style=\"font-family:&quot;Times New Roman&quot;,serif\"><span style=\"color:black\">&#8211; S\u1eed d\u1ee5ng b\u1ed9 chuy\u1ec3n ngu\u1ed5n adaptor 24v c\u00f2n gi\u00fap n\u00e2ng cao tu\u1ed5i th\u1ecd c\u1ee7a to\u00e0n b\u1ed9 h\u1ec7 th\u1ed1ng <\/span><\/span><\/span><\/span><span lang=\"VI\" style=\"font-size:12.0pt\"><span style=\"line-height:150%\"><span style=\"font-family:&quot;Times New Roman&quot;,serif\"><span style=\"color:black\">\u0111i\u1ec7n <\/span><\/span><\/span><\/span><span style=\"font-size:12.0pt\"><span style=\"line-height:150%\"><span style=\"font-family:&quot;Times New Roman&quot;,serif\"><span style=\"color:black\">tr\u01b0\u1edbc nh\u1eefng t\u00e1c \u0111\u1ed9ng t\u1eeb d\u00f2ng \u0111i\u1ec7n nh\u01b0 ch\u1eadp \u0111i\u1ec7n, ch\u00e1y n\u1ed5&#8230;<\/span><\/span><\/span><\/span><\/span><\/span><\/span><\/span><\/p>\n","protected":false},"excerpt":{"rendered":"<p>B\u1ed9 chuy\u1ec3n ngu\u1ed3n adaptor 24v l\u00e0 m\u1ed9t trong nh\u1eefng linh ki\u1ec7n quan tr\u1ecdng kh\u00f4ng th\u1ec3 thi\u1ebfu trong h\u1ec7 th\u1ed1ng m\u00e1y l\u1ecdc n\u01b0\u1edbc. B\u1edfi n\u1ebfu kh\u00f4ng c\u00f3 b\u1ed9 chuy\u1ec3n ngu\u1ed3n n\u00e0y th\u00ec s\u1ebd kh\u00f4ng c\u00f3 d\u00f2ng \u0111i\u1ec7n cung c\u1ea5p cho s\u1ef1 ho\u1ea1t \u0111\u1ed9ng c\u1ee7a h\u1ec7 th\u1ed1ng m\u00e1y l\u1ecdc n\u01b0\u1edbc RO. Th\u00f4ng s\u1ed1 k\u0129 thu\u1eadt T\u00ean s\u1ea3n [&hellip;]<\/p>\n","protected":false},"featured_media":218,"comment_status":"open","ping_status":"closed","template":"","meta":[],"product_brand":[],"product_cat":[45],"product_tag":[],"class_list":{"0":"post-217","1":"product","2":"type-product","3":"status-publish","4":"has-post-thumbnail","6":"product_cat-iclean-import","8":"first","9":"instock","10":"shipping-taxable","11":"purchasable","12":"product-type-simple"},"_links":{"self":[{"href":"https:\/\/mf260.techfindme.xyz\/index.php?rest_route=\/wp\/v2\/product\/217","targetHints":{"allow":["GET"]}}],"collection":[{"href":"https:\/\/mf260.techfindme.xyz\/index.php?rest_route=\/wp\/v2\/product"}],"about":[{"href":"https:\/\/mf260.techfindme.xyz\/index.php?rest_route=\/wp\/v2\/types\/product"}],"replies":[{"embeddable":true,"href":"https:\/\/mf260.techfindme.xyz\/index.php?rest_route=%2Fwp%2Fv2%2Fcomments&post=217"}],"wp:featuredmedia":[{"embeddable":true,"href":"https:\/\/mf260.techfindme.xyz\/index.php?rest_route=\/wp\/v2\/media\/218"}],"wp:attachment":[{"href":"https:\/\/mf260.techfindme.xyz\/index.php?rest_route=%2Fwp%2Fv2%2Fmedia&parent=217"}],"wp:term":[{"taxonomy":"product_brand","embeddable":true,"href":"https:\/\/mf260.techfindme.xyz\/index.php?rest_route=%2Fwp%2Fv2%2Fproduct_brand&post=217"},{"taxonomy":"product_cat","embeddable":true,"href":"https:\/\/mf260.techfindme.xyz\/index.php?rest_route=%2Fwp%2Fv2%2Fproduct_cat&post=217"},{"taxonomy":"product_tag","embeddable":true,"href":"https:\/\/mf260.techfindme.xyz\/index.php?rest_route=%2Fwp%2Fv2%2Fproduct_tag&post=217"}],"curies":[{"name":"wp","href":"https:\/\/api.w.org\/{rel}","templated":true}]}}