{"id":211,"date":"2026-04-20T10:44:01","date_gmt":"2026-04-20T10:44:01","guid":{"rendered":"http:\/\/mf260.techfindme.xyz\/?product=day-dan-nuoc"},"modified":"2026-04-20T10:44:01","modified_gmt":"2026-04-20T10:44:01","slug":"day-dan-nuoc","status":"publish","type":"product","link":"https:\/\/mf260.techfindme.xyz\/?product=day-dan-nuoc","title":{"rendered":"D\u00e2y nh\u1ecf phi 1\/4\u201d"},"content":{"rendered":"<p><span style=\"font-size:12pt\"><span style=\"background:white\"><span style=\"line-height:115%\"><span style=\"font-family:&quot;Times New Roman&quot;,serif\"><strong><span style=\"font-size:13.0pt\"><span style=\"line-height:115%\"><span style=\"color:#212121\">D\u00e2y <\/span><\/span><\/span><\/strong><strong><span lang=\"VI\" style=\"font-size:13.0pt\"><span style=\"line-height:115%\"><span style=\"color:#212121\">d\u1eabn <\/span><\/span><\/span><\/strong><strong><span style=\"font-size:13.0pt\"><span style=\"line-height:115%\"><span style=\"color:#212121\">m\u00e1y l\u1ecdc n\u01b0\u1edbc&nbsp;RO<\/span><\/span><\/span><\/strong><span style=\"color:#212121\">&nbsp;l\u00e0 m\u1ed9t b\u1ed9 ph\u1eadn kh\u00f4ng th\u1ec3 thi\u1ebfu trong c\u00e1c h\u1ec7 th\u1ed1ng l\u1ecdc n\u01b0\u1edbc.<\/span><\/span><\/span><\/span><\/span><\/p>\n<p><span style=\"font-size:12pt\"><span style=\"background:white\"><span style=\"line-height:115%\"><span style=\"font-family:&quot;Times New Roman&quot;,serif\"><strong><i><span style=\"color:#212121\"><span style=\"font-weight:normal\">D\u00e2y m\u00e1y l\u1ecdc n\u01b0\u1edbc RO<\/span><\/span><\/i><\/strong><span style=\"color:#212121\">&nbsp;gi\u00fap \u0111\u01b0a n\u01b0\u1edbc th\u1ea3i ra ngo\u00e0i ho\u1eb7c \u0111\u01b0a n\u01b0\u1edbc c\u1ea5p v\u00e0o trong.<\/span><\/span><\/span><\/span><\/span><\/p>\n<p style=\"text-align:start; -webkit-text-stroke-width:0px\"><span style=\"font-size:12pt\"><span style=\"background:white\"><span style=\"line-height:115%\"><span style=\"box-sizing:border-box\"><span style=\"font-variant-ligatures:normal\"><span style=\"font-variant-caps:normal\"><span style=\"orphans:2\"><span style=\"widows:2\"><span style=\"text-decoration-thickness:initial\"><span style=\"text-decoration-style:initial\"><span style=\"text-decoration-color:initial\"><span style=\"word-spacing:0px\"><span style=\"font-family:&quot;Times New Roman&quot;,serif\"><span style=\"color:#212121\">Nh\u01b0 \u0111\u00e3 bi\u1ebft th\u00ec v\u1edbi b\u1ea5t k\u00ec m\u00e1y l\u1ecdc n\u01b0\u1edbc n\u00e0o th\u00ec hi\u1ec7u su\u1ea5t l\u1ecdc kh\u00f4ng bao gi\u1edd \u0111\u1ea1t \u0111\u01b0\u1ee3c 100%. \u0110i\u1ec1u n\u00e0y c\u00f3 ngh\u0129a kh\u00f4ng th\u1ec3 chuy\u1ec3n 100% n\u01b0\u1edbc ngu\u1ed3n v\u00e0o th\u00e0nh n\u01b0\u1edbc \u0111\u1ea7u ra l\u1ecdc s\u1ea1ch m\u00e0 kh\u00f4ng c\u00f3 n\u01b0\u1edbc th\u1ea3i.<\/span><\/span><\/span><\/span><\/span><\/span><\/span><\/span><\/span><\/span><\/span><\/span><\/span><\/span><\/p>\n<p style=\"text-align:start; -webkit-text-stroke-width:0px\"><span style=\"font-size:12pt\"><span style=\"background:white\"><span style=\"line-height:115%\"><span style=\"box-sizing:border-box\"><span style=\"font-variant-ligatures:normal\"><span style=\"font-variant-caps:normal\"><span style=\"orphans:2\"><span style=\"widows:2\"><span style=\"text-decoration-thickness:initial\"><span style=\"text-decoration-style:initial\"><span style=\"text-decoration-color:initial\"><span style=\"word-spacing:0px\"><span style=\"font-family:&quot;Times New Roman&quot;,serif\"><span style=\"color:#212121\">Do \u0111\u00f3 n\u1ebfu kh\u00f4ng c\u00f3 d\u00e2y th\u1ea3i m\u00e1y l\u1ecdc n\u01b0\u1edbc th\u00ec s\u1ebd kh\u00f4ng th\u1ec3 d\u1eabn n\u01b0\u1edbc th\u1ea3i ra b\u00ean ngo\u00e0i \u0111\u1ec3 \u0111\u1ea3m b\u1ea3o v\u1eadn h\u00e0nh v\u00e0 \u1ed5n \u0111\u1ecbnh cho to\u00e0n b\u1ed9 h\u1ec7 th\u1ed1ng.<\/span><\/span><\/span><\/span><\/span><\/span><\/span><\/span><\/span><\/span><\/span><\/span><\/span><\/span><span style=\"font-size:18pt\"><span style=\"background:white\"><span style=\"line-height:115%\"><span style=\"font-family:&quot;Times New Roman&quot;,serif\"><span style=\"font-weight:bold\"><i><\/i><\/span><\/span><\/span><\/span><\/span><span style=\"font-size:18pt\"><span style=\"background:white\"><span style=\"line-height:115%\"><span style=\"font-family:&quot;Times New Roman&quot;,serif\"><span style=\"font-weight:bold\"><i><\/i><\/span><\/span><\/span><\/span><\/span><\/p>\n<p style=\"text-align:start; -webkit-text-stroke-width:0px\"><span style=\"font-size:18pt\"><span style=\"background:white\"><span style=\"line-height:115%\"><span style=\"font-family:&quot;Times New Roman&quot;,serif\"><span style=\"font-weight:bold\"><i><span style=\"font-size:12.0pt\"><span style=\"line-height:115%\"><span style=\"color:black\">\u0110\u1eb7c \u0111i\u1ec3m c\u1ee7a d\u00e2y <\/span><\/span><\/span><\/i><i><span lang=\"VI\" style=\"font-size:12.0pt\"><span style=\"line-height:115%\"><span style=\"color:black\">d\u1eabn<\/span><\/span><\/span><\/i><i><span style=\"font-size:12.0pt\"><span style=\"line-height:115%\"><span style=\"color:black\"> m\u00e1y l\u1ecdc n\u01b0\u1edbc RO<\/span><\/span><\/span><\/i><\/span><\/span><\/span><\/span><\/span><\/p>\n<p style=\"text-align:start; -webkit-text-stroke-width:0px\"><span style=\"font-size:12pt\"><span style=\"background:white\"><span style=\"line-height:115%\"><span style=\"box-sizing:border-box\"><span style=\"font-variant-ligatures:normal\"><span style=\"font-variant-caps:normal\"><span style=\"orphans:2\"><span style=\"widows:2\"><span style=\"text-decoration-thickness:initial\"><span style=\"text-decoration-style:initial\"><span style=\"text-decoration-color:initial\"><span style=\"word-spacing:0px\"><span style=\"font-family:&quot;Times New Roman&quot;,serif\"><span lang=\"VI\" style=\"color:#212121\">D\u00e2y d\u1eabn<\/span><span style=\"color:#212121\"> \u0111\u01b0\u1ee3c c\u1ea5u t\u1ea1o t\u1eeb v\u1eadt li\u1ec7u nh\u1ef1a chuy\u00ean d\u1ee5ng v\u1edbi \u0111\u1eb7c t\u00ednh v\u00e0 \u0111\u1ed9 b\u1ec1n c\u01a1 h\u1ecdc cao. Nh\u1eefng th\u00f4ng s\u1ed1 c\u01a1 b\u1ea3n c\u1ee7a&nbsp;<strong style=\"box-sizing:border-box\">d\u00e2y <\/strong><\/span><strong><span lang=\"VI\" style=\"color:#212121\">d\u1eabn <\/span><span style=\"color:#212121\">RO<\/span><\/strong><\/span><\/span><\/span><\/span><\/span><\/span><\/span><\/span><\/span><\/span><\/span><\/span><\/span><\/p>\n<ul>\n<li><span style=\"font-size:11pt\"><span style=\"background:white\"><span style=\"color:#212121\"><span style=\"line-height:115%\"><span style=\"tab-stops:list 36.0pt\"><span style=\"box-sizing:border-box\"><span style=\"font-family:Calibri,sans-serif\"><span style=\"font-size:12.0pt\"><span style=\"line-height:115%\"><span style=\"font-family:&quot;Times New Roman&quot;,serif\">Xu\u1ea5t x\u1ee9: \u0110\u00e0i Loan;<\/span><\/span><\/span><\/span><\/span><\/span><\/span><\/span><\/span><\/span><\/li>\n<li><span style=\"font-size:11pt\"><span style=\"background:white\"><span style=\"color:#212121\"><span style=\"line-height:115%\"><span style=\"tab-stops:list 36.0pt\"><span style=\"box-sizing:border-box\"><span style=\"font-family:Calibri,sans-serif\"><span style=\"font-size:12.0pt\"><span style=\"line-height:115%\"><span style=\"font-family:&quot;Times New Roman&quot;,serif\">M\u00e0u s\u1eafc: Tr\u1eafng<\/span><\/span><\/span><\/span><\/span><\/span><\/span><\/span><\/span><\/span><\/li>\n<li><span style=\"font-size:11pt\"><span style=\"background:white\"><span style=\"color:#212121\"><span style=\"line-height:115%\"><span style=\"tab-stops:list 36.0pt\"><span style=\"box-sizing:border-box\"><span style=\"font-family:Calibri,sans-serif\"><span style=\"font-size:12.0pt\"><span style=\"line-height:115%\"><span style=\"font-family:&quot;Times New Roman&quot;,serif\">Ch\u1ea5t li\u1ec7u: Nh\u1ef1a PE \u2013 Polyethylen an to\u00e0n;<\/span><\/span><\/span><\/span><\/span><\/span><\/span><\/span><\/span><\/span><\/li>\n<li><span style=\"font-size:11pt\"><span style=\"background:white\"><span style=\"color:#212121\"><span style=\"line-height:115%\"><span style=\"tab-stops:list 36.0pt\"><span style=\"box-sizing:border-box\"><span style=\"font-family:Calibri,sans-serif\"><span style=\"font-size:12.0pt\"><span style=\"line-height:115%\"><span style=\"font-family:&quot;Times New Roman&quot;,serif\">\u0110\u01b0\u1eddng k\u00ednh: <\/span><\/span><\/span><span lang=\"VI\" style=\"font-size:12.0pt\"><span style=\"line-height:115%\"><span style=\"font-family:&quot;Times New Roman&quot;,serif\">6mm&nbsp;<\/span><\/span><\/span><\/span><\/span><\/span><\/span><\/span><\/span><\/span><\/li>\n<li><span style=\"font-size:11pt\"><span style=\"background:white\"><span style=\"color:#212121\"><span style=\"line-height:115%\"><span style=\"tab-stops:list 36.0pt\"><span style=\"box-sizing:border-box\"><span style=\"font-family:Calibri,sans-serif\"><span style=\"font-size:12.0pt\"><span style=\"line-height:115%\"><span style=\"font-family:&quot;Times New Roman&quot;,serif\">\u00c1p l\u1ef1c l\u1edbn nh\u1ea5t: 220 \u2013 230 PSI;<\/span><\/span><\/span><\/span><\/span><\/span><\/span><\/span><\/span><\/span><\/li>\n<li><span style=\"font-size:11pt\"><span style=\"background:white\"><span style=\"color:#212121\"><span style=\"line-height:115%\"><span style=\"tab-stops:list 36.0pt\"><span style=\"box-sizing:border-box\"><span style=\"font-family:Calibri,sans-serif\"><span style=\"font-size:12.0pt\"><span style=\"line-height:115%\"><span style=\"font-family:&quot;Times New Roman&quot;,serif\">D\u00e2y n\u01b0\u1edbc th\u1ea3i RO phi 6<\/span><\/span><\/span><span style=\"font-size:12.0pt\"><span style=\"line-height:115%\"><span style=\"font-family:&quot;Times New Roman&quot;,serif\"> v\u00e0 phi 10<\/span><\/span><\/span><span style=\"font-size:12.0pt\"><span style=\"line-height:115%\"><span style=\"font-family:&quot;Times New Roman&quot;,serif\"> c\u00f3 v\u00f9ng nhi\u1ec7t \u0111\u1ed9 ho\u1ea1t \u0111\u1ed9ng trong kho\u1ea3ng: (-) 29<sup style=\"box-sizing:border-box\">0<\/sup>C \u2013 (+)66<sup style=\"box-sizing:border-box\">0<\/sup>C;<\/span><\/span><\/span><\/span><\/span><\/span><\/span><\/span><\/span><\/span><\/li>\n<li><span style=\"font-size:11pt\"><span style=\"background:white\"><span style=\"color:#212121\"><span style=\"line-height:115%\"><span style=\"tab-stops:list 36.0pt\"><span style=\"box-sizing:border-box\"><span style=\"font-family:Calibri,sans-serif\"><span style=\"font-size:12.0pt\"><span style=\"line-height:115%\"><span style=\"font-family:&quot;Times New Roman&quot;,serif\">Ph\u00f9 h\u1ee3p v\u1edbi c\u00e1c d\u00f2ng m\u00e1y l\u1ecdc n\u01b0\u1edbc hi\u1ec7n nay;<\/span><\/span><\/span><\/span><\/span><\/span><\/span><\/span><\/span><\/span><\/li>\n<li><span style=\"font-size:11pt\"><span style=\"background:white\"><span style=\"color:#212121\"><span style=\"line-height:115%\"><span style=\"tab-stops:list 36.0pt\"><span style=\"box-sizing:border-box\"><span style=\"font-family:Calibri,sans-serif\"><span style=\"font-size:12.0pt\"><span style=\"line-height:115%\"><span style=\"font-family:&quot;Times New Roman&quot;,serif\">Quy c\u00e1ch \u0111\u00f3ng g\u00f3i: <i>01 m\u00e9t<\/i><\/span><\/span><\/span><\/span><\/span><\/span><\/span><\/span><\/span><\/span><img decoding=\"async\" data-thumb=\"original\" original-height=\"1158\" original-width=\"950\" src=\"\/\/bizweb.dktcdn.net\/100\/320\/195\/files\/z4359002440480-6c929a65a5428be0975b66c494544b36-76428dce-6e17-48dd-8f1a-fe020fc74029.jpg?v=1684633675484\" \/><\/li>\n<\/ul>\n<p><span style=\"font-size:11pt\"><span style=\"line-height:115%\"><span style=\"font-family:Calibri,sans-serif\"><span lang=\"VI\" style=\"font-size:12.0pt\"><span style=\"line-height:115%\"><span style=\"font-family:&quot;Times New Roman&quot;,serif\">&nbsp; &nbsp; &nbsp; &nbsp; &nbsp; &nbsp; &nbsp; &nbsp; &nbsp; &nbsp; &nbsp; &nbsp; &nbsp; &nbsp;H<\/span><\/span><\/span><span style=\"font-size:12.0pt\"><span style=\"line-height:115%\"><span style=\"font-family:&quot;Times New Roman&quot;,serif\">\u00ecnh \u1ea3nh th\u1ef1c t\u1ebf c\u1ee7a s\u1ea3n ph\u1ea9m d\u00e2y th\u1ea3i m\u00e1y l\u1ecdc n\u01b0\u1edbc phi 6mm<\/span><\/span><\/span><\/span><\/span><\/span><\/p>\n<h3><span style=\"font-size:13.5pt\"><span style=\"background:white\"><span style=\"line-height:115%\"><span style=\"font-family:&quot;Times New Roman&quot;,serif\"><span style=\"font-weight:bold\"><i><span style=\"font-size:12.0pt\"><span style=\"line-height:115%\"><span style=\"color:black\">\u01afu \u0111i\u1ec3m c\u1ee7a d\u00e2y d\u1eabn m\u00e1y l\u1ecdc n\u01b0\u1edbc RO<\/span><\/span><\/span><\/i><\/span><\/span><\/span><\/span><\/span><\/h3>\n<ul>\n<li><span style=\"font-size:11pt\"><span style=\"background:white\"><span style=\"color:#212121\"><span style=\"line-height:115%\"><span style=\"tab-stops:list 36.0pt\"><span style=\"box-sizing:border-box\"><span style=\"font-family:Calibri,sans-serif\"><em><strong style=\"box-sizing:border-box\"><span style=\"font-size:12.0pt\"><span style=\"line-height:115%\">D\u00e2y<\/span><\/span><\/strong><strong style=\"box-sizing:border-box\"><span style=\"font-size:12.0pt\"><span style=\"line-height:115%\"> <\/span><\/span><\/strong><span lang=\"VI\" style=\"font-size:12.0pt\"><span style=\"line-height:115%\">d\u1eabn<\/span><\/span><\/em><span style=\"font-size:12.0pt\"><span style=\"line-height:115%\"><em> n\u01b0\u1edbc m\u00e1y l\u1ecdc<\/em><span style=\"font-family:&quot;Times New Roman&quot;,serif\">&nbsp;c\u00f3 xu\u1ea5t x\u1ee9 t\u1eeb \u0110\u00e0i Loan \u0111\u1ed3ng th\u1eddi \u0111\u01b0\u1ee3c hi\u1ec7p h\u1ed9i an to\u00e0n th\u1ef1c ph\u1ea9m v\u00e0 n\u01b0\u1edbc u\u1ed1ng th\u1ebf gi\u1edbi c\u00f4ng nh\u1eadn l\u00e0 s\u1ea3n ph\u1ea9m an to\u00e0n v\u1edbi s\u1ee9c kh\u1ecfe ng\u01b0\u1eddi ti\u00eau d\u00f9ng;<\/span><\/span><\/span><\/span><\/span><\/span><\/span><\/span><\/span><\/span><\/li>\n<li><span style=\"font-size:11pt\"><span style=\"background:white\"><span style=\"color:#212121\"><span style=\"line-height:115%\"><span style=\"tab-stops:list 36.0pt\"><span style=\"box-sizing:border-box\"><span style=\"font-family:Calibri,sans-serif\"><span style=\"font-size:12.0pt\"><span style=\"line-height:115%\"><span style=\"font-family:&quot;Times New Roman&quot;,serif\">Ch\u1ea5t li\u1ec7u nh\u1ef1a PE cao c\u1ea5p l\u00e0 v\u1eadt li\u1ec7u \u0111\u01b0\u1ee3c d\u00f9ng ph\u1ed5 bi\u1ebfn tr\u00ean to\u00e0n th\u1ebf gi\u1edbi b\u1edfi v\u1ec7 sinh an to\u00e0n th\u1ef1c ph\u1ea9m. H\u01a1n n\u1eefa, nh\u1ef1a PE r\u1ea5t b\u1ec1n c\u00f9ng t\u00ednh m\u1ec1m d\u1ebbo, linh ho\u1ea1t cao l\u1ea1i kh\u00f4ng ch\u1ecbu t\u00e1c \u0111\u1ed9ng t\u1eeb \u0111\u1ed9 \u1ea9m;<\/span><\/span><\/span><\/span><\/span><\/span><\/span><\/span><\/span><\/span><\/li>\n<li><span style=\"font-size:11pt\"><span style=\"background:white\"><span style=\"color:#212121\"><span style=\"line-height:115%\"><span style=\"tab-stops:list 36.0pt\"><span style=\"box-sizing:border-box\"><span style=\"font-family:Calibri,sans-serif\"><span style=\"font-size:12.0pt\"><span style=\"line-height:115%\"><span style=\"font-family:&quot;Times New Roman&quot;,serif\">K\u00edch th\u01b0\u1edbc nh\u1ecf gi\u00fap d\u00e2y th\u1ea3i m\u00e1y l\u1ecdc n\u01b0\u1edbc d\u1eabn lu\u1ed3n l\u00e1ch v\u00e0o m\u1ecdi \u0111\u1ecba h\u00ecnh c\u0169ng nh\u01b0 b\u00ean trong h\u1ec7 th\u1ed1ng;<\/span><\/span><\/span><\/span><\/span><\/span><\/span><\/span><\/span><\/span><\/li>\n<li><span style=\"font-size:11pt\"><span style=\"background:white\"><span style=\"color:#212121\"><span style=\"line-height:115%\"><span style=\"tab-stops:list 36.0pt\"><span style=\"box-sizing:border-box\"><span style=\"font-family:Calibri,sans-serif\"><span style=\"font-size:12.0pt\"><span style=\"line-height:115%\"><span style=\"font-family:&quot;Times New Roman&quot;,serif\">C\u1ea3 m\u1eb7t trong v\u00e0 m\u1eb7t ngo\u00e0i c\u1ee7a d\u00e2y n\u01b0\u1edbc th\u1ea3i RO phi 6 \u0111\u1ec1u nh\u1eb5n m\u1ecbn, \u00edt b\u00e1m b\u1ee5i b\u1ea9n. Ri\u00eang m\u1eb7t trong c\u00f2n gi\u00fap h\u1ea1n ch\u1ebf t\u00ecnh tr\u1ea1ng \u0111\u00f3ng c\u1eb7n, t\u1eafc ngh\u1ebdn;<\/span><\/span><\/span><\/span><\/span><\/span><\/span><\/span><\/span><\/span><\/li>\n<\/ul>\n<h3><span style=\"font-size:13.5pt\"><span style=\"background:white\"><span style=\"line-height:115%\"><span style=\"font-family:&quot;Times New Roman&quot;,serif\"><span style=\"font-weight:bold\"><i><span style=\"font-size:12.0pt\"><span style=\"line-height:115%\"><span style=\"color:black\">Ch\u1ee9c n\u0103ng c\u1ee7a d\u00e2y th\u1ea3i m\u00e1y l\u1ecdc n\u01b0\u1edbc RO <\/span><\/span><\/span><\/i><\/span><\/span><\/span><\/span><\/span><\/h3>\n<p style=\"text-align:start; -webkit-text-stroke-width:0px\"><span style=\"font-size:12pt\"><span style=\"background:white\"><span style=\"line-height:115%\"><span style=\"box-sizing:border-box\"><span style=\"font-variant-ligatures:normal\"><span style=\"font-variant-caps:normal\"><span style=\"orphans:2\"><span style=\"widows:2\"><span style=\"text-decoration-thickness:initial\"><span style=\"text-decoration-style:initial\"><span style=\"text-decoration-color:initial\"><span style=\"word-spacing:0px\"><span style=\"font-family:&quot;Times New Roman&quot;,serif\"><span style=\"color:#212121\">Ngo\u00e0i nhi\u1ec7m v\u1ee5 d\u1eabn n\u01b0\u1edbc th\u1ea3i ra ngo\u00e0i th\u00ec d\u00e2y phi 6 c\u00f2n d\u00f9ng \u0111\u1ec3 \u0111\u01b0a n\u01b0\u1edbc c\u1ea5p v\u00e0o b\u00ean trong h\u1ec7 th\u1ed1ng gi\u1ed1ng nh\u01b0 lo\u1ea1i phi 10.<\/span><\/span><\/span><\/span><\/span><\/span><\/span><\/span><\/span><\/span><\/span><\/span><\/span><\/span><\/p>\n<p style=\"text-align:start; -webkit-text-stroke-width:0px\"><span style=\"font-size:12pt\"><span style=\"background:white\"><span style=\"line-height:115%\"><span style=\"box-sizing:border-box\"><span style=\"font-variant-ligatures:normal\"><span style=\"font-variant-caps:normal\"><span style=\"orphans:2\"><span style=\"widows:2\"><span style=\"text-decoration-thickness:initial\"><span style=\"text-decoration-style:initial\"><span style=\"text-decoration-color:initial\"><span style=\"word-spacing:0px\"><span style=\"font-family:&quot;Times New Roman&quot;,serif\"><strong style=\"box-sizing:border-box\"><i><span style=\"color:#212121\"><span style=\"font-weight:normal\">D\u00e2y <\/span><\/span><\/i><\/strong><strong><i><span lang=\"VI\" style=\"color:#212121\"><span style=\"font-weight:normal\">d\u1eabn<\/span><\/span><\/i><\/strong><strong><i><span style=\"color:#212121\"><span style=\"font-weight:normal\"> n\u01b0\u1edbc m\u00e1y l\u1ecdc<\/span><\/span><\/i><\/strong><span style=\"color:#212121\">&nbsp;c\u00f3 tu\u1ed5i th\u1ecd cao,<\/span><span style=\"color:#212121\"> tuy nhi\u00ean<\/span> <span style=\"background:white\"><span style=\"color:black\">\u1ec3 l\u00e2u ng\u00e0y,&nbsp;<\/span><\/span><i><u><span style=\"background:white\"><span style=\"color:black\"><a href=\"https:\/\/kangaroovietnam.vn\/day-cap-may-loc-nuoc.html\" style=\"color:blue; text-decoration:underline\"><span style=\"font-variant-ligatures:normal; -webkit-text-stroke-width:0px\"><span style=\"font-variant-caps:normal\"><span style=\"orphans:2\"><span style=\"widows:2\"><span style=\"text-decoration-thickness:initial\"><span style=\"text-decoration-style:initial\"><span style=\"text-decoration-color:initial\"><span style=\"word-spacing:0px\"><span style=\"color:black\">d\u00e2y <\/span><span lang=\"VI\" style=\"color:black\">d\u1eabn<\/span><span style=\"color:black\"> n\u01b0\u1edbc<\/span><\/span><\/span><\/span><\/span><\/span><\/span><\/span><\/span><\/a><\/span><\/span><\/u><\/i><b> <\/b><span style=\"background:white\"><span style=\"color:black\">c\u00f3 th\u1ec3 b\u1ecb n\u1ee9t v\u1ee1, \u0111\u1ee9t, ho\u1eb7c b\u1ecb t\u1eafc \u1ed1ng do rong r\u00eau b\u00e1m v\u00e0o, chu\u1ed9t c\u1eafn&#8230;.. d\u1eabn \u0111\u1ebfn hi\u1ec7n t\u01b0\u1ee3ng n\u01b0\u1edbc b\u1ecb r\u00f2 r\u1ec9 ra ngo\u00e0i, c\u1ea7n ph\u1ea3i d\u00e2y m\u1edbi \u0111\u1ec3 m\u00e1y l\u1ecdc n\u01b0\u1edbc ho\u1ea1t \u0111\u1ed9ng t\u1ed1t h\u01a1n.<\/span><\/span><\/span><\/span><\/span><\/span><\/span><\/span><\/span><\/span><\/span><\/span><\/span><\/span><\/span><\/p>\n<p><span style=\"font-size:12pt\"><span style=\"background:white\"><span style=\"line-height:115%\"><span style=\"font-family:&quot;Times New Roman&quot;,serif\"><span style=\"background:white\"><span style=\"color:black\">Hi\u00ea\u0323n nay tr\u00ean thi\u0323 tr\u01b0\u01a1\u0300ng <u>co\u0301 r\u00e2\u0301t nhi\u00ea\u0300u loa\u0323i <\/u><\/span><\/span><u><span lang=\"VI\" style=\"background:white\"><span style=\"color:black\">D\u00e2y d\u1eabn <\/span><\/span><span style=\"background:white\"><span style=\"color:black\">kh\u00f4ng ro\u0303 ngu\u00f4\u0300n g\u00f4\u0301c xu\u00e2\u0301t s\u01b0\u0301<\/span><\/span><\/u><span style=\"background:white\"><span style=\"color:black\"> \u0111\u01b0\u01a1\u0323c nh\u00e2\u0323p t\u01b0\u0300&nbsp;<b>Trung Qu\u00f4\u0301c<\/b> ho\u0103\u0323c t\u01b0\u0323 nh\u00e2\u0323n mi\u0300nh \u0111a\u0323t ca\u0301c ti\u00eau chu\u00e2\u0309n cao c\u00e2\u0301p ma\u0300 kh\u00f4ng cung c\u00e2\u0301p \u0111\u01b0\u01a1\u0323c ca\u0301c ch\u01b0\u0301ng nh\u00e2\u0323n. Nh\u01b0\u0303ng sa\u0309n ph\u00e2\u0309m nh\u01b0 v\u00e2\u0323y se\u0303 cho ch\u00e2\u0301t l\u01b0\u01a1\u0323ng n\u01b0\u01a1\u0301c&nbsp;co\u0301 th\u00ea\u0309 g\u00e2y ha\u0323i cho s\u01b0\u0301c kho\u0309e.&nbsp;<\/span><\/span><\/span><\/span><\/span><\/span><\/p>\n<p style=\"text-align:justify\"><span style=\"font-size:11pt\"><span style=\"background:white\"><span style=\"line-height:115%\"><span style=\"font-family:Calibri,sans-serif\"><span lang=\"VI\" style=\"font-size:12.0pt\"><span style=\"background:white\"><span style=\"line-height:115%\"><span style=\"font-family:&quot;Times New Roman&quot;,serif\"><span style=\"color:black\">D\u00e2y d\u1eabn <\/span><\/span><\/span><\/span><\/span><span style=\"font-size:12.0pt\"><span style=\"background:white\"><span style=\"line-height:115%\"><span style=\"font-family:&quot;Times New Roman&quot;,serif\"><span style=\"color:black\">\u0111\u01b0\u01a1\u0323c ph\u00e2n ph\u00f4\u0301i b\u01a1\u0309i <\/span><\/span><\/span><\/span><\/span><span lang=\"VI\" style=\"font-size:12.0pt\"><span style=\"background:white\"><span style=\"line-height:115%\"><span style=\"font-family:&quot;Times New Roman&quot;,serif\"><span style=\"color:black\">th\u01b0\u01a1ng hi\u1ec7u ch\u00ednh h\u00e3ng iClean,<\/span><\/span><\/span><\/span><\/span><span style=\"font-size:12.0pt\"><span style=\"background:white\"><span style=\"line-height:115%\"><span style=\"font-family:&quot;Times New Roman&quot;,serif\"><span style=\"color:black\"> do v\u00e2\u0323y ha\u0303ng co\u0301 th\u00ea\u0309 cung c\u00e2\u0301p \u0111\u00e2\u0300y \u0111u\u0309 ca\u0301c gi\u00e2\u0301y t\u01a1\u0300 nh\u01b0 CO, ho\u0301a \u0111\u01a1n chi\u0301nh ha\u0303ng&#8230;<\/span><\/span><\/span><\/span><\/span><\/span><\/span><\/span><\/span><\/p>\n<p style=\"text-align:justify\"><span style=\"font-size:11pt\"><span style=\"background:white\"><span style=\"line-height:115%\"><span style=\"font-family:Calibri,sans-serif\"><span style=\"font-size:12.0pt\"><span style=\"background:white\"><span style=\"line-height:115%\"><span style=\"font-family:&quot;Times New Roman&quot;,serif\"><span style=\"color:black\">\u0110\u00e2y cu\u0303ng la\u0300 c\u01a1 s\u01a1\u0309 \u0111\u00ea\u0309 Quy\u0301 kha\u0301ch ha\u0300ng co\u0301 th\u00ea\u0309 hoa\u0300n toa\u0300n y\u00ean t\u00e2m v\u00ea\u0300 ngu\u00f4\u0300n g\u00f4\u0301c va\u0300 ch\u00e2\u0301t l\u01b0\u01a1\u0323ng<\/span><\/span><\/span><\/span><\/span><span style=\"font-size:12.0pt\"><span style=\"background:white\"><span style=\"line-height:115%\"><span style=\"font-family:&quot;Times New Roman&quot;,serif\"><span style=\"color:black\"> c\u00e1c <\/span><\/span><\/span><\/span><\/span><span style=\"font-size:12.0pt\"><span style=\"background:white\"><span style=\"line-height:115%\"><span style=\"font-family:&quot;Times New Roman&quot;,serif\"><span style=\"color:black\">&nbsp;sa\u0309n ph\u00e2\u0309m <\/span><\/span><\/span><\/span><\/span><span lang=\"VI\" style=\"font-size:12.0pt\"><span style=\"background:white\"><span style=\"line-height:115%\"><span style=\"font-family:&quot;Times New Roman&quot;,serif\"><span style=\"color:black\">do iClean <\/span><\/span><\/span><\/span><\/span><span style=\"font-size:12.0pt\"><span style=\"background:white\"><span style=\"line-height:115%\"><span style=\"font-family:&quot;Times New Roman&quot;,serif\"><span style=\"color:black\">cung c\u00e2\u0301p.<\/span><\/span><\/span><\/span><\/span><\/span><\/span><\/span><\/span><\/p>\n","protected":false},"excerpt":{"rendered":"<p>D\u00e2y d\u1eabn m\u00e1y l\u1ecdc n\u01b0\u1edbc&nbsp;RO&nbsp;l\u00e0 m\u1ed9t b\u1ed9 ph\u1eadn kh\u00f4ng th\u1ec3 thi\u1ebfu trong c\u00e1c h\u1ec7 th\u1ed1ng l\u1ecdc n\u01b0\u1edbc. D\u00e2y m\u00e1y l\u1ecdc n\u01b0\u1edbc RO&nbsp;gi\u00fap \u0111\u01b0a n\u01b0\u1edbc th\u1ea3i ra ngo\u00e0i ho\u1eb7c \u0111\u01b0a n\u01b0\u1edbc c\u1ea5p v\u00e0o trong. Nh\u01b0 \u0111\u00e3 bi\u1ebft th\u00ec v\u1edbi b\u1ea5t k\u00ec m\u00e1y l\u1ecdc n\u01b0\u1edbc n\u00e0o th\u00ec hi\u1ec7u su\u1ea5t l\u1ecdc kh\u00f4ng bao gi\u1edd \u0111\u1ea1t \u0111\u01b0\u1ee3c 100%. \u0110i\u1ec1u [&hellip;]<\/p>\n","protected":false},"featured_media":212,"comment_status":"open","ping_status":"closed","template":"","meta":[],"product_brand":[],"product_cat":[45],"product_tag":[],"class_list":{"0":"post-211","1":"product","2":"type-product","3":"status-publish","4":"has-post-thumbnail","6":"product_cat-iclean-import","8":"first","9":"instock","10":"shipping-taxable","11":"purchasable","12":"product-type-simple"},"_links":{"self":[{"href":"https:\/\/mf260.techfindme.xyz\/index.php?rest_route=\/wp\/v2\/product\/211","targetHints":{"allow":["GET"]}}],"collection":[{"href":"https:\/\/mf260.techfindme.xyz\/index.php?rest_route=\/wp\/v2\/product"}],"about":[{"href":"https:\/\/mf260.techfindme.xyz\/index.php?rest_route=\/wp\/v2\/types\/product"}],"replies":[{"embeddable":true,"href":"https:\/\/mf260.techfindme.xyz\/index.php?rest_route=%2Fwp%2Fv2%2Fcomments&post=211"}],"wp:featuredmedia":[{"embeddable":true,"href":"https:\/\/mf260.techfindme.xyz\/index.php?rest_route=\/wp\/v2\/media\/212"}],"wp:attachment":[{"href":"https:\/\/mf260.techfindme.xyz\/index.php?rest_route=%2Fwp%2Fv2%2Fmedia&parent=211"}],"wp:term":[{"taxonomy":"product_brand","embeddable":true,"href":"https:\/\/mf260.techfindme.xyz\/index.php?rest_route=%2Fwp%2Fv2%2Fproduct_brand&post=211"},{"taxonomy":"product_cat","embeddable":true,"href":"https:\/\/mf260.techfindme.xyz\/index.php?rest_route=%2Fwp%2Fv2%2Fproduct_cat&post=211"},{"taxonomy":"product_tag","embeddable":true,"href":"https:\/\/mf260.techfindme.xyz\/index.php?rest_route=%2Fwp%2Fv2%2Fproduct_tag&post=211"}],"curies":[{"name":"wp","href":"https:\/\/api.w.org\/{rel}","templated":true}]}}