{"id":203,"date":"2026-04-20T10:43:56","date_gmt":"2026-04-20T10:43:56","guid":{"rendered":"http:\/\/mf260.techfindme.xyz\/?product=van-1-chieu"},"modified":"2026-04-20T10:43:56","modified_gmt":"2026-04-20T10:43:56","slug":"van-1-chieu","status":"publish","type":"product","link":"https:\/\/mf260.techfindme.xyz\/?product=van-1-chieu","title":{"rendered":"Van 1 chi\u1ec1u"},"content":{"rendered":"<p>&nbsp;<\/p>\n<h3><span style=\"font-size:13.5pt\"><span style=\"font-family:&quot;Times New Roman&quot;,serif\"><span style=\"font-weight:bold\"><span style=\"font-size:13.0pt\"><span style=\"background:white\"><span style=\"color:black\"><a href=\"https:\/\/famy.vn\/tin-tuc\/van-1-chieu-may-loc-nuoc\" style=\"color:blue; text-decoration:underline\"><span style=\"color:black\"><span style=\"text-decoration:none\"><span style=\"text-underline:none\">Nh\u1eefng \u0111i\u1ec1u c\u1ea7n bi\u1ebft v\u1ec1 van 1 chi\u1ec1u m\u00e1y l\u1ecdc n\u01b0\u1edbc<\/span><\/span><\/span><\/a><\/span><\/span><\/span><\/span><\/span><\/span><\/h3>\n<h1><span style=\"font-size:24pt\"><span style=\"line-height:115%\"><span style=\"font-family:&quot;Times New Roman&quot;,serif\"><span style=\"font-weight:bold\"><span lang=\"VI\" style=\"font-size:12.0pt\"><span style=\"line-height:115%\">1.<\/span><\/span> <span style=\"font-size:12.0pt\"><span style=\"line-height:115%\"><span style=\"color:black\">Van m\u1ed9t chi\u1ec1u trong m\u00e1y l\u1ecdc n\u01b0\u1edbc l\u00e0 g\u00ec?<\/span><\/span><\/span><\/span><\/span><\/span><\/span><\/h1>\n<p style=\"text-align:justify\"><span style=\"font-size:12pt\"><span style=\"background:white\"><span style=\"line-height:115%\"><span style=\"font-family:&quot;Times New Roman&quot;,serif\"><strong><i><u><span style=\"color:black\"><span style=\"font-weight:normal\">Van m\u1ed9t chi\u1ec1u m\u00e1y l\u1ecdc n\u01b0\u1edbc<\/span><\/span><\/u><\/i><\/strong><span style=\"color:black\">&nbsp;l\u00e0 thi\u1ebft b\u1ecb kh\u00f4ng th\u1ec3 thi\u1ebfu trong h\u1ec7 th\u1ed1ng c\u1ee7a m\u00e1y l\u1ecdc n\u01b0\u1edbc. Tuy nhi\u00ean, nhi\u1ec1u ng\u01b0\u1eddi d\u00f9ng hi\u1ec7n nay v\u1eabn ch\u01b0a hi\u1ec3u r\u00f5 van 1 chi\u1ec1u c\u1ee7a m\u00e1y l\u1ecdc n\u01b0\u1edbc c\u00f3 t\u00e1c d\u1ee5ng g\u00ec? \u0110\u1eb7c \u0111i\u1ec3m c\u1ea5u t\u1ea1o c\u0169ng nh\u01b0 nh\u1eefng \u01b0u, nh\u01b0\u1ee3c \u0111i\u1ec3m c\u1ee7a n\u00f3.<\/span><\/span><\/span><\/span><\/span><\/p>\n<p><span style=\"font-size:12pt\"><span style=\"background:white\"><span style=\"line-height:115%\"><span style=\"font-family:&quot;Times New Roman&quot;,serif\"><i><span style=\"color:black\">Van 1 chi\u1ec1u m\u00e1y l\u1ecdc n\u01b0\u1edbc l\u00e0 g\u00ec v\u00e0 c\u00f3 vai tr\u00f2 nh\u01b0 th\u1ebf n\u00e0o?<\/span><\/i><\/span><\/span><\/span><\/span><\/p>\n<p style=\"text-align:justify\"><span style=\"font-size:12pt\"><span style=\"background:white\"><span style=\"line-height:115%\"><span style=\"font-family:&quot;Times New Roman&quot;,serif\"><i><u><span style=\"color:black\">Van 1 chi\u1ec1u<\/span><\/u><\/i><span style=\"color:black\"> m\u00e1y l\u1ecdc n\u01b0\u1edbc l\u00e0 ph\u1ee5 ki\u1ec7n quan tr\u1ecdng c\u1ee7a m\u00e1y l\u1ecdc n\u01b0\u1edbc gia \u0111\u00ecnh, m\u00e1y l\u1ecdc n\u01b0\u1edbc c\u00f4ng nghi\u1ec7p. V\u1edbi nhi\u1ec7m v\u1ee5 ch\u00ednh l\u00e0 cho ngu\u1ed3n n\u01b0\u1edbc \u0111\u1ea7u v\u00e0o di chuy\u1ec3n theo m\u1ed9t h\u01b0\u1edbng v\u00e0 ng\u0103n kh\u00f4ng cho ngu\u1ed3n n\u01b0\u1edbc \u0111\u00e3 l\u1ecdc quay tr\u1edf l\u1ea1i. C\u1ee5 th\u1ec3 c\u00f3 th\u1ec3 hi\u1ec3u van 1 chi\u1ec1u c\u00f3 t\u00e1c d\u1ee5ng m\u1edf n\u01b0\u1edbc ch\u1ea3y t\u1eeb m\u00e0ng l\u1ecdc RO v\u00e0o b\u00ecnh \u00e1p v\u00e0 ng\u0103n kh\u00f4ng cho n\u01b0\u1edbc ch\u1ea3y ng\u01b0\u1ee3c l\u1ea1i v\u00e0o \u0111\u01b0\u1eddng n\u01b0\u1edbc th\u1ea3i.<\/span><\/span><\/span><\/span><\/span><\/p>\n<p style=\"text-align:justify\"><span style=\"font-size:12pt\"><span style=\"background:white\"><span style=\"line-height:115%\"><span style=\"font-family:&quot;Times New Roman&quot;,serif\"><i><u><span style=\"color:black\">Van 1 chi\u1ec1u<\/span><\/u><\/i><span style=\"color:black\"> l\u00e0 thi\u1ebft b\u1ecb tuy nh\u1ecf g\u1ecdn, c\u00f3 ch\u1ee9c n\u0103ng b\u1ea3o v\u1ec7 cho ngu\u1ed3n n\u01b0\u1edbc tinh khi\u1ebft c\u1ee7a b\u1ea1n tr\u00e1nh b\u1ecb nhi\u1ec5m b\u1ea9n, nhi\u1ec5m khu\u1ea9n. Khi g\u1eb7p ph\u1ea3i v\u1ea5n \u0111\u1ec1 h\u1ecfng h\u00f3c hay r\u00f2 r\u1ec9 do \u1ed1ng n\u01b0\u1edbc x\u1ea3y ra, van m\u1ed9t chi\u1ec1u s\u1ebd ng\u0103n ng\u1eeba \u0111\u01b0\u1ee3c t\u1ed1i \u0111a l\u01b0\u1ee3ng n\u01b0\u1edbc tinh khi\u1ebft b\u1ecb tho\u00e1t ra b\u00ean ngo\u00e0i.<\/span><\/span><\/span><\/span><\/span><\/p>\n<p style=\"text-align:justify\"><span style=\"font-size:12pt\"><span style=\"background:white\"><span style=\"line-height:115%\"><span style=\"font-family:&quot;Times New Roman&quot;,serif\"><span style=\"color:black\"><img decoding=\"async\" data-thumb=\"original\" original-height=\"589\" original-width=\"853\" src=\"\/\/bizweb.dktcdn.net\/100\/320\/195\/files\/z4359002522029-fbca1467fabac464ef5244f6d67115e6.jpg?v=1684655391806\" \/><\/span><\/span><\/span><\/span><\/span><\/p>\n<h2 style=\"text-align:justify\"><span style=\"font-size:18pt\"><span style=\"background:white\"><span style=\"line-height:115%\"><span style=\"font-family:&quot;Times New Roman&quot;,serif\"><span style=\"font-weight:bold\"><i><span lang=\"VI\" style=\"font-size:12.0pt\"><span style=\"line-height:115%\"><span style=\"color:black\">2. <\/span><\/span><\/span><\/i><i><span style=\"font-size:12.0pt\"><span style=\"line-height:115%\"><span style=\"color:black\">V\u1ecb tr\u00ed l\u1eafp van 1 chi\u1ec1u m\u00e1y l\u1ecdc n\u01b0\u1edbc<\/span><\/span><\/span><\/i><\/span><\/span><\/span><\/span><\/span><\/h2>\n<p style=\"text-align:justify\"><span style=\"font-size:12pt\"><span style=\"background:white\"><span style=\"line-height:115%\"><span style=\"font-family:&quot;Times New Roman&quot;,serif\"><i><span style=\"color:black\">Van 1 chi\u1ec1u<\/span><\/i><span style=\"color:black\"> c\u1ee7a&nbsp;<strong><a href=\"https:\/\/karofivietnam.com.vn\/may-loc-nuoc-khong-tu-de-gam.html\" style=\"color:blue; text-decoration:underline\" target=\"_blank\"><span style=\"color:black\"><span style=\"font-weight:normal\">m\u00e1y l\u1ecdc n\u01b0\u1edbc<\/span><\/span><\/a><\/strong>&nbsp;c\u00f3 h\u00ecnh \u1ed1ng th\u1eb3ng ho\u1eb7c c\u00fat g\u00f3c v\u00e0 th\u01b0\u1eddng \u0111\u01b0\u1ee3c l\u1eafp \u1edf ngay ph\u1ea7n ph\u00eda sau c\u1ed1c l\u1ecdc RO. Van 1 chi\u1ec1u \u0111\u01b0\u1ee3c l\u1eafp ph\u1ed5 bi\u1ebfn nh\u1ea5t \u1edf m\u00e1y l\u1ecdc n\u01b0\u1edbc l\u00e0 lo\u1ea1i van c\u00f3 h\u00ecnh c\u00fat g\u00f3c, ph\u00eda trong \u0111\u01b0\u1ee3c trang b\u1ecb gio\u0103ng cao su v\u00e0 l\u00f2 xo d\u00f9ng \u0111\u1ec3 \u0111\u00f3ng m\u1edf.<\/span><\/span><\/span><\/span><\/span><\/p>\n<h2 style=\"text-align:justify\"><span style=\"font-size:18pt\"><span style=\"background:white\"><span style=\"line-height:115%\"><span style=\"font-family:&quot;Times New Roman&quot;,serif\"><span style=\"font-weight:bold\"><i><span lang=\"VI\" style=\"font-size:12.0pt\"><span style=\"line-height:115%\"><span style=\"color:black\">3. <\/span><\/span><\/span><\/i><i><span style=\"font-size:12.0pt\"><span style=\"line-height:115%\"><span style=\"color:black\">C\u00e1ch l\u1eafp van 1 chi\u1ec1u m\u00e1y l\u1ecdc<\/span><\/span><\/span><\/i><\/span><\/span><\/span><\/span><\/span><\/h2>\n<p style=\"text-align:justify\"><span style=\"font-size:12pt\"><span style=\"background:white\"><span style=\"line-height:115%\"><span style=\"font-family:&quot;Times New Roman&quot;,serif\"><span style=\"color:black\">\u0110\u1ec3 l\u1eafp van 1 chi\u1ec1u m\u00e1y l\u1ecdc n\u01b0\u1edbc, b\u1ea1n c\u1ea7n ti\u1ebfn h\u00e0nh theo 2 b\u01b0\u1edbc c\u01a1 b\u1ea3n d\u01b0\u1edbi \u0111\u00e2y:<\/span><\/span><\/span><\/span><\/span><\/p>\n<p style=\"text-align:justify\"><span style=\"font-size:12pt\"><span style=\"background:white\"><span style=\"line-height:115%\"><span style=\"font-family:&quot;Times New Roman&quot;,serif\"><strong><i><span style=\"color:black\"><span style=\"font-weight:normal\">B\u01b0\u1edbc 1: Chu\u1ea9n b\u1ecb<\/span><\/span><\/i><\/strong><b><i><\/i><\/b><\/span><\/span><\/span><\/span><\/p>\n<ul>\n<li style=\"text-align:justify\"><span style=\"font-size:11pt\"><span style=\"background:white\"><span style=\"line-height:115%\"><span style=\"tab-stops:list 36.0pt\"><span style=\"font-family:Calibri,sans-serif\"><span style=\"font-size:12.0pt\"><span style=\"line-height:115%\"><span style=\"font-family:&quot;Times New Roman&quot;,serif\"><span style=\"color:black\">L\u1ef1a ch\u1ecdn lo\u1ea1i van 1 chi\u1ec1u ph\u00f9 h\u1ee3p v\u1edbi m\u00e1y l\u1ecdc n\u01b0\u1edbc gia \u0111\u00ecnh b\u1ea1n \u0111ang s\u1eed d\u1ee5ng<\/span><\/span><\/span><\/span><\/span><\/span><\/span><\/span><\/span><\/li>\n<li style=\"text-align:justify\"><span style=\"font-size:11pt\"><span style=\"background:white\"><span style=\"line-height:115%\"><span style=\"tab-stops:list 36.0pt\"><span style=\"font-family:Calibri,sans-serif\"><span style=\"font-size:12.0pt\"><span style=\"line-height:115%\"><span style=\"font-family:&quot;Times New Roman&quot;,serif\"><span style=\"color:black\">Bulong \u1ed1c v\u00edt<\/span><\/span><\/span><\/span><\/span><\/span><\/span><\/span><\/span><\/li>\n<li style=\"text-align:justify\"><span style=\"font-size:11pt\"><span style=\"background:white\"><span style=\"line-height:115%\"><span style=\"tab-stops:list 36.0pt\"><span style=\"font-family:Calibri,sans-serif\"><span style=\"font-size:12.0pt\"><span style=\"line-height:115%\"><span style=\"font-family:&quot;Times New Roman&quot;,serif\"><span style=\"color:black\">C\u1edd l\u00ea, m\u1ecf l\u1ebft<\/span><\/span><\/span><\/span><\/span><\/span><\/span><\/span><\/span><\/li>\n<li style=\"text-align:justify\"><span style=\"font-size:11pt\"><span style=\"background:white\"><span style=\"line-height:115%\"><span style=\"tab-stops:list 36.0pt\"><span style=\"font-family:Calibri,sans-serif\"><span style=\"font-size:12.0pt\"><span style=\"line-height:115%\"><span style=\"font-family:&quot;Times New Roman&quot;,serif\"><span style=\"color:black\">Gio\u0103ng \u0111\u1ec7m l\u00e0m k\u00edn<\/span><\/span><\/span><\/span><\/span><\/span><\/span><\/span><\/span><\/li>\n<\/ul>\n<p style=\"text-align:justify\"><span style=\"font-size:12pt\"><span style=\"background:white\"><span style=\"line-height:115%\"><span style=\"font-family:&quot;Times New Roman&quot;,serif\"><strong><i><span style=\"color:black\"><span style=\"font-weight:normal\">B\u01b0\u1edbc 2: Th\u1ef1c hi\u1ec7n<\/span><\/span><\/i><\/strong><b><i><\/i><\/b><\/span><\/span><\/span><\/span><\/p>\n<ul>\n<li style=\"text-align:justify\"><span style=\"font-size:11pt\"><span style=\"background:white\"><span style=\"line-height:115%\"><span style=\"tab-stops:list 36.0pt\"><span style=\"font-family:Calibri,sans-serif\"><span style=\"font-size:12.0pt\"><span style=\"line-height:115%\"><span style=\"font-family:&quot;Times New Roman&quot;,serif\"><span style=\"color:black\">G\u1eafn ph\u1ea7n \u0111\u1ec7m l\u00e0m k\u00edn v\u00e0o m\u1eb7t b\u00edch c\u1ee7a van 1 chi\u1ec1u<\/span><\/span><\/span><\/span><\/span><\/span><\/span><\/span><\/span><\/li>\n<li style=\"text-align:justify\"><span style=\"font-size:11pt\"><span style=\"background:white\"><span style=\"line-height:115%\"><span style=\"tab-stops:list 36.0pt\"><span style=\"font-family:Calibri,sans-serif\"><span style=\"font-size:12.0pt\"><span style=\"line-height:115%\"><span style=\"font-family:&quot;Times New Roman&quot;,serif\"><span style=\"color:black\">\u0110\u1eb7t van 1 chi\u1ec1u l\u00ean h\u1ec7 th\u1ed1ng theo \u0111\u00fang chi\u1ec1u<\/span><\/span><\/span><\/span><\/span><\/span><\/span><\/span><\/span><\/li>\n<li style=\"text-align:justify\"><span style=\"font-size:11pt\"><span style=\"background:white\"><span style=\"line-height:115%\"><span style=\"tab-stops:list 36.0pt\"><span style=\"font-family:Calibri,sans-serif\"><span style=\"font-size:12.0pt\"><span style=\"line-height:115%\"><span style=\"font-family:&quot;Times New Roman&quot;,serif\"><span style=\"color:black\">B\u1eaft bulong, xoay \u1ed1c v\u00edt v\u00e0 si\u1ebft \u0111\u1ec1u<\/span><\/span><\/span><\/span><\/span><\/span><\/span><\/span><\/span><\/li>\n<li style=\"text-align:justify\"><span style=\"font-size:11pt\"><span style=\"background:white\"><span style=\"line-height:115%\"><span style=\"tab-stops:list 36.0pt\"><span style=\"font-family:Calibri,sans-serif\"><span style=\"font-size:12.0pt\"><span style=\"line-height:115%\"><span style=\"font-family:&quot;Times New Roman&quot;,serif\"><span style=\"color:black\">V\u1eadn h\u00e0nh v\u00e0 s\u1eed d\u1ee5ng m\u00e1y b\u00ecnh th\u01b0\u1eddng<\/span><\/span><\/span><\/span><\/span><\/span><\/span><\/span><\/span><\/li>\n<\/ul>\n<p style=\"text-align:justify\"><span style=\"font-size:12pt\"><span style=\"background:white\"><span style=\"line-height:115%\"><span style=\"font-family:&quot;Times New Roman&quot;,serif\"><span style=\"color:black\">\u0110\u1ec3 vi\u1ec7c l\u1eafp van 1 chi\u1ec1u \u0111\u01b0\u1ee3c di\u1ec5n ra hi\u1ec7u qu\u1ea3, b\u1ea1n c\u1ea7n l\u01b0u \u00fd m\u1ed9t s\u1ed1 \u0111i\u1ec1u d\u01b0\u1edbi \u0111\u00e2y:<\/span><\/span><\/span><\/span><\/span><\/p>\n<ul>\n<li style=\"text-align:justify\"><span style=\"font-size:11pt\"><span style=\"background:white\"><span style=\"line-height:115%\"><span style=\"tab-stops:list 36.0pt\"><span style=\"font-family:Calibri,sans-serif\"><span style=\"font-size:12.0pt\"><span style=\"line-height:115%\"><span style=\"font-family:&quot;Times New Roman&quot;,serif\"><span style=\"color:black\">L\u1eafp \u0111\u00fang chi\u1ec1u van<\/span><\/span><\/span><\/span><\/span><\/span><\/span><\/span><\/span><\/li>\n<li style=\"text-align:justify\"><span style=\"font-size:11pt\"><span style=\"background:white\"><span style=\"line-height:115%\"><span style=\"tab-stops:list 36.0pt\"><span style=\"font-family:Calibri,sans-serif\"><span style=\"font-size:12.0pt\"><span style=\"line-height:115%\"><span style=\"font-family:&quot;Times New Roman&quot;,serif\"><span style=\"color:black\">Si\u1ebft ch\u1eb7t bulong \u0111\u1ec3 tr\u00e1nh t\u00ecnh tr\u1ea1ng l\u01b0u ch\u1ea5t r\u00f2 r\u1ec9<\/span><\/span><\/span><\/span><\/span><\/span><\/span><\/span><\/span><\/li>\n<li style=\"text-align:justify\"><span style=\"font-size:11pt\"><span style=\"background:white\"><span style=\"line-height:115%\"><span style=\"tab-stops:list 36.0pt\"><span style=\"font-family:Calibri,sans-serif\"><span style=\"font-size:12.0pt\"><span style=\"line-height:115%\"><span style=\"font-family:&quot;Times New Roman&quot;,serif\"><span style=\"color:black\">Tr\u01b0\u1edbc khi l\u1eafp, h\u00e3y x\u00e1c \u0111\u1ecbnh n\u00ean l\u1eafp van theo chi\u1ec1u \u0111\u1ee9ng hay chi\u1ec1u ngang v\u1edbi \u00e1p l\u1ef1c n\u01b0\u1edbc l\u00e0 bao nhi\u00eau \u0111\u1ec3 c\u00f3 th\u1ec3 ch\u1ecdn l\u1ef1a \u0111\u01b0\u1ee3c lo\u1ea1i van ph\u00f9 h\u1ee3p v\u1edbi m\u00e1y l\u1ecdc n\u01b0\u1edbc c\u1ee7a gia \u0111\u00ecnh.<\/span><\/span><\/span><\/span><\/span><\/span><\/span><\/span><\/span><\/li>\n<\/ul>\n<h2 style=\"text-align:justify\"><span style=\"font-size:18pt\"><span style=\"background:white\"><span style=\"line-height:115%\"><span style=\"font-family:&quot;Times New Roman&quot;,serif\"><span style=\"font-weight:bold\"><i><span lang=\"VI\" style=\"font-size:12.0pt\"><span style=\"line-height:115%\"><span style=\"color:black\">4. <\/span><\/span><\/span><\/i><i><span style=\"font-size:12.0pt\"><span style=\"line-height:115%\"><span style=\"color:black\">\u01afu v\u00e0 nh\u01b0\u1ee3c \u0111i\u1ec3m c\u1ee7a van 1 chi\u1ec1u m\u00e1y l\u1ecdc n\u01b0\u1edbc<\/span><\/span><\/span><\/i><\/span><\/span><\/span><\/span><\/span><\/h2>\n<p style=\"text-align:justify\"><span style=\"font-size:12pt\"><span style=\"background:white\"><span style=\"line-height:115%\"><span style=\"font-family:&quot;Times New Roman&quot;,serif\"><span style=\"color:black\">Van 1 chi\u1ec1u khi \u0111\u01b0\u1ee3c l\u1eafp \u0111\u1eb7t trong h\u1ec7 th\u1ed1ng c\u1ee7a m\u00e1y l\u1ecdc n\u01b0\u1edbc mang \u0111\u1ebfn nh\u1eefng \u01b0u \u0111i\u1ec3m v\u00e0 nh\u01b0\u1ee3c \u0111i\u1ec3m cho ng\u01b0\u1eddi d\u00f9ng nh\u01b0:<\/span><\/span><\/span><\/span><\/span><\/p>\n<p style=\"text-align:justify\"><span style=\"font-size:12pt\"><span style=\"background:white\"><span style=\"line-height:115%\"><span style=\"font-family:&quot;Times New Roman&quot;,serif\"><i><span style=\"color:black\">V\u1ec1 \u01b0u \u0111i\u1ec3m<\/span><\/i><span style=\"color:black\">: Van 1 chi\u1ec1u l\u00e0 s\u1ea3n ph\u1ea9m ph\u1ed5 bi\u1ebfn, d\u1ec5 t\u00ecm ki\u1ebfm v\u00e0 c\u00f3 gi\u00e1 th\u00e0nh r\u1ebb. V\u1edbi c\u01a1 ch\u1ebf ho\u1ea1t \u0111\u1ed9ng \u0111\u01a1n gi\u1ea3n, \u00edt h\u01b0 h\u1ecfng, v\u00ec th\u1ebf m\u00e0 ng\u01b0\u1eddi d\u00f9ng c\u0169ng \u00edt ph\u1ea3i s\u1eeda ch\u1eefa v\u00e0 b\u1ea3o d\u01b0\u1ee1ng nhi\u1ec1u. Ngo\u00e0i ra, van c\u00f2n \u0111\u01b0\u1ee3c s\u1eed d\u1ee5ng trong nhi\u1ec1u m\u00f4i tr\u01b0\u1eddng l\u01b0u ch\u1ea5t kh\u00e1c nhau.<\/span><\/span><\/span><\/span><\/span><\/p>\n<p style=\"text-align:justify\"><span style=\"font-size:12pt\"><span style=\"background:white\"><span style=\"line-height:115%\"><span style=\"font-family:&quot;Times New Roman&quot;,serif\"><span style=\"color:black\">V\u1ec1 nh\u01b0\u1ee3c \u0111i\u1ec3m: Van 1 chi\u1ec1u th\u01b0\u1eddng hay g\u1eb7p ph\u1ea3i s\u1ef1 c\u1ed1 l\u00e0 \u0111\u1ec7m cao su c\u1ee7a van r\u1ea5t d\u1ec5 b\u1ecb h\u1ecfng, t\u1eeb \u0111\u00f3 gio\u0103ng l\u00e0m k\u00edn b\u1ecb h\u1edf khi\u1ebfn cho d\u00f2ng l\u01b0u ch\u1ea5t b\u1ecb r\u00f2 r\u1ec9 ra b\u00ean ngo\u00e0i. V\u1eady n\u00ean, khi ch\u1ecdn mua van 1 chi\u1ec1u b\u1ea1n c\u1ea7n ki\u1ec3m tra c\u1ea9n th\u1eadn \u0111\u1ec3 tr\u00e1nh nh\u1eefng tr\u01b0\u1eddng h\u1ee3p &#8220;ti\u1ec1n m\u1ea5t t\u1eadt mang&#8221;.<\/span><\/span><\/span><\/span><\/span><\/p>\n<h2 style=\"text-align:justify\"><span style=\"font-size:18pt\"><span style=\"background:white\"><span style=\"line-height:115%\"><span style=\"font-family:&quot;Times New Roman&quot;,serif\"><span style=\"font-weight:bold\"><span lang=\"VI\" style=\"font-size:12.0pt\"><span style=\"line-height:115%\"><span style=\"color:black\">5. <\/span><\/span><\/span><span style=\"font-size:12.0pt\"><span style=\"line-height:115%\"><span style=\"color:black\">C\u00e1ch ki\u1ec3m tra c\u00e1c l\u1ed7i th\u01b0\u1eddng g\u1eb7p c\u1ee7a van 1 chi\u1ec1u m\u00e1y l\u1ecdc n\u01b0\u1edbc<\/span><\/span><\/span><\/span><\/span><\/span><\/span><\/span><\/h2>\n<p style=\"text-align:justify\"><span style=\"font-size:12pt\"><span style=\"background:white\"><span style=\"line-height:115%\"><span style=\"font-family:&quot;Times New Roman&quot;,serif\"><i><u><span style=\"color:black\">Van 1 chi\u1ec1u<\/span><\/u><\/i><span style=\"color:black\"> m\u00e1y l\u1ecdc n\u01b0\u1edbc trong qu\u00e1 tr\u00ecnh s\u1eed d\u1ee5ng th\u01b0\u1eddng g\u1eb7p ph\u1ea3i m\u1ed9t s\u1ed1 l\u1ed7i c\u01a1 b\u1ea3n nh\u01b0 d\u01b0\u1edbi \u0111\u00e2y, b\u1ea1n c\u00f3 tham kh\u1ea3o v\u00e0 \u00e1p d\u1ee5ng theo t\u1eebng tr\u01b0\u1eddng h\u1ee3p c\u1ee7a gia \u0111\u00ecnh m\u00ecnh.<\/span><\/span><\/span><\/span><\/span><\/p>\n<p><span style=\"font-size:12pt\"><span style=\"background:white\"><span style=\"line-height:115%\"><span style=\"font-family:&quot;Times New Roman&quot;,serif\"><i><span style=\"color:black\">M\u00e1y l\u1ecdc n\u01b0\u1edbc ho\u1ea1t \u0111\u1ed9ng c\u1ea3 ng\u00e0y kh\u00f4ng ng\u1eaft:<\/span><\/i><span style=\"color:black\"> khi g\u1eb7p ph\u1ea3i t\u00ecnh tr\u1ea1ng n\u00e0y, b\u1ea1n c\u1ea7n ki\u1ec3m tra l\u1ea1i c\u00e1c \u0111\u01b0\u1eddng d\u1eabn v\u00e0 c\u00e1c \u0111i\u1ec3m n\u1ed1i \u0111\u1ec3 xem m\u00e1y c\u00f3 b\u1ecb r\u00f2 r\u1ec9 n\u01b0\u1edbc \u1edf m\u1ed1i n\u1ed1i ho\u1eb7c \u1ed1ng d\u1eabn hay kh\u00f4ng? N\u1ebfu c\u00f3 th\u00ec c\u1ea7n thao t\u00e1c si\u1ebft ch\u1eb7t l\u1ea1i ho\u1eb7c thay van m\u1edbi. N\u1ebfu \u0111\u1ec3 t\u00ecnh tr\u1ea1ng n\u00e0y k\u00e9o d\u00e0i, kh\u00f4ng nh\u1eefng kh\u00f4ng c\u00f3 n\u01b0\u1edbc tinh khi\u1ebft \u0111\u1ec3 s\u1eed d\u1ee5ng m\u00e0 c\u00f2n g\u00e2y ra hi\u1ec7n t\u01b0\u1ee3ng t\u1ed1n \u0111i\u1ec7n, ch\u00e1t m\u00e1y, n\u01b0\u1edbc th\u1ea3i v\u00e0 r\u1ea5t h\u1ea1i cho b\u01a1m.<\/span><\/span><\/span><\/span><\/span><\/p>\n<p style=\"text-align:justify\"><span style=\"font-size:12pt\"><span style=\"background:white\"><span style=\"line-height:115%\"><span style=\"font-family:&quot;Times New Roman&quot;,serif\"><span style=\"color:black\">N\u1ebfu kh\u00f4ng ph\u1ea3i do van th\u00ec b\u1ea1n c\u1ea7n ki\u1ec3m tra l\u1ea1i m\u00e0ng l\u1ecdc RO, b\u1eb1ng c\u00e1ch: kh\u00f3a van b\u00ecnh \u00e1p v\u00e0 th\u00e1o d\u00e2y d\u1eabn n\u01b0\u1edbc v\u00e0o b\u00ecnh ch\u1ee9a. N\u1ebfu n\u01b0\u1edbc tinh khi\u1ebft ch\u1ea3y ra th\u00e0nh d\u00f2ng th\u00ec m\u00e0ng l\u1ecdc RO \u1edf m\u00e1y l\u1ecdc c\u1ee7a b\u1ea1n v\u1eabn ho\u1ea1t \u0111\u1ed9ng b\u00ecnh th\u01b0\u1eddng, tuy nhi\u00ean n\u1ebfu n\u01b0\u1edbc ch\u1ea3y ra nh\u1ecf gi\u1ecdt ho\u1eb7c n\u01b0\u1edbc kh\u00f4ng ra th\u00ec r\u1ea5t c\u00f3 th\u1ec3 m\u00e0ng RO \u0111\u00e3 b\u1ecb t\u1eafc v\u00e0 b\u1ea1n c\u1ea7n thay th\u1ebf m\u00e0ng l\u1ecdc m\u1edbi.<\/span><\/span><\/span><\/span><\/span><\/p>\n<p style=\"text-align:justify\"><span style=\"font-size:12pt\"><span style=\"background:white\"><span style=\"line-height:115%\"><span style=\"font-family:&quot;Times New Roman&quot;,serif\"><span style=\"color:black\">N\u1ebfu nguy\u00ean nh\u00e2n kh\u00f4ng ph\u1ea3i xu\u1ea5t ph\u00e1t t\u1eeb hai tr\u01b0\u1eddng h\u1ee3p tr\u00ean th\u00ec r\u1ea5t c\u00f3 th\u1ec3 l\u00e0 do van cao \u00e1p c\u1ee7a m\u00e1y l\u1ecdc n\u01b0\u1edbc RO. Khi n\u00e0y, b\u1ea1n h\u00e3y ki\u1ec3m tra b\u1eb1ng c\u00e1ch kh\u00f3a van \u00e1p cao c\u1ee7a m\u00e1y v\u00e0 quan s\u00e1t trong v\u00f2ng 5 ph\u00fat. N\u1ebfu m\u00e1y l\u1ecdc ng\u1eebng ho\u1ea1t \u0111\u1ed9ng th\u00ec van v\u1eabn b\u00ecnh th\u01b0\u1eddng. C\u00f2n n\u1ebfu m\u00e1y v\u1eabn ho\u1ea1t \u0111\u1ed9ng th\u00ec kh\u1ea3 n\u0103ng cao l\u00e0 van \u0111\u00e3 b\u1ecb h\u1ecfng v\u00e0 b\u1ea1n c\u1ea7n ph\u1ea3i thay th\u1ebf n\u00f3 ngay.<\/span><\/span><\/span><\/span><\/span><\/p>\n<p style=\"text-align:justify\"><span style=\"font-size:12pt\"><span style=\"background:white\"><span style=\"line-height:115%\"><span style=\"font-family:&quot;Times New Roman&quot;,serif\"><i><span style=\"color:black\">Van Flow m\u00e1y l\u1ecdc n\u01b0\u1edbc b\u1ecb h\u1ecfng:<\/span><\/i><span style=\"color:black\"> trong qu\u00e1 tr\u00ecnh l\u1ecdc n\u01b0\u1edbc, khi n\u01b0\u1edbc th\u1ea3i ra nhi\u1ec1u th\u00ec c\u00f3 th\u1ec3 do van flow c\u1ee7a m\u00e1y l\u1ecdc \u0111\u00e3 b\u1ecb h\u1ecfng ho\u1eb7c do \u00e1p l\u1ef1c c\u1ee7a b\u01a1m b\u1ecb y\u1ebfu. V\u1edbi t\u00ecnh tr\u1ea1ng tr\u00ean th\u00ec b\u1ea1n c\u1ea7n thay van flow. N\u1ebfu kh\u00f4ng ph\u1ea3i do van flow th\u00ec b\u1ea1n c\u1ea7n ki\u1ec3m tra l\u1ea1i \u00e1p l\u1ef1c c\u1ee7a m\u00e1y b\u01a1m, b\u1eb1ng c\u00e1ch: th\u00e1o c\u00fat \u0111\u1ea7u c\u1ee7a b\u01a1m v\u00e0 ki\u1ec3m tra ngu\u1ed3n \u0111\u1ea7u ra c\u1ee7a Adapter(B\u1ed9 ph\u1eadn chuy\u1ec3n \u0111\u1ed5i \u0111i\u1ec7n \u00e1p), xem \u0111i\u1ec7n \u00e1p \u0111\u1ea7u v\u00e0o c\u00f3 \u0111\u1ee7 12V hay kh\u00f4ng? N\u1ebfu \u0111i\u1ec7n \u00e1p \u0111\u1ea7u v\u00e0o kh\u00f4ng \u0111\u1ee7 th\u00ec c\u00f3 ngh\u0129a l\u00e0 Adapter c\u1ee7a b\u1ea1n \u0111\u00e3 b\u1ecb h\u1ecfng v\u00e0 c\u1ea7n thay m\u1edbi.<\/span><\/span><\/span><\/span><\/span><\/p>\n<p style=\"text-align:justify\"><span style=\"font-size:12pt\"><span style=\"background:white\"><span style=\"line-height:115%\"><span style=\"font-family:&quot;Times New Roman&quot;,serif\"><span style=\"color:black\">Trong tr\u01b0\u1eddng h\u1ee3p v\u1eabn kh\u00f4ng ph\u1ea3i do l\u1ed7i c\u1ee7a Adapter th\u00ec c\u00f3 th\u1ec3 l\u00e0 do m\u00e1y b\u01a1m c\u1ee7a m\u00e1y l\u1ecdc n\u01b0\u1edbc \u0111\u00e3 b\u1ecb h\u1ecfng v\u00e0 b\u1ea1n c\u1ea7n ph\u1ea3i s\u1eeda ch\u1eefa ho\u1eb7c thay th\u1ebf m\u1ed9t m\u00e1y b\u01a1m m\u1edbi \u0111\u1ec3 m\u00e1y l\u1ecdc n\u01b0\u1edbc c\u00f3 th\u1ec3 ho\u1ea1t \u0111\u1ed9ng \u0111\u01b0\u1ee3c \u1ed5n \u0111\u1ecbnh.<\/span><\/span><\/span><\/span><\/span><\/p>\n<p style=\"text-align:justify\"><span style=\"font-size:12pt\"><span style=\"background:white\"><span style=\"line-height:115%\"><span style=\"font-family:&quot;Times New Roman&quot;,serif\"><span lang=\"VI\" style=\"color:black\">\u0110\u1ec3 mua \u0111\u01b0\u1ee3c c\u00e1c lo\u1ea1i linh ki\u1ec7n ch\u00ednh h\u00e3ng, h\u00e3y li\u00ean h\u1ec7 th\u01b0\u01a1ng hi\u1ec7u ph\u00e2n ph\u1ed1i ch\u00ednh h\u00e3ng iClean.<\/span><\/span><\/span><\/span><\/span><\/p>\n","protected":false},"excerpt":{"rendered":"<p>&nbsp; Nh\u1eefng \u0111i\u1ec1u c\u1ea7n bi\u1ebft v\u1ec1 van 1 chi\u1ec1u m\u00e1y l\u1ecdc n\u01b0\u1edbc 1. Van m\u1ed9t chi\u1ec1u trong m\u00e1y l\u1ecdc n\u01b0\u1edbc l\u00e0 g\u00ec? Van m\u1ed9t chi\u1ec1u m\u00e1y l\u1ecdc n\u01b0\u1edbc&nbsp;l\u00e0 thi\u1ebft b\u1ecb kh\u00f4ng th\u1ec3 thi\u1ebfu trong h\u1ec7 th\u1ed1ng c\u1ee7a m\u00e1y l\u1ecdc n\u01b0\u1edbc. Tuy nhi\u00ean, nhi\u1ec1u ng\u01b0\u1eddi d\u00f9ng hi\u1ec7n nay v\u1eabn ch\u01b0a hi\u1ec3u r\u00f5 van 1 chi\u1ec1u c\u1ee7a [&hellip;]<\/p>\n","protected":false},"featured_media":204,"comment_status":"open","ping_status":"closed","template":"","meta":[],"product_brand":[],"product_cat":[45],"product_tag":[],"class_list":{"0":"post-203","1":"product","2":"type-product","3":"status-publish","4":"has-post-thumbnail","6":"product_cat-iclean-import","8":"first","9":"instock","10":"shipping-taxable","11":"purchasable","12":"product-type-simple"},"_links":{"self":[{"href":"https:\/\/mf260.techfindme.xyz\/index.php?rest_route=\/wp\/v2\/product\/203","targetHints":{"allow":["GET"]}}],"collection":[{"href":"https:\/\/mf260.techfindme.xyz\/index.php?rest_route=\/wp\/v2\/product"}],"about":[{"href":"https:\/\/mf260.techfindme.xyz\/index.php?rest_route=\/wp\/v2\/types\/product"}],"replies":[{"embeddable":true,"href":"https:\/\/mf260.techfindme.xyz\/index.php?rest_route=%2Fwp%2Fv2%2Fcomments&post=203"}],"wp:featuredmedia":[{"embeddable":true,"href":"https:\/\/mf260.techfindme.xyz\/index.php?rest_route=\/wp\/v2\/media\/204"}],"wp:attachment":[{"href":"https:\/\/mf260.techfindme.xyz\/index.php?rest_route=%2Fwp%2Fv2%2Fmedia&parent=203"}],"wp:term":[{"taxonomy":"product_brand","embeddable":true,"href":"https:\/\/mf260.techfindme.xyz\/index.php?rest_route=%2Fwp%2Fv2%2Fproduct_brand&post=203"},{"taxonomy":"product_cat","embeddable":true,"href":"https:\/\/mf260.techfindme.xyz\/index.php?rest_route=%2Fwp%2Fv2%2Fproduct_cat&post=203"},{"taxonomy":"product_tag","embeddable":true,"href":"https:\/\/mf260.techfindme.xyz\/index.php?rest_route=%2Fwp%2Fv2%2Fproduct_tag&post=203"}],"curies":[{"name":"wp","href":"https:\/\/api.w.org\/{rel}","templated":true}]}}