{"id":201,"date":"2026-04-20T10:43:55","date_gmt":"2026-04-20T10:43:55","guid":{"rendered":"http:\/\/mf260.techfindme.xyz\/?product=van-flow-300"},"modified":"2026-04-20T10:43:55","modified_gmt":"2026-04-20T10:43:55","slug":"van-flow-300","status":"publish","type":"product","link":"https:\/\/mf260.techfindme.xyz\/?product=van-flow-300","title":{"rendered":"Van flow 300"},"content":{"rendered":"<h1><span style=\"font-size:24pt\"><span style=\"background:white\"><span style=\"font-family:&quot;Times New Roman&quot;,serif\"><span style=\"font-weight:bold\"><span style=\"font-size:13.0pt\"><span style=\"color:black\">T\u00ecm hi\u1ec3u Van Flow c\u1ee7a m\u00e1y l\u1ecdc n\u01b0\u1edbc RO<\/span><\/span><\/span><\/span><\/span><\/span><\/h1>\n<h2><span style=\"font-size:18pt\"><span style=\"background:white\"><span style=\"font-family:&quot;Times New Roman&quot;,serif\"><span style=\"font-weight:bold\"><strong><i><span lang=\"VI\" style=\"font-size:12.0pt\"><span style=\"color:black\">1.<\/span><\/span><\/i><\/strong><strong><i><span style=\"font-size:12.0pt\"><span style=\"color:black\">Van Flow c\u1ee7a m\u00e1y l\u1ecdc n\u01b0\u1edbc RO c\u00f3 t\u00e1c d\u1ee5ng g\u00ec?<\/span><\/span><\/i><\/strong><i><\/i><\/span><\/span><\/span><\/span><\/h2>\n<p><span style=\"font-size:12pt\"><span style=\"background:white\"><span style=\"font-family:&quot;Times New Roman&quot;,serif\"><span style=\"background:white\"><span style=\"color:black\">Van Flow&nbsp;c\u00f2n&nbsp;g\u1ecdi l\u00e0&nbsp;van<\/span><\/span><span lang=\"VI\" style=\"background:white\"><span style=\"color:black\"> h\u1ea1n ch\u1ebf<\/span><\/span><span style=\"background:white\"><span style=\"color:black\"> n\u01b0\u1edbc th\u1ea3i c\u1ee7a m\u00e1y l\u1ecdc n\u01b0\u1edbc RO gi\u00fap \u0111i\u1ec1u ti\u1ebft&nbsp;n\u01b0\u1edbc th\u1ea3i.&nbsp;Van Flow \u0111\u01b0\u1ee3c l\u1eafp v\u00e0o \u0111\u01b0\u1eddng n\u01b0\u1edbc th\u1ea3i nh\u1eb1m&nbsp;t\u1ea1o ra \u00e1p su\u1ea5t cao t\u00e1c d\u1ee5ng l\u00ean m\u00e0ng l\u1ecdc RO gi\u00fap cho m\u00e1y l\u1ecdc n\u01b0\u1edbc RO l\u1ecdc \u0111\u01b0\u1ee3c nhi\u1ec1u n\u01b0\u1edbc tinh khi\u1ebft h\u01a1n, h\u1ea1n ch\u1ebf n\u01b0\u1edbc th\u1ea3i th\u1ea3i ra ngo\u00e0i.<\/span><\/span><\/span><\/span><\/span><\/p>\n<p><span style=\"font-size:12pt\"><span style=\"background:white\"><span style=\"font-family:&quot;Times New Roman&quot;,serif\"><span style=\"background:white\"><span style=\"color:black\"><img decoding=\"async\" data-thumb=\"original\" original-height=\"247\" original-width=\"602\" src=\"\/\/bizweb.dktcdn.net\/100\/320\/195\/files\/z4358760508535-335b72829474ef9519f3b6d02e22451d.jpg?v=1684658766092\" \/><\/span><\/span><\/span><\/span><\/span><\/p>\n<p><span style=\"font-size:12pt\"><span style=\"background:white\"><span style=\"font-family:&quot;Times New Roman&quot;,serif\"><b><span lang=\"VI\" style=\"color:black\">2. C\u1ea5u t\u1ea1o c\u1ee7a Van Flow 300<\/span><\/b><\/span><\/span><\/span><\/p>\n<p><span style=\"font-size:12pt\"><span style=\"background:white\"><span style=\"font-family:&quot;Times New Roman&quot;,serif\"><b><i><u><span style=\"color:black\"><a href=\"https:\/\/www.hatali.com.vn\/tim-hieu-van-flow-cua-may-loc-nuoc-ro\/\"><strong><span style=\"color:black\"><span style=\"font-weight:normal\">Van flow<\/span><\/span><\/strong><\/a><\/span><\/u><\/i><\/b><span style=\"color:black\">&nbsp;c\u00f3 c\u1ea5u t\u1ea1o b\u1eb1ng m\u1ed9t \u0111\u01b0\u1eddng \u1ed1ng tr\u00f2n c\u00f3 ti\u1ebft di\u1ec7n thu nh\u1ecf v\u00e0o t\u00e2m v\u1edbi \u0111\u01b0\u1eddng k\u00ednh s\u1ea5p x\u1ec9 1 limimet. \u0110\u1ea7u v\u00e0o c\u1ee7a van c\u00f3 \u00e9p 1 m\u00e0ng l\u01b0\u1edbi ch\u1eb7n c\u1eb7n b\u1ea9n c\u00f3 k\u00edch th\u01b0\u1edbc \u2265 1 limimet. N\u1ebfu l\u1eafp van Flow ng\u01b0\u1ee3c th\u00ec sau m\u1ed9t th\u1eddi gian s\u1eed d\u1ee5ng&nbsp;<b><a href=\"https:\/\/www.hatali.com.vn\/may-loc-nuoc\/\"><strong><span style=\"color:black\"><span style=\"font-weight:normal\"><span style=\"text-decoration:none\"><span style=\"text-underline:none\">m\u00e1y l\u1ecdc n\u01b0\u1edbc RO<\/span><\/span><\/span><\/span><\/strong><\/a><\/b>&nbsp;s\u1ebd kh\u00f4ng ho\u1ea1t \u0111\u1ed9ng \u0111\u01b0\u1ee3c do t\u1eafc Van n\u01b0\u1edbc th\u1ea3i.<\/span><\/span><\/span><\/span><\/p>\n<p><span style=\"font-size:12pt\"><span style=\"background:white\"><span style=\"font-family:&quot;Times New Roman&quot;,serif\"><strong><i><u><span style=\"color:black\"><span style=\"font-weight:normal\">Van Flow<\/span><\/span><\/u><\/i><\/strong><span style=\"color:black\">&nbsp;g\u1ed3m nhi\u1ec1u lo\u1ea1i. \u0110\u1ed1i v\u1edbi&nbsp;<strong><span style=\"font-weight:normal\">h\u1ec7 th\u1ed1ng m\u00e1y l\u1ecdc n\u01b0\u1edbc RO<\/span><\/strong>&nbsp;cho n\u01b0\u1edbc s\u1ea1ch sinh ho\u1ea1t th\u00ec<\/span><span lang=\"VI\" style=\"color:black\"> \u0111a s\u1ed1<\/span><span style=\"color:black\"> d\u00f9ng lo\u1ea1i&nbsp;<strong><span style=\"font-weight:normal\">van flow 300<\/span><\/strong>\u2026. T\u00f9y thu\u1ed9c ngu\u1ed3n n\u01b0\u1edbc \u0111\u1ea7u v\u00e0o v\u00e0 h\u1ec7 th\u1ed1ng l\u1ecdc RO kh\u00e1c nhau m\u00e0 ta s\u1eed d\u1ee5ng lo\u1ea1i van kh\u00e1c nhau.<\/span><\/span><\/span><\/span><\/p>\n<p><span style=\"font-size:12pt\"><span style=\"background:white\"><span style=\"font-family:&quot;Times New Roman&quot;,serif\"><span lang=\"VI\" style=\"color:black\">M\u1ed9t s\u1ed1 v\u1ea5n \u0111\u1ec1 li\u00ean quan \u0111\u1ebfn Van flow&nbsp; c\u1ee7a m\u00e1y l\u1ecdc n\u01b0\u1edbc RO<\/span><\/span><\/span><\/span><\/p>\n<p><span style=\"font-size:11pt\"><span style=\"background:white\"><span style=\"line-height:normal\"><span style=\"font-family:Calibri,sans-serif\"><span lang=\"VI\" style=\"font-size:12.0pt\"><span style=\"font-family:&quot;Times New Roman&quot;,serif\"><span style=\"color:black\">&#8211;<\/span><\/span><\/span> <span style=\"font-size:12.0pt\"><span style=\"font-family:&quot;Times New Roman&quot;,serif\"><span style=\"color:black\">Van flow h\u1ecfng d\u1eabn \u0111\u1ebfn m\u00e1y RO kh\u00f4ng ch\u1ea1y ho\u1eb7c c\u00f3 ch\u1ea1y nh\u01b0ng l\u01b0\u1ee3ng n\u01b0\u1edbc l\u1ecdc tinh khi\u1ebft \u00edt v\u00e0 n\u01b0\u1edbc th\u1ea3i nhi\u1ec1u;<\/span><\/span><\/span><\/span><\/span><\/span><\/span><\/p>\n<p><span style=\"font-size:11pt\"><span style=\"background:white\"><span style=\"line-height:normal\"><span style=\"font-family:Calibri,sans-serif\"><span lang=\"VI\" style=\"font-size:12.0pt\"><span style=\"font-family:&quot;Times New Roman&quot;,serif\"><span style=\"color:black\">&#8211; <\/span><\/span><\/span><span style=\"font-size:12.0pt\"><span style=\"font-family:&quot;Times New Roman&quot;,serif\"><span style=\"color:black\">Van flow b\u1ecb t\u1eafc c\u00f3 th\u1ec3 d\u1eabn \u0111\u1ebfn t\u1eafc m\u00e0ng RO (t\u1eafc l\u00f5i l\u1ecdc RO);<\/span><\/span><\/span><\/span><\/span><\/span><\/span><\/p>\n<p><span style=\"font-size:11pt\"><span style=\"background:white\"><span style=\"line-height:normal\"><span style=\"font-family:Calibri,sans-serif\"><span lang=\"VI\" style=\"font-size:12.0pt\"><span style=\"font-family:&quot;Times New Roman&quot;,serif\"><span style=\"color:black\">&#8211; <\/span><\/span><\/span><span style=\"font-size:12.0pt\"><span style=\"font-family:&quot;Times New Roman&quot;,serif\"><span style=\"color:black\">Do c\u1ea5u t\u1ea1o c\u1ee7a van flow, n\u00ean ta ph\u1ea3i l\u1eafp \u0111\u00fang chi\u1ec1u. N\u1ebfu b\u1ea1n l\u1eafp ng\u01b0\u1ee3c s\u1ebd d\u1eabn \u0111\u1ebfn d\u1eabn \u0111\u1ebfn hi\u1ec7n t\u01b0\u1ee3ng t\u1eafc van l\u00e0m nhanh h\u1ecfng l\u00f5i l\u1ecdc RO;<\/span><\/span><\/span><\/span><\/span><\/span><\/span><\/p>\n<p><span style=\"font-size:11pt\"><span style=\"background:white\"><span style=\"line-height:normal\"><span style=\"font-family:Calibri,sans-serif\"><span lang=\"VI\" style=\"font-size:12.0pt\"><span style=\"font-family:&quot;Times New Roman&quot;,serif\"><span style=\"color:black\">&#8211; <\/span><\/span><\/span><span style=\"font-size:12.0pt\"><span style=\"font-family:&quot;Times New Roman&quot;,serif\"><span style=\"color:black\">Van flow c\u0169ng \u0111\u00f3ng vai tr\u00f2 l\u00e0 1 van \u00e1p cao gi\u00fap m\u00e1y l\u1ecdc l\u00e0m vi\u1ec7c hi\u1ec7u qu\u1ea3 h\u01a1n.<\/span><\/span><\/span><\/span><\/span><\/span><\/span><\/p>\n","protected":false},"excerpt":{"rendered":"<p>T\u00ecm hi\u1ec3u Van Flow c\u1ee7a m\u00e1y l\u1ecdc n\u01b0\u1edbc RO 1.Van Flow c\u1ee7a m\u00e1y l\u1ecdc n\u01b0\u1edbc RO c\u00f3 t\u00e1c d\u1ee5ng g\u00ec? Van Flow&nbsp;c\u00f2n&nbsp;g\u1ecdi l\u00e0&nbsp;van h\u1ea1n ch\u1ebf n\u01b0\u1edbc th\u1ea3i c\u1ee7a m\u00e1y l\u1ecdc n\u01b0\u1edbc RO gi\u00fap \u0111i\u1ec1u ti\u1ebft&nbsp;n\u01b0\u1edbc th\u1ea3i.&nbsp;Van Flow \u0111\u01b0\u1ee3c l\u1eafp v\u00e0o \u0111\u01b0\u1eddng n\u01b0\u1edbc th\u1ea3i nh\u1eb1m&nbsp;t\u1ea1o ra \u00e1p su\u1ea5t cao t\u00e1c d\u1ee5ng l\u00ean m\u00e0ng l\u1ecdc RO gi\u00fap [&hellip;]<\/p>\n","protected":false},"featured_media":202,"comment_status":"open","ping_status":"closed","template":"","meta":[],"product_brand":[],"product_cat":[45],"product_tag":[],"class_list":{"0":"post-201","1":"product","2":"type-product","3":"status-publish","4":"has-post-thumbnail","6":"product_cat-iclean-import","8":"first","9":"instock","10":"shipping-taxable","11":"purchasable","12":"product-type-simple"},"_links":{"self":[{"href":"https:\/\/mf260.techfindme.xyz\/index.php?rest_route=\/wp\/v2\/product\/201","targetHints":{"allow":["GET"]}}],"collection":[{"href":"https:\/\/mf260.techfindme.xyz\/index.php?rest_route=\/wp\/v2\/product"}],"about":[{"href":"https:\/\/mf260.techfindme.xyz\/index.php?rest_route=\/wp\/v2\/types\/product"}],"replies":[{"embeddable":true,"href":"https:\/\/mf260.techfindme.xyz\/index.php?rest_route=%2Fwp%2Fv2%2Fcomments&post=201"}],"wp:featuredmedia":[{"embeddable":true,"href":"https:\/\/mf260.techfindme.xyz\/index.php?rest_route=\/wp\/v2\/media\/202"}],"wp:attachment":[{"href":"https:\/\/mf260.techfindme.xyz\/index.php?rest_route=%2Fwp%2Fv2%2Fmedia&parent=201"}],"wp:term":[{"taxonomy":"product_brand","embeddable":true,"href":"https:\/\/mf260.techfindme.xyz\/index.php?rest_route=%2Fwp%2Fv2%2Fproduct_brand&post=201"},{"taxonomy":"product_cat","embeddable":true,"href":"https:\/\/mf260.techfindme.xyz\/index.php?rest_route=%2Fwp%2Fv2%2Fproduct_cat&post=201"},{"taxonomy":"product_tag","embeddable":true,"href":"https:\/\/mf260.techfindme.xyz\/index.php?rest_route=%2Fwp%2Fv2%2Fproduct_tag&post=201"}],"curies":[{"name":"wp","href":"https:\/\/api.w.org\/{rel}","templated":true}]}}