{"id":199,"date":"2026-04-20T10:43:54","date_gmt":"2026-04-20T10:43:54","guid":{"rendered":"http:\/\/mf260.techfindme.xyz\/?product=van-binh-ap"},"modified":"2026-04-20T10:43:54","modified_gmt":"2026-04-20T10:43:54","slug":"van-binh-ap","status":"publish","type":"product","link":"https:\/\/mf260.techfindme.xyz\/?product=van-binh-ap","title":{"rendered":"Van b\u00ecnh \u00e1p"},"content":{"rendered":"<h2><span style=\"font-size:18pt\"><span style=\"background:white\"><span style=\"font-family:&quot;Times New Roman&quot;,serif\"><span style=\"font-weight:bold\"><span lang=\"VI\" style=\"font-size:13.0pt\"><span style=\"color:black\">T\u00ecm hi\u1ec3u v\u1ec1 van b\u00ecnh \u00e1p d\u00f9ng trong m\u00e1y l\u1ecdc n\u01b0\u1edbc RO<\/span><\/span><\/span><\/span><\/span><\/span><\/h2>\n<h2><span style=\"font-size:18pt\"><span style=\"background:white\"><span style=\"font-family:&quot;Times New Roman&quot;,serif\"><span style=\"font-weight:bold\"><i><span style=\"font-size:12.0pt\"><span style=\"color:black\">1. C\u00f4ng d\u1ee5ng c\u1ee7a van b\u00ecnh \u00e1p m\u00e1y RO<\/span><\/span><\/i><i><\/i><\/span><\/span><\/span><\/span><\/h2>\n<p><span style=\"font-size:12pt\"><span style=\"background:white\"><span style=\"font-family:&quot;Times New Roman&quot;,serif\"><strong><i><u><span style=\"color:black\"><span style=\"font-weight:normal\">Van b\u00ecnh \u00e1p m\u00e1y ro<\/span><\/span><\/u><\/i><\/strong><span style=\"color:black\">&nbsp;c\u00f3 c\u00f4ng d\u1ee5ng kh\u00f3a n\u01b0\u1edbc b\u00ecnh \u00e1p&nbsp;khi di d\u1eddi m\u00e1y t\u1eeb n\u01a1i n\u00e0y t\u1edbi n\u01a1i kh\u00e1c hay vi\u1ec7c ki\u1ec3m tra m\u00e0ng l\u1ecdc ro c\u00f2n ho\u1ea1t \u0111\u1ed9ng t\u1ed1t kh\u00f4ng th\u00ec ta th\u01b0\u1eddng kh\u00f3a n\u01b0\u1edbc b\u00ecnh \u00e1p l\u1ea1i \u0111\u1ec3 d\u1ec5 d\u00e0ng ki\u1ec3m tra.<\/span><\/span><\/span><\/span><\/p>\n<h2><span style=\"font-size:18pt\"><span style=\"background:white\"><span style=\"font-family:&quot;Times New Roman&quot;,serif\"><span style=\"font-weight:bold\"><i><span style=\"font-size:12.0pt\"><span style=\"color:black\">2. Nguy\u00ean l\u00ed ho\u1ea1t \u0111\u1ed9ng<\/span><\/span><\/i><\/span><\/span><\/span><\/span><\/h2>\n<p><span style=\"font-size:12pt\"><span style=\"background:white\"><span style=\"font-family:&quot;Times New Roman&quot;,serif\"><span style=\"color:black\">N\u01b0\u1edbc tinh khi\u1ebft sau khi l\u1ecdc qua m\u00e0ng l\u1ecdc RO ch\u1ea3y v\u00e0o b\u00ecnh \u00e1p, d\u01b0\u1edbi \u00e1p l\u1ef1c qu\u1ea3 b\u00f3ng cao su lu\u00f4n c\u0103ng c\u00f3 xu h\u01b0\u1edbng \u0111\u1ea9y n\u01b0\u1edbc t\u1ea1o n\u00ean \u00e1p su\u1ea5t. Khi \u0111\u1ea7y n\u01b0\u1edbc, t\u1ee9c \u0111\u1ee7 \u00e1p su\u1ea5t th\u00ec&nbsp;<strong><i><u><span style=\"font-weight:normal\">van b\u00ecnh \u00e1p<\/span><\/u><\/i><\/strong>&nbsp;s\u1ebd \u0111\u00f3ng v\u00e0 m\u00e1y ng\u1eebng ho\u1ea1t \u0111\u1ed9ng. Khi ch\u00fang ta m\u1edf v\u00f2i n\u01b0\u1edbc u\u1ed1ng, qu\u1ea3 b\u00f3ng s\u1ebd ph\u00ecnh ra \u00e1p gi\u1ea3m, van l\u1ea1i m\u1edf v\u00e0 m\u00e1y ti\u1ebfp t\u1ee5c ho\u1ea1t \u0111\u1ed9ng.<\/span><\/span><\/span><\/span><\/p>\n<p><img decoding=\"async\" data-thumb=\"original\" original-height=\"867\" original-width=\"815\" src=\"\/\/bizweb.dktcdn.net\/100\/320\/195\/files\/z4359003005768-eccf780afcaf0d1c9506974cffcf606a.jpg?v=1684659504298\" \/><\/p>\n<p align=\"center\" class=\"pcenter\" style=\"text-align:center\"><span style=\"font-size:12pt\"><span style=\"background:white\"><span style=\"font-family:&quot;Times New Roman&quot;,serif\"><em><span style=\"color:black\">Van b\u00ecnh \u00e1p m\u00e1y ro<\/span><\/em><i><\/i><\/span><\/span><\/span><\/p>\n<h2><span style=\"font-size:18pt\"><span style=\"background:white\"><span style=\"font-family:&quot;Times New Roman&quot;,serif\"><span style=\"font-weight:bold\"><i><span style=\"font-size:12.0pt\"><span style=\"color:black\">3. Mua van b\u00ecnh \u00e1p m\u00e1y l\u1ecdc n\u01b0\u1edbc Ro \u1edf \u0111\u00e2u?<\/span><\/span><\/i><\/span><\/span><\/span><\/span><\/h2>\n<h2><span style=\"font-size:18pt\"><span style=\"background:white\"><span style=\"font-family:&quot;Times New Roman&quot;,serif\"><span style=\"font-weight:bold\"><span style=\"font-size:12.0pt\"><span style=\"background:white\"><span style=\"color:black\"><span style=\"font-weight:normal\">Sau m\u1ed9t th\u1eddi gian s\u1eed d\u1ee5ng, van b\u00ecnh ch\u1ee9a c\u00f3 th\u1ec3 b\u1ecb h\u1ecfng g\u00e2y r\u00f2 r\u1ec9 n\u01b0\u1edbc, d\u1eabn \u0111\u1ebfn l\u00e3ng ph\u00ed. <u>Van b\u00ecnh \u00e1p <\/u>\u2013 Van b\u00ecnh ch\u1ee9a n\u01b0\u1edbc m\u00e1y l\u1ecdc n\u01b0\u1edbc RO c\u00f3 ch\u1ee9c n\u0103ng kh\u00f3a \u0111\u01b0\u1eddng n\u01b0\u1edbc v\u00e0o b\u00ecnh ch\u1ee9a.<\/span><\/span><\/span><\/span><\/span><\/span><\/span><\/span><\/h2>\n<p><span style=\"font-size:12pt\"><span style=\"background:white\"><span style=\"font-family:&quot;Times New Roman&quot;,serif\"><span lang=\"VI\" style=\"color:black\">iClean<\/span><span style=\"color:black\">&nbsp;l\u00e0 \u0111\u01a1n v\u1ecb cung c\u1ea5p c\u00e1c thi\u1ebft b\u1ecb l\u1ecdc n\u01b0\u1edbc, v\u1eadt li\u1ec7u l\u1ecdc n\u01b0\u1edbc v\u00e0 c\u00e1c linh ki\u1ec7n c\u1ee7a m\u00e1y l\u1ecdc n\u01b0\u1edbc to\u00e0n qu\u1ed1c. V\u1edbi h\u01a1n 10 n\u0103m&nbsp;kinh nghi\u1ec7m, ch\u00fang t\u00f4i lu\u00f4n mang \u0111\u1ebfn cho qu\u00fd kh\u00e1ch h\u00e0ng c\u00e1c s\u1ea3n ph\u1ea9m ch\u1ea5t l\u01b0\u1ee3ng v\u00e0 an to\u00e0n nh\u1ea5t.<\/span><\/span><\/span><\/span><\/p>\n","protected":false},"excerpt":{"rendered":"<p>T\u00ecm hi\u1ec3u v\u1ec1 van b\u00ecnh \u00e1p d\u00f9ng trong m\u00e1y l\u1ecdc n\u01b0\u1edbc RO 1. C\u00f4ng d\u1ee5ng c\u1ee7a van b\u00ecnh \u00e1p m\u00e1y RO Van b\u00ecnh \u00e1p m\u00e1y ro&nbsp;c\u00f3 c\u00f4ng d\u1ee5ng kh\u00f3a n\u01b0\u1edbc b\u00ecnh \u00e1p&nbsp;khi di d\u1eddi m\u00e1y t\u1eeb n\u01a1i n\u00e0y t\u1edbi n\u01a1i kh\u00e1c hay vi\u1ec7c ki\u1ec3m tra m\u00e0ng l\u1ecdc ro c\u00f2n ho\u1ea1t \u0111\u1ed9ng t\u1ed1t kh\u00f4ng th\u00ec ta [&hellip;]<\/p>\n","protected":false},"featured_media":200,"comment_status":"open","ping_status":"closed","template":"","meta":[],"product_brand":[],"product_cat":[45],"product_tag":[],"class_list":{"0":"post-199","1":"product","2":"type-product","3":"status-publish","4":"has-post-thumbnail","6":"product_cat-iclean-import","8":"first","9":"instock","10":"shipping-taxable","11":"purchasable","12":"product-type-simple"},"_links":{"self":[{"href":"https:\/\/mf260.techfindme.xyz\/index.php?rest_route=\/wp\/v2\/product\/199","targetHints":{"allow":["GET"]}}],"collection":[{"href":"https:\/\/mf260.techfindme.xyz\/index.php?rest_route=\/wp\/v2\/product"}],"about":[{"href":"https:\/\/mf260.techfindme.xyz\/index.php?rest_route=\/wp\/v2\/types\/product"}],"replies":[{"embeddable":true,"href":"https:\/\/mf260.techfindme.xyz\/index.php?rest_route=%2Fwp%2Fv2%2Fcomments&post=199"}],"wp:featuredmedia":[{"embeddable":true,"href":"https:\/\/mf260.techfindme.xyz\/index.php?rest_route=\/wp\/v2\/media\/200"}],"wp:attachment":[{"href":"https:\/\/mf260.techfindme.xyz\/index.php?rest_route=%2Fwp%2Fv2%2Fmedia&parent=199"}],"wp:term":[{"taxonomy":"product_brand","embeddable":true,"href":"https:\/\/mf260.techfindme.xyz\/index.php?rest_route=%2Fwp%2Fv2%2Fproduct_brand&post=199"},{"taxonomy":"product_cat","embeddable":true,"href":"https:\/\/mf260.techfindme.xyz\/index.php?rest_route=%2Fwp%2Fv2%2Fproduct_cat&post=199"},{"taxonomy":"product_tag","embeddable":true,"href":"https:\/\/mf260.techfindme.xyz\/index.php?rest_route=%2Fwp%2Fv2%2Fproduct_tag&post=199"}],"curies":[{"name":"wp","href":"https:\/\/api.w.org\/{rel}","templated":true}]}}