{"id":195,"date":"2026-04-20T10:43:52","date_gmt":"2026-04-20T10:43:52","guid":{"rendered":"http:\/\/mf260.techfindme.xyz\/?product=cac-loai-cut-noi-trong-may-loc-nuoc"},"modified":"2026-04-20T10:43:52","modified_gmt":"2026-04-20T10:43:52","slug":"cac-loai-cut-noi-trong-may-loc-nuoc","status":"publish","type":"product","link":"https:\/\/mf260.techfindme.xyz\/?product=cac-loai-cut-noi-trong-may-loc-nuoc","title":{"rendered":"C\u00e1c lo\u1ea1i c\u00fat n\u1ed1i trong m\u00e1y l\u1ecdc n\u01b0\u1edbc"},"content":{"rendered":"<p><span style=\"font-size:11pt\"><span style=\"line-height:115%\"><span style=\"font-family:Calibri,sans-serif\"><b><span lang=\"VI\" style=\"font-size:13.0pt\"><span style=\"line-height:115%\"><span style=\"font-family:&quot;Times New Roman&quot;,serif\"><span style=\"color:black\">C\u00e1c lo\u1ea1i c\u00fat n\u1ed1i trong m\u00e1y l\u1ecdc n\u01b0\u1edbc c\u00f3 quan tr\u1ecdng kh\u00f4ng?<\/span><\/span><\/span><\/span><\/b><\/span><\/span><\/span><\/p>\n<p><span style=\"font-size:11pt\"><span style=\"line-height:115%\"><span style=\"font-family:Calibri,sans-serif\"><strong><span style=\"font-size:12.0pt\"><span style=\"background:white\"><span style=\"line-height:115%\"><span style=\"color:black\"><span style=\"font-weight:normal\">Trong m\u00e1y l\u1ecdc n\u01b0\u1edbc RO th\u00ec&nbsp;<\/span><\/span><\/span><\/span><\/span><\/strong><strong><span lang=\"VI\" style=\"font-size:12.0pt\"><span style=\"background:white\"><span style=\"line-height:115%\"><span style=\"color:black\"><span style=\"font-weight:normal\">c\u00f3 r\u1ea5t <u>nhi\u1ec1u c\u00e1c lo\u1ea1i c\u00fat<\/u> l\u00e0m d\u1eabn n\u1ed1i c\u00e1c b\u1ed9 ph\u1eadn c\u1ee7a m\u00e1y l\u1ecdc, m\u1ed7i c\u00fat n\u1ed1i r\u1ea5t quan tr\u1ecdng v\u00e0 c\u00f3 ch\u1ee9c n\u0103ng kh\u00e1c nhau t\u00f9y v\u1ecb tr\u00ed.<\/span><\/span><\/span><\/span><\/span><\/strong><\/span><\/span><\/span><\/p>\n<p><span style=\"font-size:11pt\"><span style=\"line-height:115%\"><span style=\"font-family:Calibri,sans-serif\"><span style=\"font-size:12.0pt\"><span style=\"background:white\"><span style=\"line-height:115%\"><span style=\"font-family:&quot;Times New Roman&quot;,serif\"><span style=\"color:black\"><span style=\"letter-spacing:.2pt\">C\u00fat \u0111\u01b0\u1ee3c s\u1eed d\u1ee5ng k\u1ebft n\u1ed1i c\u00e1c b\u1ed9 ph\u1eadn c\u1ee7a m\u00e1y l\u1ecdc n\u01b0\u1edbc RO nh\u01b0 c\u1ed1c l\u1ecdc th\u00f4, l\u00f5i l\u1ecdc, l\u00f5i kho\u00e1ng&#8230; <\/span><\/span><\/span><\/span><\/span><\/span><\/span><\/span><\/span><\/p>\n<p><span style=\"font-size:11pt\"><span style=\"line-height:115%\"><span style=\"font-family:Calibri,sans-serif\"><span style=\"font-size:12.0pt\"><span style=\"background:white\"><span style=\"line-height:115%\"><span style=\"font-family:&quot;Times New Roman&quot;,serif\"><span style=\"color:black\"><span style=\"letter-spacing:.2pt\">Sau m\u1ed9t th\u1eddi gian s\u1eed d\u1ee5ng, do ngu\u1ed3n n\u01b0\u1edbc b\u1ea9n, c\u00e1c c\u00fat n\u00e0y c\u00f3 hi\u1ec7n t\u01b0\u1ee3ng t\u1eafc l\u1ea1i, g\u00e2y h\u1ecfng h\u1ec7 th\u1ed1ng l\u1ecdc n\u01b0\u1edbc RO. V\u00ec v\u1eady, ch\u00fang ta c\u1ea7n thay th\u1ebf c\u00e1c c\u00fat n\u00e0y sau m\u1ed9t th\u1eddi gian d\u00e0i s\u1eed d\u1ee5ng. Gi\u00fap m\u00e1y ho\u1ea1t \u0111\u1ed9ng \u1ed5n \u0111\u1ecbnh h\u01a1n v\u00e0 t\u0103ng tu\u1ed5i th\u1ecd cho m\u00e1y.<\/span><\/span><\/span><\/span><\/span><\/span><\/span><\/span><\/span><\/p>\n<p style=\"text-align:justify\"><span style=\"font-size:12pt\"><span style=\"background:white\"><span style=\"line-height:115%\"><span style=\"font-family:&quot;Times New Roman&quot;,serif\"><span style=\"color:black\">Hi\u1ec7n nay, tr\u00ean th\u1ecb tr\u01b0\u1eddng c\u00f3 r\u1ea5t nhi\u1ec1u \u0111\u01a1n v\u1ecb cung c\u1ea5p linh ki\u1ec7n n\u00e0y cho m\u00e1y l\u1ecdc n\u01b0\u1edbc. Nh\u01b0ng <\/span><span lang=\"VI\" style=\"color:black\">c\u00e1c linh ki\u1ec7n \u0111\u01b0\u1ee3c <u>ph\u00e2n ph\u1ed1i b\u1edfi th\u01b0\u01a1ng hi\u1ec7u \u0111\u1ed9c quy\u1ec1n iClean<\/u> <\/span><span style=\"color:black\">l\u1ea1i v\u01b0\u1ee3t tr\u1ed9i h\u01a1n h\u1eb3n v\u00e0 \u0111\u01b0\u1ee3c l\u1eafp \u0111\u1eb7t trong nhi\u1ec1u m\u00e1y l\u1ecdc.<\/span><\/span><\/span><\/span><\/span><\/p>\n","protected":false},"excerpt":{"rendered":"<p>C\u00e1c lo\u1ea1i c\u00fat n\u1ed1i trong m\u00e1y l\u1ecdc n\u01b0\u1edbc c\u00f3 quan tr\u1ecdng kh\u00f4ng? Trong m\u00e1y l\u1ecdc n\u01b0\u1edbc RO th\u00ec&nbsp;c\u00f3 r\u1ea5t nhi\u1ec1u c\u00e1c lo\u1ea1i c\u00fat l\u00e0m d\u1eabn n\u1ed1i c\u00e1c b\u1ed9 ph\u1eadn c\u1ee7a m\u00e1y l\u1ecdc, m\u1ed7i c\u00fat n\u1ed1i r\u1ea5t quan tr\u1ecdng v\u00e0 c\u00f3 ch\u1ee9c n\u0103ng kh\u00e1c nhau t\u00f9y v\u1ecb tr\u00ed. C\u00fat \u0111\u01b0\u1ee3c s\u1eed d\u1ee5ng k\u1ebft n\u1ed1i c\u00e1c b\u1ed9 [&hellip;]<\/p>\n","protected":false},"featured_media":196,"comment_status":"open","ping_status":"closed","template":"","meta":[],"product_brand":[],"product_cat":[45],"product_tag":[],"class_list":{"0":"post-195","1":"product","2":"type-product","3":"status-publish","4":"has-post-thumbnail","6":"product_cat-iclean-import","8":"first","9":"instock","10":"shipping-taxable","11":"purchasable","12":"product-type-simple"},"_links":{"self":[{"href":"https:\/\/mf260.techfindme.xyz\/index.php?rest_route=\/wp\/v2\/product\/195","targetHints":{"allow":["GET"]}}],"collection":[{"href":"https:\/\/mf260.techfindme.xyz\/index.php?rest_route=\/wp\/v2\/product"}],"about":[{"href":"https:\/\/mf260.techfindme.xyz\/index.php?rest_route=\/wp\/v2\/types\/product"}],"replies":[{"embeddable":true,"href":"https:\/\/mf260.techfindme.xyz\/index.php?rest_route=%2Fwp%2Fv2%2Fcomments&post=195"}],"wp:featuredmedia":[{"embeddable":true,"href":"https:\/\/mf260.techfindme.xyz\/index.php?rest_route=\/wp\/v2\/media\/196"}],"wp:attachment":[{"href":"https:\/\/mf260.techfindme.xyz\/index.php?rest_route=%2Fwp%2Fv2%2Fmedia&parent=195"}],"wp:term":[{"taxonomy":"product_brand","embeddable":true,"href":"https:\/\/mf260.techfindme.xyz\/index.php?rest_route=%2Fwp%2Fv2%2Fproduct_brand&post=195"},{"taxonomy":"product_cat","embeddable":true,"href":"https:\/\/mf260.techfindme.xyz\/index.php?rest_route=%2Fwp%2Fv2%2Fproduct_cat&post=195"},{"taxonomy":"product_tag","embeddable":true,"href":"https:\/\/mf260.techfindme.xyz\/index.php?rest_route=%2Fwp%2Fv2%2Fproduct_tag&post=195"}],"curies":[{"name":"wp","href":"https:\/\/api.w.org\/{rel}","templated":true}]}}