{"id":193,"date":"2026-04-20T10:43:51","date_gmt":"2026-04-20T10:43:51","guid":{"rendered":"http:\/\/mf260.techfindme.xyz\/?product=day-to-phi-3-8"},"modified":"2026-04-20T10:43:51","modified_gmt":"2026-04-20T10:43:51","slug":"day-to-phi-3-8","status":"publish","type":"product","link":"https:\/\/mf260.techfindme.xyz\/?product=day-to-phi-3-8","title":{"rendered":"D\u00e2y to phi 3\/8\u201d"},"content":{"rendered":"<p><span style=\"font-size:12pt\"><span style=\"background:white\"><span style=\"line-height:115%\"><span style=\"font-family:&quot;Times New Roman&quot;,serif\"><span style=\"color:black\">M\u00e1y l\u1ecdc n\u01b0\u1edbc gia \u0111\u00ecnh c\u00f9ng nh\u01b0 b\u1ed9 l\u1ecdc n\u01b0\u1edbc c\u00f4ng nghi\u1ec7p \u0111\u00e3 tr\u1edf th\u00e0nh nh\u1eefng thi\u1ebft b\u1ecb kh\u00f4ng th\u1ec3 thi\u1ebfu trong cu\u1ed9c s\u1ed1ng. \u0110\u1ec3 b\u1ed9 l\u1ecdc ho\u1ea1t \u0111\u1ed9ng hi\u1ec7u qu\u1ea3 c\u1ea7n ph\u1ea3i c\u00f3 r\u1ea5t nhi\u1ec1u linh ki\u1ec7n, thi\u1ebft b\u1ecb. V\u00e0&nbsp;<strong><i><u><span style=\"font-weight:normal\">d\u00e2y c\u1ea5p n\u01b0\u1edbc m\u00e1y RO 10mm<\/span><\/u><\/i><\/strong>&nbsp;l\u00e0 m\u1ed9t linh ki\u1ec7n nh\u01b0 v\u1eady.<\/span><\/span><\/span><\/span><\/span><\/p>\n<p><span style=\"font-size:12pt\"><span style=\"background:white\"><span style=\"line-height:115%\"><span style=\"font-family:&quot;Times New Roman&quot;,serif\"><span style=\"color:black\">D\u00f9 ch\u1ec9 l\u00e0 m\u1ed9t \u0111o\u1ea1n d\u00e2y nh\u1ecf, d\u00e0i nh\u01b0ng&nbsp;<strong><i><span style=\"font-weight:normal\">d\u00e2y c\u1ea5p RO phi 10<\/span><\/i><\/strong>&nbsp;l\u1ea1i c\u00f3 vai tr\u00f2 h\u1ebft s\u1ee9c l\u1edbn lao trong c\u1ea3 h\u1ec7 th\u1ed1ng. \u0110\u00f3 l\u00e0 \u0111\u00f3ng vai tr\u00f2 d\u1eabn n\u01b0\u1edbc trong c\u00e1c h\u1ec7 th\u1ed1ng&nbsp;<a href=\"https:\/\/aqualife.com.vn\/xu-ly-nuoc\/xu-ly-nuoc-cap\/\" style=\"color:blue; text-decoration:underline\"><span style=\"color:black\">x\u1eed l\u00fd n\u01b0\u1edbc c\u1ea5p<\/span><\/a>.<\/span><\/span><\/span><\/span><\/span><\/p>\n<p><span style=\"font-size:12pt\"><span style=\"background:white\"><span style=\"line-height:115%\"><span style=\"font-family:&quot;Times New Roman&quot;,serif\"><b><i><span lang=\"VI\" style=\"color:black\">1.<\/span> <span style=\"color:black\">\u0110\u1eb7c \u0111i\u1ec3m c\u1ee7a d\u00e2y c\u1ea5p n\u01b0\u1edbc m\u00e1y RO 10mm<\/span><\/i><\/b><\/span><\/span><\/span><\/span><\/p>\n<p><span style=\"font-size:12pt\"><span style=\"background:white\"><span style=\"line-height:115%\"><span style=\"font-family:&quot;Times New Roman&quot;,serif\"><strong><i><u><span style=\"color:black\"><span style=\"font-weight:normal\">D\u00e2y c\u1ea5p n\u01b0\u1edbc RO<\/span><\/span><\/u><\/i><\/strong><span style=\"color:black\">&nbsp;c\u00f3 xu\u1ea5t x\u1ee9 \u0110\u00e0i Loan, d\u00f9ng \u0111\u1ec3 d\u1eabn n\u01b0\u1edbc ngu\u1ed3n c\u1ea5p v\u00e0o trong c\u00e1c m\u00e1y l\u1ecdc n\u01b0\u1edbc v\u00e0 h\u1ec7 th\u1ed1ng l\u1ecdc n\u01b0\u1edbc tinh khi\u1ebft ho\u1eb7c d\u1eabn n\u01b0\u1edbc th\u1ea3i ra ngo\u00e0i. \u0110\u1eb7c \u0111i\u1ec3m c\u1ee7a d\u00e2y c\u1ea5p n\u01b0\u1edbc m\u00e1y l\u1ecdc:<\/span><\/span><\/span><\/span><\/span><\/p>\n<ul>\n<li><span style=\"font-size:11pt\"><span style=\"background:white\"><span style=\"color:black\"><span style=\"line-height:115%\"><span style=\"tab-stops:list 36.0pt\"><span style=\"font-family:Calibri,sans-serif\"><span style=\"font-size:12.0pt\"><span style=\"line-height:115%\"><span style=\"font-family:&quot;Times New Roman&quot;,serif\">H\u00ecnh d\u1ea1ng: \u1ed1ng tr\u00f2n, th\u00e2n d\u00e0i;<\/span><\/span><\/span><\/span><\/span><\/span><\/span><\/span><\/span><\/li>\n<li><span style=\"font-size:11pt\"><span style=\"background:white\"><span style=\"color:black\"><span style=\"line-height:115%\"><span style=\"tab-stops:list 36.0pt\"><span style=\"font-family:Calibri,sans-serif\"><span style=\"font-size:12.0pt\"><span style=\"line-height:115%\"><span style=\"font-family:&quot;Times New Roman&quot;,serif\">M\u00e0u s\u1eafc: Tr\u1eafng \u0111\u1ee5c;<\/span><\/span><\/span><\/span><\/span><\/span><\/span><\/span><\/span><\/li>\n<li><span style=\"font-size:11pt\"><span style=\"background:white\"><span style=\"color:black\"><span style=\"line-height:115%\"><span style=\"tab-stops:list 36.0pt\"><span style=\"font-family:Calibri,sans-serif\"><span style=\"font-size:12.0pt\"><span style=\"line-height:115%\"><span style=\"font-family:&quot;Times New Roman&quot;,serif\">Ch\u1ea5t li\u1ec7u: Nh\u1ef1a PE an to\u00e0n khi s\u1eed d\u1ee5ng;<\/span><\/span><\/span><\/span><\/span><\/span><\/span><\/span><\/span><\/li>\n<li><span style=\"font-size:11pt\"><span style=\"background:white\"><span style=\"color:black\"><span style=\"line-height:115%\"><span style=\"tab-stops:list 36.0pt\"><span style=\"font-family:Calibri,sans-serif\"><span style=\"font-size:12.0pt\"><span style=\"line-height:115%\"><span style=\"font-family:&quot;Times New Roman&quot;,serif\">\u0110\u01b0\u1eddng k\u00ednh: \u00f810;<\/span><\/span><\/span><\/span><\/span><\/span><\/span><\/span><\/span><\/li>\n<li><span style=\"font-size:11pt\"><span style=\"background:white\"><span style=\"color:black\"><span style=\"line-height:115%\"><span style=\"tab-stops:list 36.0pt\"><span style=\"font-family:Calibri,sans-serif\"><span style=\"font-size:12.0pt\"><span style=\"line-height:115%\"><span style=\"font-family:&quot;Times New Roman&quot;,serif\">\u0110\u1ed9 d\u00e0y c\u1ee7a d\u00e2y c\u1ea5p n\u01b0\u1edbc: 10mm;<\/span><\/span><\/span><\/span><\/span><\/span><\/span><\/span><\/span><\/li>\n<li><span style=\"font-size:11pt\"><span style=\"background:white\"><span style=\"color:black\"><span style=\"line-height:115%\"><span style=\"tab-stops:list 36.0pt\"><span style=\"font-family:Calibri,sans-serif\"><span style=\"font-size:12.0pt\"><span style=\"line-height:115%\"><span style=\"font-family:&quot;Times New Roman&quot;,serif\">\u00c1p su\u1ea5t t\u1ed1i \u0111a kh\u00f4ng qu\u00e1: 220 \u2013 230 PSI;<\/span><\/span><\/span><\/span><\/span><\/span><\/span><\/span><\/span><\/li>\n<li><span style=\"font-size:11pt\"><span style=\"background:white\"><span style=\"color:black\"><span style=\"line-height:115%\"><span style=\"tab-stops:list 36.0pt\"><span style=\"font-family:Calibri,sans-serif\"><span style=\"font-size:12.0pt\"><span style=\"line-height:115%\"><span style=\"font-family:&quot;Times New Roman&quot;,serif\">D\u1ea3i nhi\u1ec7t \u0111\u1ed9 ho\u1ea1t \u0111\u1ed9ng c\u1ee7a d\u00e2y c\u1ea5p RO phi 10: (-) 29<sup>0<\/sup>C \u2013 (+)66<sup>0<\/sup>C;<\/span><\/span><\/span><\/span><\/span><\/span><\/span><\/span><\/span><\/li>\n<li><span style=\"font-size:11pt\"><span style=\"background:white\"><span style=\"color:black\"><span style=\"line-height:115%\"><span style=\"tab-stops:list 36.0pt\"><span style=\"font-family:Calibri,sans-serif\"><span style=\"font-size:12.0pt\"><span style=\"line-height:115%\"><span style=\"font-family:&quot;Times New Roman&quot;,serif\">T\u00edch h\u1ee3p v\u1edbi m\u1ecdi m\u00e1y l\u1ecdc n\u01b0\u1edbc RO v\u00e0 Nano hi\u1ec7n nay;<\/span><\/span><\/span><\/span><\/span><\/span><\/span><\/span><\/span><\/li>\n<li><span style=\"font-size:11pt\"><span style=\"background:white\"><span style=\"color:black\"><span style=\"line-height:115%\"><span style=\"tab-stops:list 36.0pt\"><span style=\"font-family:Calibri,sans-serif\"><span style=\"font-size:12.0pt\"><span style=\"line-height:115%\"><span style=\"font-family:&quot;Times New Roman&quot;,serif\">Quy c\u00e1ch \u0111\u00f3ng g\u00f3i: \u0110\u00f3ng th\u00e0nh cu\u1ed9n d\u00e0i 150m;<\/span><\/span><\/span><\/span><\/span><\/span><\/span><\/span><\/span><\/li>\n<li><span style=\"font-size:11pt\"><span style=\"background:white\"><span style=\"color:black\"><span style=\"line-height:115%\"><span style=\"tab-stops:list 36.0pt\"><span style=\"font-family:Calibri,sans-serif\"><span style=\"font-size:12.0pt\"><span style=\"line-height:115%\"><span style=\"font-family:&quot;Times New Roman&quot;,serif\">Ch\u1ee9ng nh\u1eadn ch\u1ea5t l\u01b0\u1ee3ng: B\u1edfi NSF (hi\u1ec7p h\u1ed9i n\u01b0\u1edbc s\u1ea1ch qu\u1ed1c t\u1ebf);<\/span><\/span><\/span><\/span><\/span><\/span><\/span><\/span><\/span><\/li>\n<\/ul>\n<h3><span style=\"font-size:13.5pt\"><span style=\"background:white\"><span style=\"line-height:115%\"><span style=\"font-family:&quot;Times New Roman&quot;,serif\"><span style=\"font-weight:bold\"><i><span lang=\"VI\" style=\"font-size:12.0pt\"><span style=\"line-height:115%\"><span style=\"color:black\">2. <\/span><\/span><\/span><\/i><i><span style=\"font-size:12.0pt\"><span style=\"line-height:115%\"><span style=\"color:black\">\u01afu \u0111i\u1ec3m c\u1ee7a d\u00e2y c\u1ea5p RO phi 10<\/span><\/span><\/span><\/i><\/span><\/span><\/span><\/span><\/span><\/h3>\n<ul>\n<li><span style=\"font-size:11pt\"><span style=\"background:white\"><span style=\"color:black\"><span style=\"line-height:115%\"><span style=\"tab-stops:list 36.0pt\"><span style=\"font-family:Calibri,sans-serif\"><span style=\"font-size:12.0pt\"><span style=\"line-height:115%\"><span style=\"font-family:&quot;Times New Roman&quot;,serif\">D\u00e2y \u0111\u01b0\u1ee3c l\u00e0m t\u1eeb nh\u1ef1a PE cao c\u1ea5p c\u00f9ng ch\u1ee9ng nh\u1eadn c\u1ee7a NSF gi\u00fap kh\u1eb3ng \u0111\u1ecbnh ch\u1ea5t l\u01b0\u1ee3ng c\u0169ng nh\u01b0 \u0111\u1ed9 an to\u00e0n c\u1ee7a linh ki\u1ec7n n\u00e0y;<\/span><\/span><\/span><\/span><\/span><\/span><\/span><\/span><\/span><\/li>\n<li><span style=\"font-size:11pt\"><span style=\"background:white\"><span style=\"color:black\"><span style=\"line-height:115%\"><span style=\"tab-stops:list 36.0pt\"><span style=\"font-family:Calibri,sans-serif\"><span style=\"font-size:12.0pt\"><span style=\"line-height:115%\"><span style=\"font-family:&quot;Times New Roman&quot;,serif\">D\u00e2y c\u1ea5p n\u01b0\u1edbc m\u00e1y RO c\u00f3 s\u1ea3n xu\u1ea5t theo ti\u00eau chu\u1ea9n chung, ph\u00f9 h\u1ee3p v\u1edbi t\u1ea5t c\u1ea3 c\u00e1c d\u00f2ng&nbsp;<a href=\"https:\/\/aqualife.com.vn\/may-loc-nuoc-gia-dinh\/\" style=\"color:blue; text-decoration:underline\"><span style=\"color:black\">m\u00e1y l\u1ecdc n\u01b0\u1edbc<\/span><\/a>&nbsp;hi\u1ec7n nay;<\/span><\/span><\/span><\/span><\/span><\/span><\/span><\/span><\/span><\/li>\n<li><span style=\"font-size:11pt\"><span style=\"background:white\"><span style=\"color:black\"><span style=\"line-height:115%\"><span style=\"tab-stops:list 36.0pt\"><span style=\"font-family:Calibri,sans-serif\"><span style=\"font-size:12.0pt\"><span style=\"line-height:115%\"><span style=\"font-family:&quot;Times New Roman&quot;,serif\">Chi\u1ec1u d\u00e0i l\u1edbn nh\u1ea5t c\u1ee7a cu\u1ed9n d\u00e2y c\u1ea5p n\u01b0\u1edbc m\u00e1y l\u1ecdc RO 10mm l\u00ean t\u1edbi 150m, \u0111\u00e1p \u1ee9ng \u0111\u01b0\u1ee3c m\u1ecdi kho\u1ea3ng c\u00e1ch t\u1eeb n\u01b0\u1edbc ngu\u1ed3n t\u1edbi h\u1ec7 th\u1ed1ng;<\/span><\/span><\/span><\/span><\/span><\/span><\/span><\/span><\/span><\/li>\n<li><span style=\"font-size:11pt\"><span style=\"background:white\"><span style=\"color:black\"><span style=\"line-height:115%\"><span style=\"tab-stops:list 36.0pt\"><span style=\"font-family:Calibri,sans-serif\"><span style=\"font-size:12.0pt\"><span style=\"line-height:115%\"><span style=\"font-family:&quot;Times New Roman&quot;,serif\">D\u00e2y c\u1ea5p n\u01b0\u1edbc nh\u1ef1a PE ch\u1ecbu \u0111\u01b0\u1ee3c nhi\u1ec7t \u0111\u1ed9 cao v\u00e0 m\u00f4i tr\u01b0\u1eddng \u00e1p cao n\u00ean c\u00f3 \u0111\u1ed9 b\u1ec1n cao c\u00f9ng th\u1eddi gian s\u1eed d\u1ee5ng l\u00e2u d\u00e0i;<\/span><\/span><\/span><\/span><\/span><\/span><\/span><\/span><\/span><\/li>\n<li><span style=\"font-size:11pt\"><span style=\"background:white\"><span style=\"color:black\"><span style=\"line-height:115%\"><span style=\"tab-stops:list 36.0pt\"><span style=\"font-family:Calibri,sans-serif\"><span style=\"font-size:12.0pt\"><span style=\"line-height:115%\"><span style=\"font-family:&quot;Times New Roman&quot;,serif\">K\u1ebft c\u1ea5u \u0111\u01a1n gi\u1ea3n, ng\u01b0\u1eddi d\u00f9ng kh\u00f4ng c\u1ea7n bi\u1ebft k\u1ef9 thu\u1eadt c\u0169ng c\u00f3 th\u1ec3 t\u1ef1 l\u1eafp \u0111\u1eb7t ho\u1eb7c thay th\u1ebf d\u00e2y c\u1ea5p n\u01b0\u1edbc RO n\u00e0y;<\/span><\/span><\/span><\/span><\/span><\/span><\/span><\/span><\/span><\/li>\n<li><span style=\"font-size:11pt\"><span style=\"background:white\"><span style=\"color:black\"><span style=\"line-height:115%\"><span style=\"tab-stops:list 36.0pt\"><span style=\"font-family:Calibri,sans-serif\"><span style=\"font-size:12.0pt\"><span style=\"line-height:115%\"><span style=\"font-family:&quot;Times New Roman&quot;,serif\">B\u1ec1 m\u1eb7t b\u00ean trong nh\u1eb5n m\u1ecbn, gi\u1ea3m t\u00ecnh tr\u1ea1ng b\u00e1m c\u1eb7n b\u1ea9n, ch\u00f3ng h\u1ecfng. M\u1eb7t ngo\u00e0i c\u1ee7a d\u00e2y c\u0169ng \u00edt b\u00e1m b\u1ee5i b\u1ea9n, gi\u1eef th\u1ea9m m\u1ef9 cao, d\u1ec5 v\u1ec7 sinh lau ch\u00f9i;<\/span><\/span><\/span><\/span><\/span><\/span><\/span><\/span><\/span><\/li>\n<\/ul>\n<h3><span style=\"font-size:13.5pt\"><span style=\"background:white\"><span style=\"line-height:115%\"><span style=\"font-family:&quot;Times New Roman&quot;,serif\"><span style=\"font-weight:bold\"><i><span lang=\"VI\" style=\"font-size:12.0pt\"><span style=\"line-height:115%\"><span style=\"color:black\">3. <\/span><\/span><\/span><\/i><i><span style=\"font-size:12.0pt\"><span style=\"line-height:115%\"><span style=\"color:black\">C\u00f4ng d\u1ee5ng c\u1ee7a d\u00e2y c\u1ea5p n\u01b0\u1edbc m\u00e1y RO 10mm<\/span><\/span><\/span><\/i><\/span><\/span><\/span><\/span><\/span><\/h3>\n<p><span style=\"font-size:12pt\"><span style=\"background:white\"><span style=\"line-height:115%\"><span style=\"font-family:&quot;Times New Roman&quot;,serif\"><span style=\"color:black\">D\u00e2y c\u1ea5p RO phi 10 c\u00f9ng v\u1edbi lo\u1ea1i&nbsp;<a href=\"https:\/\/aqualife.com.vn\/linh-kien-may-loc-nuoc\/day-thai-may-loc-nuoc\" style=\"color:blue; text-decoration:underline\"><span style=\"color:black\">phi 6<\/span><\/a>&nbsp;lu\u00f4n gi\u1eef v\u1ecb tr\u00ed v\u1edbi t\u1ea7m \u1ea3nh h\u01b0\u1edfng l\u1edbn v\u1edbi to\u00e0n h\u1ec7 th\u1ed1ng. Ch\u00fang d\u00f9ng d\u1eabn n\u01b0\u1edbc t\u1eeb \u0111\u1ea7u ngu\u1ed3n qua c\u00e1c l\u00f5i l\u1ecdc ho\u1eb7c d\u1eabn n\u01b0\u1edbc th\u1ea3i t\u1eeb h\u1ec7 th\u1ed1ng ra ngo\u00e0i \u0111\u1ec3 th\u1ef1c hi\u1ec7n qu\u00e1 tr\u00ecnh x\u1eed l\u00fd n\u01b0\u1edbc. Mang l\u1ea1i ngu\u1ed3n n\u01b0\u1edbc u\u1ed1ng s\u1ea1ch, tinh khi\u1ebft v\u00e0 an to\u00e0n tuy\u1ec7t \u0111\u1ed1i cho ng\u01b0\u1eddi s\u1eed d\u1ee5ng.<\/span><\/span><\/span><\/span><\/span><\/p>\n<p><span style=\"font-size:11pt\"><span style=\"line-height:115%\"><span style=\"font-family:Calibri,sans-serif\"><span style=\"font-size:12.0pt\"><span style=\"line-height:115%\"><span style=\"font-family:&quot;Times New Roman&quot;,serif\"><span style=\"color:black\">D\u00e2y c\u1ea5p n\u01b0\u1edbc RO l\u00e0 linh ki\u1ec7n c\u1ea7n thi\u1ebft v\u00e0 kh\u00f4ng th\u1ec3 thay th\u1ebf trong c\u00e1c m\u00e1y l\u1ecdc n\u01b0\u1edbc<\/span><\/span><\/span><\/span><\/span><\/span><\/span><\/p>\n<p style=\"text-align:justify\"><span style=\"font-size:12pt\"><span style=\"background:white\"><span style=\"font-family:&quot;Times New Roman&quot;,serif\"><span style=\"color:black\">Hi\u1ec7n nay, tr\u00ean th\u1ecb tr\u01b0\u1eddng c\u00f3 r\u1ea5t nhi\u1ec1u \u0111\u01a1n v\u1ecb cung c\u1ea5p linh ki\u1ec7n n\u00e0y cho m\u00e1y l\u1ecdc n\u01b0\u1edbc. Nh\u01b0ng <\/span><span lang=\"VI\" style=\"color:black\">c\u00e1c linh ki\u1ec7n \u0111\u01b0\u1ee3c <u>ph\u00e2n ph\u1ed1i b\u1edfi th\u01b0\u01a1ng hi\u1ec7u \u0111\u1ed9c quy\u1ec1n iClean<\/u> <\/span><span style=\"color:black\">l\u1ea1i v\u01b0\u1ee3t tr\u1ed9i h\u01a1n h\u1eb3n v\u00e0 \u0111\u01b0\u1ee3c l\u1eafp \u0111\u1eb7t trong nhi\u1ec1u m\u00e1y l\u1ecdc.<\/span><\/span><\/span><\/span><\/p>\n<h3><span style=\"font-size:13.5pt\"><span style=\"font-family:&quot;Times New Roman&quot;,serif\"><span style=\"font-weight:bold\"><i><span lang=\"VI\" style=\"font-size:12.0pt\"><span style=\"background:white\"><span style=\"color:black\">2. <\/span><\/span><\/span><\/i><i><span style=\"font-size:12.0pt\"><span style=\"background:white\"><span style=\"color:black\">\u01afu \u0111i\u1ec3m c\u1ee7a d\u00e2y c\u1ea5p RO phi 10<\/span><\/span><\/span><\/i><\/span><\/span><\/span><\/h3>\n<ul>\n<li><span style=\"font-size:11pt\"><span style=\"line-height:normal\"><span style=\"tab-stops:list 36.0pt\"><span style=\"font-family:Calibri,sans-serif\"><span style=\"font-size:12.0pt\"><span style=\"background:white\"><span style=\"font-family:&quot;Times New Roman&quot;,serif\"><span style=\"color:black\">D\u00e2y \u0111\u01b0\u1ee3c l\u00e0m t\u1eeb nh\u1ef1a PE cao c\u1ea5p c\u00f9ng ch\u1ee9ng nh\u1eadn c\u1ee7a NSF gi\u00fap kh\u1eb3ng \u0111\u1ecbnh ch\u1ea5t l\u01b0\u1ee3ng c\u0169ng nh\u01b0 \u0111\u1ed9 an to\u00e0n c\u1ee7a linh ki\u1ec7n n\u00e0y;<\/span><\/span><\/span><\/span><\/span><\/span><\/span><\/span><\/li>\n<li><span style=\"font-size:11pt\"><span style=\"line-height:normal\"><span style=\"tab-stops:list 36.0pt\"><span style=\"font-family:Calibri,sans-serif\"><span style=\"font-size:12.0pt\"><span style=\"background:white\"><span style=\"font-family:&quot;Times New Roman&quot;,serif\"><span style=\"color:black\">D\u00e2y c\u1ea5p n\u01b0\u1edbc m\u00e1y RO c\u00f3 s\u1ea3n xu\u1ea5t theo ti\u00eau chu\u1ea9n chung, ph\u00f9 h\u1ee3p v\u1edbi t\u1ea5t c\u1ea3 c\u00e1c d\u00f2ng&nbsp;<a href=\"https:\/\/aqualife.com.vn\/may-loc-nuoc-gia-dinh\/\" style=\"color:blue; text-decoration:underline\"><span style=\"color:black\">m\u00e1y l\u1ecdc n\u01b0\u1edbc<\/span><\/a>&nbsp;hi\u1ec7n nay;<\/span><\/span><\/span><\/span><\/span><\/span><\/span><\/span><\/li>\n<li><span style=\"font-size:11pt\"><span style=\"line-height:normal\"><span style=\"tab-stops:list 36.0pt\"><span style=\"font-family:Calibri,sans-serif\"><span style=\"font-size:12.0pt\"><span style=\"background:white\"><span style=\"font-family:&quot;Times New Roman&quot;,serif\"><span style=\"color:black\">Chi\u1ec1u d\u00e0i l\u1edbn nh\u1ea5t c\u1ee7a cu\u1ed9n d\u00e2y c\u1ea5p n\u01b0\u1edbc m\u00e1y l\u1ecdc RO 10mm l\u00ean t\u1edbi 150m, \u0111\u00e1p \u1ee9ng \u0111\u01b0\u1ee3c m\u1ecdi kho\u1ea3ng c\u00e1ch t\u1eeb n\u01b0\u1edbc ngu\u1ed3n t\u1edbi h\u1ec7 th\u1ed1ng;<\/span><\/span><\/span><\/span><\/span><\/span><\/span><\/span><\/li>\n<li><span style=\"font-size:11pt\"><span style=\"line-height:normal\"><span style=\"tab-stops:list 36.0pt\"><span style=\"font-family:Calibri,sans-serif\"><span style=\"font-size:12.0pt\"><span style=\"background:white\"><span style=\"font-family:&quot;Times New Roman&quot;,serif\"><span style=\"color:black\">D\u00e2y c\u1ea5p n\u01b0\u1edbc nh\u1ef1a PE ch\u1ecbu \u0111\u01b0\u1ee3c nhi\u1ec7t \u0111\u1ed9 cao v\u00e0 m\u00f4i tr\u01b0\u1eddng \u00e1p cao n\u00ean c\u00f3 \u0111\u1ed9 b\u1ec1n cao c\u00f9ng th\u1eddi gian s\u1eed d\u1ee5ng l\u00e2u d\u00e0i;<\/span><\/span><\/span><\/span><\/span><\/span><\/span><\/span><\/li>\n<li><span style=\"font-size:11pt\"><span style=\"line-height:normal\"><span style=\"tab-stops:list 36.0pt\"><span style=\"font-family:Calibri,sans-serif\"><span style=\"font-size:12.0pt\"><span style=\"background:white\"><span style=\"font-family:&quot;Times New Roman&quot;,serif\"><span style=\"color:black\">K\u1ebft c\u1ea5u \u0111\u01a1n gi\u1ea3n, ng\u01b0\u1eddi d\u00f9ng kh\u00f4ng c\u1ea7n bi\u1ebft k\u1ef9 thu\u1eadt c\u0169ng c\u00f3 th\u1ec3 t\u1ef1 l\u1eafp \u0111\u1eb7t ho\u1eb7c thay th\u1ebf d\u00e2y c\u1ea5p n\u01b0\u1edbc RO n\u00e0y;<\/span><\/span><\/span><\/span><\/span><\/span><\/span><\/span><\/li>\n<li><span style=\"font-size:11pt\"><span style=\"line-height:normal\"><span style=\"tab-stops:list 36.0pt\"><span style=\"font-family:Calibri,sans-serif\"><span style=\"font-size:12.0pt\"><span style=\"background:white\"><span style=\"font-family:&quot;Times New Roman&quot;,serif\"><span style=\"color:black\">B\u1ec1 m\u1eb7t b\u00ean trong nh\u1eb5n m\u1ecbn, gi\u1ea3m t\u00ecnh tr\u1ea1ng b\u00e1m c\u1eb7n b\u1ea9n, ch\u00f3ng h\u1ecfng. M\u1eb7t ngo\u00e0i c\u1ee7a d\u00e2y c\u0169ng \u00edt b\u00e1m b\u1ee5i b\u1ea9n, gi\u1eef th\u1ea9m m\u1ef9 cao, d\u1ec5 v\u1ec7 sinh lau ch\u00f9i;<\/span><\/span><\/span><\/span><\/span><\/span><\/span><\/span><\/li>\n<\/ul>\n<h3><span style=\"font-size:13.5pt\"><span style=\"font-family:&quot;Times New Roman&quot;,serif\"><span style=\"font-weight:bold\"><i><span lang=\"VI\" style=\"font-size:12.0pt\"><span style=\"background:white\"><span style=\"color:black\">3. <\/span><\/span><\/span><\/i><i><span style=\"font-size:12.0pt\"><span style=\"background:white\"><span style=\"color:black\">C\u00f4ng d\u1ee5ng c\u1ee7a d\u00e2y c\u1ea5p n\u01b0\u1edbc m\u00e1y RO 10mm<\/span><\/span><\/span><\/i><\/span><\/span><\/span><\/h3>\n<p><span style=\"font-size:12pt\"><span style=\"font-family:&quot;Times New Roman&quot;,serif\"><span style=\"background:white\"><span style=\"color:black\">D\u00e2y c\u1ea5p RO phi 10 c\u00f9ng v\u1edbi lo\u1ea1i&nbsp;<a href=\"https:\/\/aqualife.com.vn\/linh-kien-may-loc-nuoc\/day-thai-may-loc-nuoc\" style=\"color:blue; text-decoration:underline\"><span style=\"color:black\">phi 6<\/span><\/a>&nbsp;lu\u00f4n gi\u1eef v\u1ecb tr\u00ed v\u1edbi t\u1ea7m \u1ea3nh h\u01b0\u1edfng l\u1edbn v\u1edbi to\u00e0n h\u1ec7 th\u1ed1ng. Ch\u00fang d\u00f9ng d\u1eabn n\u01b0\u1edbc t\u1eeb \u0111\u1ea7u ngu\u1ed3n qua c\u00e1c l\u00f5i l\u1ecdc ho\u1eb7c d\u1eabn n\u01b0\u1edbc th\u1ea3i t\u1eeb h\u1ec7 th\u1ed1ng ra ngo\u00e0i \u0111\u1ec3 th\u1ef1c hi\u1ec7n qu\u00e1 tr\u00ecnh x\u1eed l\u00fd n\u01b0\u1edbc. Mang l\u1ea1i ngu\u1ed3n n\u01b0\u1edbc u\u1ed1ng s\u1ea1ch, tinh khi\u1ebft v\u00e0 an to\u00e0n tuy\u1ec7t \u0111\u1ed1i cho ng\u01b0\u1eddi s\u1eed d\u1ee5ng.<\/span><\/span><\/span><\/span><\/p>\n<p style=\"text-align:justify\"><span style=\"font-size:12pt\"><span style=\"font-family:&quot;Times New Roman&quot;,serif\"><span style=\"background:white\"><span style=\"color:black\">Hi\u1ec7n nay, tr\u00ean th\u1ecb tr\u01b0\u1eddng c\u00f3 r\u1ea5t nhi\u1ec1u \u0111\u01a1n v\u1ecb cung c\u1ea5p linh ki\u1ec7n n\u00e0y cho m\u00e1y l\u1ecdc n\u01b0\u1edbc. Nh\u01b0ng <\/span><\/span><span lang=\"VI\" style=\"background:white\"><span style=\"color:black\">c\u00e1c linh ki\u1ec7n \u0111\u01b0\u1ee3c <u>ph\u00e2n ph\u1ed1i b\u1edfi th\u01b0\u01a1ng hi\u1ec7u \u0111\u1ed9c quy\u1ec1n iClean<\/u> <\/span><\/span><span style=\"background:white\"><span style=\"color:black\">l\u1ea1i v\u01b0\u1ee3t tr\u1ed9i h\u01a1n h\u1eb3n v\u00e0 \u0111\u01b0\u1ee3c l\u1eafp \u0111\u1eb7t trong nhi\u1ec1u m\u00e1y l\u1ecdc.<\/span><\/span><\/span><\/span><\/p>\n","protected":false},"excerpt":{"rendered":"<p>M\u00e1y l\u1ecdc n\u01b0\u1edbc gia \u0111\u00ecnh c\u00f9ng nh\u01b0 b\u1ed9 l\u1ecdc n\u01b0\u1edbc c\u00f4ng nghi\u1ec7p \u0111\u00e3 tr\u1edf th\u00e0nh nh\u1eefng thi\u1ebft b\u1ecb kh\u00f4ng th\u1ec3 thi\u1ebfu trong cu\u1ed9c s\u1ed1ng. \u0110\u1ec3 b\u1ed9 l\u1ecdc ho\u1ea1t \u0111\u1ed9ng hi\u1ec7u qu\u1ea3 c\u1ea7n ph\u1ea3i c\u00f3 r\u1ea5t nhi\u1ec1u linh ki\u1ec7n, thi\u1ebft b\u1ecb. V\u00e0&nbsp;d\u00e2y c\u1ea5p n\u01b0\u1edbc m\u00e1y RO 10mm&nbsp;l\u00e0 m\u1ed9t linh ki\u1ec7n nh\u01b0 v\u1eady. D\u00f9 ch\u1ec9 l\u00e0 m\u1ed9t [&hellip;]<\/p>\n","protected":false},"featured_media":194,"comment_status":"open","ping_status":"closed","template":"","meta":[],"product_brand":[],"product_cat":[45],"product_tag":[],"class_list":{"0":"post-193","1":"product","2":"type-product","3":"status-publish","4":"has-post-thumbnail","6":"product_cat-iclean-import","8":"first","9":"instock","10":"shipping-taxable","11":"purchasable","12":"product-type-simple"},"_links":{"self":[{"href":"https:\/\/mf260.techfindme.xyz\/index.php?rest_route=\/wp\/v2\/product\/193","targetHints":{"allow":["GET"]}}],"collection":[{"href":"https:\/\/mf260.techfindme.xyz\/index.php?rest_route=\/wp\/v2\/product"}],"about":[{"href":"https:\/\/mf260.techfindme.xyz\/index.php?rest_route=\/wp\/v2\/types\/product"}],"replies":[{"embeddable":true,"href":"https:\/\/mf260.techfindme.xyz\/index.php?rest_route=%2Fwp%2Fv2%2Fcomments&post=193"}],"wp:featuredmedia":[{"embeddable":true,"href":"https:\/\/mf260.techfindme.xyz\/index.php?rest_route=\/wp\/v2\/media\/194"}],"wp:attachment":[{"href":"https:\/\/mf260.techfindme.xyz\/index.php?rest_route=%2Fwp%2Fv2%2Fmedia&parent=193"}],"wp:term":[{"taxonomy":"product_brand","embeddable":true,"href":"https:\/\/mf260.techfindme.xyz\/index.php?rest_route=%2Fwp%2Fv2%2Fproduct_brand&post=193"},{"taxonomy":"product_cat","embeddable":true,"href":"https:\/\/mf260.techfindme.xyz\/index.php?rest_route=%2Fwp%2Fv2%2Fproduct_cat&post=193"},{"taxonomy":"product_tag","embeddable":true,"href":"https:\/\/mf260.techfindme.xyz\/index.php?rest_route=%2Fwp%2Fv2%2Fproduct_tag&post=193"}],"curies":[{"name":"wp","href":"https:\/\/api.w.org\/{rel}","templated":true}]}}