{"id":185,"date":"2026-04-20T10:43:46","date_gmt":"2026-04-20T10:43:46","guid":{"rendered":"http:\/\/mf260.techfindme.xyz\/?product=iclean-tag"},"modified":"2026-04-20T10:43:46","modified_gmt":"2026-04-20T10:43:46","slug":"iclean-tag","status":"publish","type":"product","link":"https:\/\/mf260.techfindme.xyz\/?product=iclean-tag","title":{"rendered":"Thi\u1ebft b\u1ecb \u0111\u1ecbnh v\u1ecb iClean_tag"},"content":{"rendered":"<p><strong>H\u01af\u1edaNG D\u1eaaN C\u00c0I \u0110\u1eb6T<\/strong><\/p>\n<p>1. T\u1ea3i App FindmyTag \u1edf iPhone v\u1ec1 m\u00e1y.<\/p>\n<p><img decoding=\"async\" data-thumb=\"original\" original-height=\"1883\" original-width=\"870\" src=\"\/\/bizweb.dktcdn.net\/100\/320\/195\/files\/z4571507297618-ac966d5064cd3c3c4d17891219a29b61-f2314b2a-f1ca-491d-aceb-3df6b8c981de.jpg?v=1691047582936\" style=\"width: 100px; height: 200px;\" \/><\/p>\n<p>2. Ho\u1eb7c App MMTracker \u1edf Android<\/p>\n<p><img decoding=\"async\" data-thumb=\"original\" original-height=\"1911\" original-width=\"857\" src=\"\/\/bizweb.dktcdn.net\/100\/320\/195\/files\/z4571631182210-362069afc206f673bf63eea63ec13f59.jpg?v=1691049628464\" style=\"width: 100px; height: 223px;\" \/><\/p>\n<p>3. R\u00fat mi\u1ebfng nh\u1ef1a kh\u1edfi \u0111\u1ed9ng \u1edf s\u1ea3n ph\u1ea9m<\/p>\n<p><img decoding=\"async\" data-thumb=\"original\" original-height=\"1280\" original-width=\"960\" src=\"\/\/bizweb.dktcdn.net\/100\/320\/195\/files\/z4571636715795-e42a2c9333485f04ed005005d6e7f1a0.jpg?v=1691049712089\" style=\"width: 100px; height: 133px;\" \/><\/p>\n<p>4. Ch\u1ecdn n\u00fat + \u0111\u1ec3 k\u1ebft n\u1ed1i thi\u1ebft b\u1ecb, thi\u1ebft b\u1ecb ph\u1ea3i \u0111\u1ec3 g\u1ea7n \u0111i\u1ec7n tho\u1ea1i<\/p>\n<p><img decoding=\"async\" data-thumb=\"original\" original-height=\"1883\" original-width=\"870\" src=\"\/\/bizweb.dktcdn.net\/100\/320\/195\/files\/z4571507960656-5d29d574c555b4e2742046acf5e574f2-8a52fc94-1bff-4edd-a2ce-f7ae636e8167.jpg?v=1691047799715\" style=\"width: 100px; height: 216px;\" \/><\/p>\n<p>3. \u0110\u1eb7t t\u00ean thi\u1ebft b\u1ecb ( xe m\u00e1y, \u00f4 t\u00f4..), s\u1ed1 \u0111i\u1ec7n tho\u1ea1i \u0111\u1eb7t b\u1ea5t k\u1ef3&nbsp;<\/p>\n<p><img decoding=\"async\" data-thumb=\"original\" original-height=\"1883\" original-width=\"870\" src=\"\/\/bizweb.dktcdn.net\/100\/320\/195\/files\/z4571508213806-ae7d60fc496c244193fddbb26299d9ea-4533c15e-114a-40a6-b48b-4e63265d8bf1.jpg?v=1691047844449\" style=\"width: 100px; height: 216px;\" \/><\/p>\n<p>4. Ch\u1ebf \u0111\u1ed9 t\u00ecm ki\u1ebfm g\u1ea7n ( \u00e2m thanh) b\u00ean tr\u00e1i, ch\u1ebf \u0111\u1ed9 t\u00ecm ki\u1ebfm xa ( map) b\u00ean ph\u1ea3i<\/p>\n<p><img decoding=\"async\" data-thumb=\"original\" original-height=\"1883\" original-width=\"870\" src=\"\/\/bizweb.dktcdn.net\/100\/320\/195\/files\/z4571508498639-5a3f9793dba9a1b7d2651c99b6dd2052-54c3c366-bb26-4e23-98a7-2f78d95fb157.jpg?v=1691047960435\" style=\"width: 100px; height: 216px;\" \/><\/p>\n<p><img decoding=\"async\" data-thumb=\"original\" original-height=\"1911\" original-width=\"857\" src=\"\/\/bizweb.dktcdn.net\/100\/320\/195\/files\/z4571631188265-083619d32218cb83fd79f2dba6046abc.jpg?v=1691049743891\" style=\"width: 100px; height: 223px;\" \/><\/p>\n<p><b>TH\u00d4NG S\u1ed0 S\u1ea2N PH\u1ea8M<\/b><\/p>\n<p>K\u00edch th\u01b0\u1edbc:&nbsp;<\/p>\n<p>Kh\u1ed1i l\u01b0\u1ee3ng:&nbsp;<\/p>\n<p>Th\u1eddi l\u01b0\u1ee3ng pin:&nbsp;&nbsp;<\/p>\n<p>C\u1eadp nh\u1eadt v\u1ecb tr\u00ed<\/p>\n<p>T\u01b0\u01a1ng th\u00edch:&nbsp;<\/p>\n<p>Ch\u1ed1ng n\u01b0\u1edbc:&nbsp;<\/p>\n<p>&nbsp;<\/p>\n","protected":false},"excerpt":{"rendered":"<p>H\u01af\u1edaNG D\u1eaaN C\u00c0I \u0110\u1eb6T 1. T\u1ea3i App FindmyTag \u1edf iPhone v\u1ec1 m\u00e1y. 2. Ho\u1eb7c App MMTracker \u1edf Android 3. R\u00fat mi\u1ebfng nh\u1ef1a kh\u1edfi \u0111\u1ed9ng \u1edf s\u1ea3n ph\u1ea9m 4. Ch\u1ecdn n\u00fat + \u0111\u1ec3 k\u1ebft n\u1ed1i thi\u1ebft b\u1ecb, thi\u1ebft b\u1ecb ph\u1ea3i \u0111\u1ec3 g\u1ea7n \u0111i\u1ec7n tho\u1ea1i 3. \u0110\u1eb7t t\u00ean thi\u1ebft b\u1ecb ( xe m\u00e1y, \u00f4 t\u00f4..), s\u1ed1 \u0111i\u1ec7n [&hellip;]<\/p>\n","protected":false},"featured_media":186,"comment_status":"open","ping_status":"closed","template":"","meta":[],"product_brand":[],"product_cat":[45],"product_tag":[],"class_list":{"0":"post-185","1":"product","2":"type-product","3":"status-publish","4":"has-post-thumbnail","6":"product_cat-iclean-import","8":"first","9":"outofstock","10":"shipping-taxable","11":"purchasable","12":"product-type-simple"},"_links":{"self":[{"href":"https:\/\/mf260.techfindme.xyz\/index.php?rest_route=\/wp\/v2\/product\/185","targetHints":{"allow":["GET"]}}],"collection":[{"href":"https:\/\/mf260.techfindme.xyz\/index.php?rest_route=\/wp\/v2\/product"}],"about":[{"href":"https:\/\/mf260.techfindme.xyz\/index.php?rest_route=\/wp\/v2\/types\/product"}],"replies":[{"embeddable":true,"href":"https:\/\/mf260.techfindme.xyz\/index.php?rest_route=%2Fwp%2Fv2%2Fcomments&post=185"}],"wp:featuredmedia":[{"embeddable":true,"href":"https:\/\/mf260.techfindme.xyz\/index.php?rest_route=\/wp\/v2\/media\/186"}],"wp:attachment":[{"href":"https:\/\/mf260.techfindme.xyz\/index.php?rest_route=%2Fwp%2Fv2%2Fmedia&parent=185"}],"wp:term":[{"taxonomy":"product_brand","embeddable":true,"href":"https:\/\/mf260.techfindme.xyz\/index.php?rest_route=%2Fwp%2Fv2%2Fproduct_brand&post=185"},{"taxonomy":"product_cat","embeddable":true,"href":"https:\/\/mf260.techfindme.xyz\/index.php?rest_route=%2Fwp%2Fv2%2Fproduct_cat&post=185"},{"taxonomy":"product_tag","embeddable":true,"href":"https:\/\/mf260.techfindme.xyz\/index.php?rest_route=%2Fwp%2Fv2%2Fproduct_tag&post=185"}],"curies":[{"name":"wp","href":"https:\/\/api.w.org\/{rel}","templated":true}]}}