{"id":183,"date":"2026-04-20T10:43:45","date_gmt":"2026-04-20T10:43:45","guid":{"rendered":"http:\/\/mf260.techfindme.xyz\/?product=chuong-trinh-nang-cap"},"modified":"2026-04-20T10:43:45","modified_gmt":"2026-04-20T10:43:45","slug":"chuong-trinh-nang-cap","status":"publish","type":"product","link":"https:\/\/mf260.techfindme.xyz\/?product=chuong-trinh-nang-cap","title":{"rendered":"T\u1ee7 n\u00e2ng c\u1ea5p n\u00f3ng l\u1ea1nh ngu\u1ed9i ion ki\u1ec1m iClean ICS06NC"},"content":{"rendered":"<p>S\u1ea3n ph\u1ea9m \u0111\u00e3 \u0111\u01b0\u1ee3c ki\u1ec3m ch\u1ee9ng v\u00e0 x\u00e1c th\u1ef1c th\u00f4ng tin t\u1eeb nh\u00e0 s\u1ea3n xu\u1ea5t v\u00e0&nbsp;<b>T\u1ed4NG<\/b>&nbsp;<b>C\u1ee4C<\/b>&nbsp;<strong>\u0110<\/strong><b>O<\/b>&nbsp;<b>L\u01af\u1edcNG<\/b>&nbsp;<strong>TI\u00caU CHU\u1ea8N&nbsp;CH\u1ea4T&nbsp;L\u01af\u1ee2NG&nbsp;GS1&nbsp;VI\u1ec6T NAM <\/strong><\/p>\n<p><strong>&nbsp;<\/strong>\u0110\u1ecba ch\u1ec9: 08 &#8211; Ho\u00e0ng Qu\u1ed1c Vi\u1ec7t &#8211; Qu\u1eadn C\u1ea7u Gi\u1ea5y &#8211; H\u00e0 N\u1ed9i S\u1ed1 \u0111i\u1ec7n tho\u1ea1i th\u01b0\u1eddng tr\u1ef1c: 024.37565453 &#8211; 024.37911642 Fax: 024.38361556<\/p>\n<p><strong>Model ICS06S&nbsp;&#8211; M\u00e1y&nbsp;n\u00f3ng l\u1ea1nh ngu\u1ed9i ion ki\u1ec1m:<\/strong><\/p>\n<table border=\"1\" cellpadding=\"0\" cellspacing=\"0\">\n<tbody>\n<tr>\n<td><strong>Model<\/strong><\/td>\n<td>ICS06NC<\/td>\n<\/tr>\n<tr>\n<td>T\u1ee7<\/td>\n<td>3D<\/td>\n<\/tr>\n<tr>\n<td>V\u00f2i<\/td>\n<td>1<\/td>\n<\/tr>\n<tr>\n<td>C\u1ee7 xoay<\/td>\n<td>3<\/td>\n<\/tr>\n<tr>\n<td>B\u00ecnh n\u00f3ng<\/td>\n<td>1,8L 400w<\/td>\n<\/tr>\n<tr>\n<td>B\u00ecnh l\u1ea1nh<\/td>\n<td>2,5 L<\/td>\n<\/tr>\n<tr>\n<td>Block<\/td>\n<td>Danfu<\/td>\n<\/tr>\n<tr>\n<td><span style=\"font-size:14px;\"><span style=\"font-family:&quot;Times New Roman&quot;\">Nhi\u1ec7t \u0111\u1ed9 n\u00f3ng \/ l\u1ea1nh<\/span><\/span><\/td>\n<td>4 &lt; N\u0110 &lt; 96<\/td>\n<\/tr>\n<tr>\n<td>T\u1ef1 \u0111\u1ed9ng s\u1ee5c r\u1eeda m\u00e0ng RO<\/td>\n<td>&#8211;<\/td>\n<\/tr>\n<tr>\n<td>N\u00f3ng<\/td>\n<td>x<\/td>\n<\/tr>\n<tr>\n<td>Ngu\u1ed9i<\/td>\n<td>x&nbsp;<\/td>\n<\/tr>\n<tr>\n<td>L\u1ea1nh<\/td>\n<td>x<\/td>\n<\/tr>\n<tr>\n<td>Dung t\u00edch b\u00ecnh n\u00f3ng\/ b\u00ecnh l\u1ea1nh<\/td>\n<td><span style=\"font-size:14px;\"><span style=\"font-family:&quot;Times New Roman&quot;\">B\u00ecnh n\u00f3ng 1.8L 400W\/ B\u00ecnh l\u1ea1nh 2L<\/span><\/span><\/td>\n<\/tr>\n<tr>\n<td>Linh ki\u1ec7n<\/td>\n<td>\n<p>Linh ki\u1ec7n nh\u1eadp kh\u1ea9u&nbsp;<\/p>\n<\/td>\n<\/tr>\n<tr>\n<td>\u0110\u01a1n v\u1ecb l\u1eafp r\u00e1p, s\u1ea3n xu\u1ea5t v\u00e0 ph\u00e2n ph\u1ed1i<\/td>\n<td>C\u00d4NG TY TNHH ICLEAN VI\u1ec6T NAM<\/td>\n<\/tr>\n<tr>\n<td>\u0110\u1ecba ch\u1ec9\/ website\/ SDT\/ Hotline<\/td>\n<td>\n<p>389 Tr\u01b0\u01a1ng \u0110\u1ecbnh, ph\u01b0\u1eddng T\u00e2n Mai, qu\u1eadn Ho\u00e0ng Mai, Th\u00e0nh ph\u1ed1 H\u00e0 N\u1ed9i<\/p>\n<p>S\u0110T: 024 3505 505<\/p>\n<p>Email: phulamdevelop@gmail.com<\/p>\n<p>Website: www.iclean.vn<\/p>\n<p>Hotline: 0888884550<\/p>\n<\/td>\n<\/tr>\n<\/tbody>\n<\/table>\n","protected":false},"excerpt":{"rendered":"<p>S\u1ea3n ph\u1ea9m \u0111\u00e3 \u0111\u01b0\u1ee3c ki\u1ec3m ch\u1ee9ng v\u00e0 x\u00e1c th\u1ef1c th\u00f4ng tin t\u1eeb nh\u00e0 s\u1ea3n xu\u1ea5t v\u00e0&nbsp;T\u1ed4NG&nbsp;C\u1ee4C&nbsp;\u0110O&nbsp;L\u01af\u1edcNG&nbsp;TI\u00caU CHU\u1ea8N&nbsp;CH\u1ea4T&nbsp;L\u01af\u1ee2NG&nbsp;GS1&nbsp;VI\u1ec6T NAM &nbsp;\u0110\u1ecba ch\u1ec9: 08 &#8211; Ho\u00e0ng Qu\u1ed1c Vi\u1ec7t &#8211; Qu\u1eadn C\u1ea7u Gi\u1ea5y &#8211; H\u00e0 N\u1ed9i S\u1ed1 \u0111i\u1ec7n tho\u1ea1i th\u01b0\u1eddng tr\u1ef1c: 024.37565453 &#8211; 024.37911642 Fax: 024.38361556 Model ICS06S&nbsp;&#8211; M\u00e1y&nbsp;n\u00f3ng l\u1ea1nh ngu\u1ed9i ion ki\u1ec1m: Model ICS06NC T\u1ee7 3D V\u00f2i 1 [&hellip;]<\/p>\n","protected":false},"featured_media":184,"comment_status":"open","ping_status":"closed","template":"","meta":[],"product_brand":[],"product_cat":[45],"product_tag":[],"class_list":{"0":"post-183","1":"product","2":"type-product","3":"status-publish","4":"has-post-thumbnail","6":"product_cat-iclean-import","8":"first","9":"instock","10":"shipping-taxable","11":"purchasable","12":"product-type-simple"},"_links":{"self":[{"href":"https:\/\/mf260.techfindme.xyz\/index.php?rest_route=\/wp\/v2\/product\/183","targetHints":{"allow":["GET"]}}],"collection":[{"href":"https:\/\/mf260.techfindme.xyz\/index.php?rest_route=\/wp\/v2\/product"}],"about":[{"href":"https:\/\/mf260.techfindme.xyz\/index.php?rest_route=\/wp\/v2\/types\/product"}],"replies":[{"embeddable":true,"href":"https:\/\/mf260.techfindme.xyz\/index.php?rest_route=%2Fwp%2Fv2%2Fcomments&post=183"}],"wp:featuredmedia":[{"embeddable":true,"href":"https:\/\/mf260.techfindme.xyz\/index.php?rest_route=\/wp\/v2\/media\/184"}],"wp:attachment":[{"href":"https:\/\/mf260.techfindme.xyz\/index.php?rest_route=%2Fwp%2Fv2%2Fmedia&parent=183"}],"wp:term":[{"taxonomy":"product_brand","embeddable":true,"href":"https:\/\/mf260.techfindme.xyz\/index.php?rest_route=%2Fwp%2Fv2%2Fproduct_brand&post=183"},{"taxonomy":"product_cat","embeddable":true,"href":"https:\/\/mf260.techfindme.xyz\/index.php?rest_route=%2Fwp%2Fv2%2Fproduct_cat&post=183"},{"taxonomy":"product_tag","embeddable":true,"href":"https:\/\/mf260.techfindme.xyz\/index.php?rest_route=%2Fwp%2Fv2%2Fproduct_tag&post=183"}],"curies":[{"name":"wp","href":"https:\/\/api.w.org\/{rel}","templated":true}]}}